{"id":10227,"date":"2018-01-20T13:53:25","date_gmt":"2018-01-20T13:53:25","guid":{"rendered":"http:\/\/inserts.org.uk\/?page_id=10227"},"modified":"2018-10-25T19:07:50","modified_gmt":"2018-10-25T19:07:50","slug":"todas-las-contraportadas","status":"publish","type":"page","link":"https:\/\/inserts.org.uk\/index.php\/es\/albumes\/los-albumes-explicados\/todas-las-contraportadas\/","title":{"rendered":"Todas las contraportadas"},"content":{"rendered":"<p>La <strong>contraportada<\/strong> de cada \u00e1lbum de cada Serie de 18 a 31 y la Especial se muestra a continuaci\u00f3n. Notar que no exista un \u00e1lbum por las Series 32, 33, A, B y C.<\/p>\nngg_shortcode_0_placeholder\n<p><em>Clique&nbsp;<a href=\"http:\/\/inserts.org.uk\/index.php\/es\/albumes\/todos-los-albumes\/\"><strong>aqu\u00ed<\/strong><\/a> para ver todas las portadas.&nbsp;Clique&nbsp;<a href=\"http:\/\/inserts.org.uk\/index.php\/es\/las-series\/todas-las-series\/\"><strong>aqu\u00ed<\/strong><\/a> para aceder a una lista de todos los \u00e1lbumes.<\/em><\/p>\n<p>&nbsp;<\/p>\n","protected":false},"excerpt":{"rendered":"<p>La contraportada de cada \u00e1lbum de cada Serie de 18 a 31 y la Especial se muestra a continuaci\u00f3n. Notar que no exista un \u00e1lbum por las Series 32, 33, A, B y C. Clique&nbsp;aqu\u00ed para ver todas las portadas.&nbsp;Clique&nbsp;aqu\u00ed para aceder a una lista de todos los \u00e1lbumes. &nbsp; <a href=\"https:\/\/inserts.org.uk\/index.php\/es\/albumes\/los-albumes-explicados\/todas-las-contraportadas\/\" class=\"more-link\">Read more<i class=\"icon-arrow-line-right\"><\/i><\/a><\/p>\n","protected":false},"author":1,"featured_media":0,"parent":10347,"menu_order":2,"comment_status":"closed","ping_status":"closed","template":"","meta":{"ngg_post_thumbnail":0,"footnotes":""},"class_list":["post-10227","page","type-page","status-publish","hentry"],"_links":{"self":[{"href":"https:\/\/inserts.org.uk\/index.php\/wp-json\/wp\/v2\/pages\/10227","targetHints":{"allow":["GET"]}}],"collection":[{"href":"https:\/\/inserts.org.uk\/index.php\/wp-json\/wp\/v2\/pages"}],"about":[{"href":"https:\/\/inserts.org.uk\/index.php\/wp-json\/wp\/v2\/types\/page"}],"author":[{"embeddable":true,"href":"https:\/\/inserts.org.uk\/index.php\/wp-json\/wp\/v2\/users\/1"}],"replies":[{"embeddable":true,"href":"https:\/\/inserts.org.uk\/index.php\/wp-json\/wp\/v2\/comments?post=10227"}],"version-history":[{"count":6,"href":"https:\/\/inserts.org.uk\/index.php\/wp-json\/wp\/v2\/pages\/10227\/revisions"}],"predecessor-version":[{"id":29689,"href":"https:\/\/inserts.org.uk\/index.php\/wp-json\/wp\/v2\/pages\/10227\/revisions\/29689"}],"up":[{"embeddable":true,"href":"https:\/\/inserts.org.uk\/index.php\/wp-json\/wp\/v2\/pages\/10347"}],"wp:attachment":[{"href":"https:\/\/inserts.org.uk\/index.php\/wp-json\/wp\/v2\/media?parent=10227"}],"curies":[{"name":"wp","href":"https:\/\/api.w.org\/{rel}","templated":true}]}}