{"id":10337,"date":"2018-01-21T16:06:15","date_gmt":"2018-01-21T16:06:15","guid":{"rendered":"http:\/\/inserts.org.uk\/?page_id=10337"},"modified":"2020-02-17T22:59:59","modified_gmt":"2020-02-17T22:59:59","slug":"gremio-de-fabricantes-de-fosforos-de-espana-2","status":"publish","type":"page","link":"https:\/\/inserts.org.uk\/index.php\/es\/introduccion\/gremio-de-fabricantes-de-fosforos-de-espana-2\/","title":{"rendered":"Gremio de Fabricantes de F\u00f3sforos de Espa\u00f1a"},"content":{"rendered":"<figure id=\"attachment_10513\" class=\"alignright fixed\" style=\"width: 404px;\"><a class=\"zoom-hover fb\" data-fancybox-group=\"post-10337\" data-fancybox-title=\"Etiqueta interior\" href=\"http:\/\/inserts.org.uk\/wp-content\/uploads\/2018\/01\/Inside-label-ley-1.jpg\"><img loading=\"lazy\" decoding=\"async\" class=\" wp-image-10513\" src=\"http:\/\/inserts.org.uk\/wp-content\/uploads\/2018\/01\/Inside-label-ley-1.jpg\" alt=\"\" width=\"404\" height=\"237\" srcset=\"https:\/\/inserts.org.uk\/wp-content\/uploads\/2018\/01\/Inside-label-ley-1.jpg 718w, https:\/\/inserts.org.uk\/wp-content\/uploads\/2018\/01\/Inside-label-ley-1-300x176.jpg 300w, https:\/\/inserts.org.uk\/wp-content\/uploads\/2018\/01\/Inside-label-ley-1-102x60.jpg 102w, https:\/\/inserts.org.uk\/wp-content\/uploads\/2018\/01\/Inside-label-ley-1-56x33.jpg 56w, https:\/\/inserts.org.uk\/wp-content\/uploads\/2018\/01\/Inside-label-ley-1-535x314.jpg 535w, https:\/\/inserts.org.uk\/wp-content\/uploads\/2018\/01\/Inside-label-ley-1-350x205.jpg 350w, https:\/\/inserts.org.uk\/wp-content\/uploads\/2018\/01\/Inside-label-ley-1-258x151.jpg 258w, https:\/\/inserts.org.uk\/wp-content\/uploads\/2018\/01\/Inside-label-ley-1-112x66.jpg 112w\" sizes=\"auto, (max-width: 404px) 100vw, 404px\" \/><\/a><figcaption>Etiqueta interior<\/figcaption><\/figure>\n<p class=\"tw-data-text tw-ta tw-text-small\" dir=\"ltr\" data-placeholder=\"Translation\"><span lang=\"es\">En 1892 el Gobierno Espa\u00f1ol decidi\u00f3 establecer un monopolio controlado por el estado para la fabricaci\u00f3n y venta de cerillas y cajas de cerillas, y pasaron una ley fechada el d\u00cda 30 de Junio de 1892 se\u00f1alando que :&nbsp;<\/span><\/p>\n<ul>\n<li class=\"tw-data-text tw-ta tw-text-small\" dir=\"ltr\" data-placeholder=\"Translation\"><em><span lang=\"es\">&#8220;La facbricaci\u00f3n y venta de las cerillas fosf\u00f3ricas y toda clases de f\u00f3sforos constituir\u00e1n desde el 1\u00ba de Julio de 1892 un monopolio del Estado, quedando prohibida igual fecha la importaci\u00f3n de dichos art\u00edculos. El gobierno de S. M. podr\u00e1 contratar y celebrar conciertos o encabezamientos con los fabricantes que al efecto se constituyan en gremio para el aprovechamiento del mencionado monopolio por el tipo m\u00ednimo de cuatro milliones de pesetas al a\u00f1o, l\u00edquidas para el Tesoro y por el plazo m\u00e1ximo de quince a\u00f1os &#8230;.&#8221;&nbsp;<\/span><\/em><\/li>\n<\/ul>\n<figure id=\"attachment_10589\" class=\"alignleft fixed\" style=\"width: 362px;\"><a class=\"zoom-hover fb\" data-fancybox-group=\"post-10337\" data-fancybox-title=\"Etiqueta del Gremio, dos laterales y fondo\" href=\"http:\/\/inserts.org.uk\/wp-content\/uploads\/2018\/01\/artb.jpg\"><img loading=\"lazy\" decoding=\"async\" class=\" wp-image-10589\" src=\"http:\/\/inserts.org.uk\/wp-content\/uploads\/2018\/01\/artb.jpg\" alt=\"\" width=\"362\" height=\"307\" srcset=\"https:\/\/inserts.org.uk\/wp-content\/uploads\/2018\/01\/artb.jpg 795w, https:\/\/inserts.org.uk\/wp-content\/uploads\/2018\/01\/artb-300x254.jpg 300w, https:\/\/inserts.org.uk\/wp-content\/uploads\/2018\/01\/artb-768x651.jpg 768w, https:\/\/inserts.org.uk\/wp-content\/uploads\/2018\/01\/artb-71x60.jpg 71w, https:\/\/inserts.org.uk\/wp-content\/uploads\/2018\/01\/artb-56x47.jpg 56w, https:\/\/inserts.org.uk\/wp-content\/uploads\/2018\/01\/artb-535x454.jpg 535w, https:\/\/inserts.org.uk\/wp-content\/uploads\/2018\/01\/artb-350x297.jpg 350w, https:\/\/inserts.org.uk\/wp-content\/uploads\/2018\/01\/artb-258x219.jpg 258w, https:\/\/inserts.org.uk\/wp-content\/uploads\/2018\/01\/artb-112x95.jpg 112w\" sizes=\"auto, (max-width: 362px) 100vw, 362px\" \/><\/a><figcaption>Etiqueta del Gremio, dos laterales y fondo<\/figcaption><\/figure>\n<p class=\"tw-data-text tw-ta tw-text-small\" dir=\"ltr\" data-placeholder=\"Translation\"><span lang=\"es\">A partir de esta fecha, la fabricaci\u00f3n de cerillas fosf\u00f3ricas y toda clase de f\u00f3sforos fue controlada por el <strong>Gremio de Fabricantes de F\u00f3sforos de Espa\u00f1a<\/strong>, cuyos directores fueron: Ricardo Roca, Santiago Lalanne, Luis Moreder, Marcelino San Rom\u00e1n y Miguel Mar\u00eda Guelbenzu.&nbsp;<\/span><span lang=\"es\">El texto &#8220;Gremio de Fabricantes de F\u00f3sforos de Espa\u00f1a&#8221; apareci\u00f3 en las cajas y tambi\u00e9n sali\u00f3 el nombre de la f\u00e1brica individual.&nbsp;Es importante destacar que esta ley trat\u00f3 de garantizar que no habr\u00eda competencia de productos extranjeros m\u00e1s baratos.<\/span><\/p>\n<p id=\"tw-target-text\" class=\"tw-data-text tw-ta tw-text-small\" dir=\"ltr\" data-placeholder=\"Translation\"><span lang=\"es\">Se firm\u00f3 otro contrato el d\u00eda 22 de diciembre de 1892 que otorg\u00f3 a la &#8220;Compa\u00f1\u00eda de cerillas y f\u00f3sforos&#8221; el derecho exclusivo de la venta en todas las provincias de Espa\u00f1a e Islas Baleares de las cerillas fosf\u00f3ricas y toda clase de f\u00f3sforos, hasta el d\u00eda 14 de febrero de 1908.<\/span><\/p>\n<p class=\"tw-data-text tw-ta tw-text-small\" dir=\"ltr\" data-placeholder=\"Translation\"><span lang=\"es\">Bajo el Gremio el n\u00famero de f\u00e1bricas de cerillas se redujo&nbsp;<\/span><span lang=\"es\">gradualmente,&nbsp;<\/span><span lang=\"es\">a aproximadamente 55, y se produjeron solo tres tipos de cajas de cerillas:<\/span><\/p>\n<p dir=\"ltr\" data-placeholder=\"Translation\"><div id='wpt-table-1776297206406' class=''><\/div><script type='text\/javascript'>(function() {function createTable() {if (window.wpt) {window.wpt.createTable({\"_id_div\":\"wpt-table-1776297206406\",\"_ctrl_url\":\"https:\\\/\\\/inserts.org.uk\\\/wp-admin\\\/admin-ajax.php?action=wpt_load_data&amp;table=10503&amp;_wpnonce=5f6c43d7c2\",\"width\":\"100%\",\"height\":null,\"sorting\":false,\"selecting\":true,\"heading\":true,\"paging\":false,\"pageSize\":\"20\",\"autoload\":true,\"fields\":[{\"name\":\"f0\",\"title\":\"ID\",\"type\":\"number\",\"visible\":true,\"width\":\"4\",\"align\":\"center\",\"format\":\"0,0\",\"currency_symbol\":\"\"},{\"name\":\"f1\",\"title\":\"Descripci\\u00f3n\",\"type\":\"text\",\"visible\":true,\"width\":\"40\",\"align\":\"center\",\"format\":\"\",\"currency_symbol\":\"\"},{\"name\":\"f2\",\"title\":\"Precio de venta\",\"type\":\"text\",\"visible\":true,\"width\":\"4\",\"align\":\"center\",\"format\":\"\",\"currency_symbol\":\"\"},{\"name\":\"f3\",\"title\":\"Ejemplo\",\"type\":\"text\",\"visible\":true,\"width\":\"40\",\"align\":\"center\",\"format\":\"\",\"currency_symbol\":\"\"}]});} else {setTimeout(createTable, 100);}}createTable();})();<\/script><\/p>\n<p class=\"tw-data-text tw-ta tw-text-small\" dir=\"ltr\" data-placeholder=\"Translation\"><span lang=\"es\">En 1897, el Gremio necesitaba recaudar m\u00e1s ingresos para el Tesoro P\u00fablico y decidi\u00f3 incluir cartulinas coleccionables (es decir, <strong>las&nbsp;Fototipias<\/strong>) en las <a href=\"http:\/\/inserts.org.uk\/index.php\/es\/introduccion\/cajas-de-cerillas\/\"><strong>cajas de gomitas<\/strong><\/a>,&nbsp;<\/span><span lang=\"es\">similares a los <strong><a href=\"http:\/\/inserts.org.uk\/index.php\/es\/otros-cromos-y-fototipias\/\">cromos<\/a><\/strong> que se pueden encontrar en papeles<\/span><span lang=\"es\"> de fumar y paquetes de tabaco.&nbsp;Esperaron que eso generar\u00eda inter\u00e9s y atraer\u00eda a los coleccionistas y, por lo tanto, vender\u00edan m\u00e1s cajas de cerillas, y ciertamente parec\u00eda que funcion\u00f3 muy bien.<\/span><\/p>\n<p>El contrato con el Gremio finaliz\u00f3 en 1908, y esto coincide con la disminuci\u00f3n de las Fototipias. <em>Clicar&nbsp;<a href=\"http:\/\/inserts.org.uk\/index.php\/es\/introduccion\/historia-de-la-industria-cerilleria-espanola\/\"><strong>aqu\u00ed<\/strong><\/a> para aceder una breve historia de toda la industria cerilleria Espa\u00f1ola.<\/em><\/p>\n<p>&nbsp;<\/p>\n","protected":false},"excerpt":{"rendered":"<p>En 1892 el Gobierno Espa\u00f1ol decidi\u00f3 establecer un monopolio controlado por el estado para la fabricaci\u00f3n y venta de cerillas y cajas de cerillas, y pasaron una ley fechada el d\u00cda 30 de Junio de 1892 se\u00f1alando que :&nbsp; &#8220;La facbricaci\u00f3n y venta de las cerillas fosf\u00f3ricas y toda clases de f\u00f3sforos constituir\u00e1n desde el [&hellip;] <a href=\"https:\/\/inserts.org.uk\/index.php\/es\/introduccion\/gremio-de-fabricantes-de-fosforos-de-espana-2\/\" class=\"more-link\">Read more<i class=\"icon-arrow-line-right\"><\/i><\/a><\/p>\n","protected":false},"author":1,"featured_media":0,"parent":11197,"menu_order":3,"comment_status":"closed","ping_status":"closed","template":"","meta":{"ngg_post_thumbnail":0,"footnotes":""},"class_list":["post-10337","page","type-page","status-publish","hentry"],"_links":{"self":[{"href":"https:\/\/inserts.org.uk\/index.php\/wp-json\/wp\/v2\/pages\/10337","targetHints":{"allow":["GET"]}}],"collection":[{"href":"https:\/\/inserts.org.uk\/index.php\/wp-json\/wp\/v2\/pages"}],"about":[{"href":"https:\/\/inserts.org.uk\/index.php\/wp-json\/wp\/v2\/types\/page"}],"author":[{"embeddable":true,"href":"https:\/\/inserts.org.uk\/index.php\/wp-json\/wp\/v2\/users\/1"}],"replies":[{"embeddable":true,"href":"https:\/\/inserts.org.uk\/index.php\/wp-json\/wp\/v2\/comments?post=10337"}],"version-history":[{"count":40,"href":"https:\/\/inserts.org.uk\/index.php\/wp-json\/wp\/v2\/pages\/10337\/revisions"}],"predecessor-version":[{"id":29329,"href":"https:\/\/inserts.org.uk\/index.php\/wp-json\/wp\/v2\/pages\/10337\/revisions\/29329"}],"up":[{"embeddable":true,"href":"https:\/\/inserts.org.uk\/index.php\/wp-json\/wp\/v2\/pages\/11197"}],"wp:attachment":[{"href":"https:\/\/inserts.org.uk\/index.php\/wp-json\/wp\/v2\/media?parent=10337"}],"curies":[{"name":"wp","href":"https:\/\/api.w.org\/{rel}","templated":true}]}}