{"id":10609,"date":"2018-01-25T13:39:07","date_gmt":"2018-01-25T13:39:07","guid":{"rendered":"http:\/\/inserts.org.uk\/?page_id=10609"},"modified":"2019-07-15T16:54:51","modified_gmt":"2019-07-15T16:54:51","slug":"las-series-explicadas","status":"publish","type":"page","link":"https:\/\/inserts.org.uk\/index.php\/es\/las-series\/las-series-explicadas\/","title":{"rendered":"Las Series explicadas"},"content":{"rendered":"<p class=\"tw-data-text tw-ta tw-text-small\" dir=\"ltr\" data-placeholder=\"Translation\"><span lang=\"es\">En total, el <strong><a href=\"http:\/\/inserts.org.uk\/index.php\/es\/gremio-de-fabricantes-de-fosforos-de-espana-2\/\">Gremio<\/a><\/strong> emiti\u00f3 un total de 37 Series diferentes de Fototipias entre 1897 y 1910.&nbsp;Las Series est\u00e1n numeradas individualmente de 1 a 33, luego la A, B, C y la Serie Especial.<\/span><\/p>\n<p class=\"tw-data-text tw-ta tw-text-small\" dir=\"ltr\" data-placeholder=\"Translation\"><span lang=\"es\">Cada Serie tiene un \u00fanico tema (por ejemplo, Actrices, Pol\u00edticos, Realeza, Poetas, Pintores, Toreros) y las Fototipias muestran im\u00e1genes o dibujos de sujetos del tema.&nbsp;<\/span><span lang=\"es\">&nbsp;<\/span><em>Clique&nbsp;<a href=\"http:\/\/inserts.org.uk\/index.php\/es\/las-series\/todas-las-series\/\"><strong>aqu\u00ed<\/strong><\/a>&nbsp;para aceder una lista de todas las Series.<\/em><\/p>\n<h2><strong>N\u00daMEROS DE LAS SERIES<\/strong><\/h2>\n<figure id=\"attachment_10953\" class=\"alignright fixed\" style=\"width: 500px;\"><a class=\"zoom-hover fb\" data-fancybox-group=\"post-10609\" data-fancybox-title=\"Ejemplos de identificaci\u00f3n\" href=\"http:\/\/inserts.org.uk\/wp-content\/uploads\/2018\/01\/Series-numbering-1.jpg\"><img loading=\"lazy\" decoding=\"async\" class=\"wp-image-10953\" src=\"http:\/\/inserts.org.uk\/wp-content\/uploads\/2018\/01\/Series-numbering-1.jpg\" alt=\"\" width=\"500\" height=\"230\" srcset=\"https:\/\/inserts.org.uk\/wp-content\/uploads\/2018\/01\/Series-numbering-1.jpg 1251w, https:\/\/inserts.org.uk\/wp-content\/uploads\/2018\/01\/Series-numbering-1-300x138.jpg 300w, https:\/\/inserts.org.uk\/wp-content\/uploads\/2018\/01\/Series-numbering-1-768x354.jpg 768w, https:\/\/inserts.org.uk\/wp-content\/uploads\/2018\/01\/Series-numbering-1-1024x471.jpg 1024w, https:\/\/inserts.org.uk\/wp-content\/uploads\/2018\/01\/Series-numbering-1-130x60.jpg 130w, https:\/\/inserts.org.uk\/wp-content\/uploads\/2018\/01\/Series-numbering-1-56x26.jpg 56w, https:\/\/inserts.org.uk\/wp-content\/uploads\/2018\/01\/Series-numbering-1-1090x502.jpg 1090w, https:\/\/inserts.org.uk\/wp-content\/uploads\/2018\/01\/Series-numbering-1-535x246.jpg 535w, https:\/\/inserts.org.uk\/wp-content\/uploads\/2018\/01\/Series-numbering-1-350x161.jpg 350w, https:\/\/inserts.org.uk\/wp-content\/uploads\/2018\/01\/Series-numbering-1-258x119.jpg 258w, https:\/\/inserts.org.uk\/wp-content\/uploads\/2018\/01\/Series-numbering-1-1140x525.jpg 1140w, https:\/\/inserts.org.uk\/wp-content\/uploads\/2018\/01\/Series-numbering-1-112x52.jpg 112w\" sizes=\"auto, (max-width: 500px) 100vw, 500px\" \/><\/a><figcaption>Ejemplos de identificaci\u00f3n<\/figcaption><\/figure>\n<p>El identificador de la Serie (1-33, A, B, C, Especial) se puede encontrar en la parte superior de cada Fototipia junto con el n\u00famero de la misma Fototipia.&nbsp;<\/p>\n<p id=\"tw-target-text\" class=\"tw-data-text tw-ta tw-text-small\" dir=\"ltr\" data-placeholder=\"Translation\"><span lang=\"es\">Hay tres excepciones a esto: las Series 29, 30 y Especial no tienen numeraci\u00f3n en el frente porque est\u00e1 en el dorso de la Fototipia.<\/span><\/p>\n<p>En algunos casos, la palabra &#8216;Serie&#8217; est\u00e1 escrita en su totalidad y en otros se abrevia &#8216;Se&#8217; (&#8216;SE&#8217;) o &#8216;Sie&#8217; (&#8216;SiE&#8217;).&nbsp;<\/p>\n<ul>\n<li>El n\u00famero de Serie para la Serie 7, la Serie 9 y la Serie 15 aparece con una letra may\u00fascula despu\u00e9s del n\u00famero de Serie y ligeramente elevada en relaci\u00f3n con ese n\u00famero<\/li>\n<li>El n\u00famero de serie para la Serie 4, la Serie 6 y la Serie 8 tiene una letra &#8220;a&#8221; en min\u00fascula despu\u00e9s del n\u00famero de Serie. Estas letras &#8220;a&#8221; son, sin embargo, casi imperceptibles<\/li>\n<\/ul>\n<h2 id=\"tw-target-text\" class=\"tw-data-text tw-ta tw-text-medium\" dir=\"ltr\" data-placeholder=\"Translation\"><span lang=\"es\">EL SIGNIFICADO DE LA SERIE 18<\/span><\/h2>\n<p class=\"tw-data-text tw-ta tw-text-small\" dir=\"ltr\" data-placeholder=\"Translation\"><span lang=\"es\">En 1900, el Gremio hab\u00eda emitido 15 Series de Fototipias, incluidas cinco variaciones de <a href=\"http:\/\/inserts.org.uk\/index.php\/es\/las-series\/las-series-explicadas\/variantes\/serie-15-variantes\/\"><strong>color diferentes de la Serie 15<\/strong><\/a>.&nbsp;Sin embargo, el p\u00fablico se irritaba con las repeticiones de la Serie 15 y exig\u00eda nuevas Series. Tambi\u00e9n el Gremio dio cuenta de que el dinero de las ventas de las <strong><a href=\"http:\/\/inserts.org.uk\/index.php\/es\/albumes\/serie-1-a-16-laminas\/\">laminas para coleccionistas<\/a><\/strong> iba a parar a los bolsillos de los <a href=\"http:\/\/inserts.org.uk\/index.php\/es\/albumes\/los-artistas\/\"><strong>Artistas<\/strong><\/a>.&nbsp;<\/span><span lang=\"es\">Esto le llev\u00f3 a tomar dos decisiones importantes :<\/span><\/p>\n<ol>\n<li dir=\"ltr\" data-placeholder=\"Translation\">para encargar inmediatamente las Series 16 y 17 de las Fototipias<\/li>\n<li dir=\"ltr\" data-placeholder=\"Translation\">para&nbsp;encargar \u00e1lbumes de coleccionistas para la Serie 18 en adelante, cuyas ventas ser\u00edan controladas directamente por el Gremio<\/li>\n<\/ol>\n<figure id=\"attachment_10963\" class=\"alignleft fixed\" style=\"width: 324px;\"><a class=\"zoom-hover fb\" data-fancybox-group=\"post-10609\" data-fancybox-title=\"Serie 18 \u00e1lbum, l\u00e1mina 1\" href=\"http:\/\/inserts.org.uk\/wp-content\/uploads\/2018\/01\/Series-18-album-page-1.jpg\"><img loading=\"lazy\" decoding=\"async\" class=\"wp-image-10963\" src=\"http:\/\/inserts.org.uk\/wp-content\/uploads\/2018\/01\/Series-18-album-page-1.jpg\" alt=\"\" width=\"324\" height=\"236\" srcset=\"https:\/\/inserts.org.uk\/wp-content\/uploads\/2018\/01\/Series-18-album-page-1.jpg 3504w, https:\/\/inserts.org.uk\/wp-content\/uploads\/2018\/01\/Series-18-album-page-1-300x218.jpg 300w, https:\/\/inserts.org.uk\/wp-content\/uploads\/2018\/01\/Series-18-album-page-1-768x559.jpg 768w, https:\/\/inserts.org.uk\/wp-content\/uploads\/2018\/01\/Series-18-album-page-1-1024x745.jpg 1024w, https:\/\/inserts.org.uk\/wp-content\/uploads\/2018\/01\/Series-18-album-page-1-82x60.jpg 82w, https:\/\/inserts.org.uk\/wp-content\/uploads\/2018\/01\/Series-18-album-page-1-56x41.jpg 56w, https:\/\/inserts.org.uk\/wp-content\/uploads\/2018\/01\/Series-18-album-page-1-1090x793.jpg 1090w, https:\/\/inserts.org.uk\/wp-content\/uploads\/2018\/01\/Series-18-album-page-1-535x389.jpg 535w, https:\/\/inserts.org.uk\/wp-content\/uploads\/2018\/01\/Series-18-album-page-1-350x255.jpg 350w, https:\/\/inserts.org.uk\/wp-content\/uploads\/2018\/01\/Series-18-album-page-1-258x188.jpg 258w, https:\/\/inserts.org.uk\/wp-content\/uploads\/2018\/01\/Series-18-album-page-1-1140x830.jpg 1140w, https:\/\/inserts.org.uk\/wp-content\/uploads\/2018\/01\/Series-18-album-page-1-1920x1397.jpg 1920w, https:\/\/inserts.org.uk\/wp-content\/uploads\/2018\/01\/Series-18-album-page-1-112x82.jpg 112w\" sizes=\"auto, (max-width: 324px) 100vw, 324px\" \/><\/a><figcaption>Serie 18 \u00e1lbum, l\u00e1mina 1<\/figcaption><\/figure>\n<p id=\"tw-target-text\" class=\"tw-data-text tw-ta tw-text-small\" dir=\"ltr\" data-placeholder=\"Translation\"><span lang=\"es\">Esto explica por qu\u00e9 las l\u00e1minas para coleccionistas se detuvieron y los <strong><a href=\"http:\/\/inserts.org.uk\/index.php\/es\/albumes\/serie-18-a-31-albumes\/\">\u00e1lbumes<\/a><\/strong> comenzaron, y probablemente explica por qu\u00e9 no se produjeron l\u00e1minas para coleccionistas para la Serie 17.&nbsp;Esta es tambi\u00e9n la raz\u00f3n por la que mostramos las Fototipias en tres grupos : <strong><a href=\"http:\/\/inserts.org.uk\/index.php\/es\/las-series\/serie-1-a-17-fototipias\/\">Serie 1 a 17<\/a>, <a href=\"http:\/\/inserts.org.uk\/index.php\/es\/las-series\/serie-18-a-c-fototipias\/\">Serie 18 a 33<\/a><\/strong> y <a href=\"http:\/\/inserts.org.uk\/index.php\/es\/serie-a-b-c-y-especial\/\"><strong>Serie A, B, C y Especial<\/strong><\/a>.<\/span><\/p>\n<p class=\"tw-data-text tw-ta tw-text-small\" dir=\"ltr\" data-placeholder=\"Translation\"><span lang=\"es\">El \u00e1lbum para la <strong><a href=\"http:\/\/inserts.org.uk\/index.php\/es\/las-series\/serie-18-a-c-fototipias\/serie-18-grandes-guerreros\/\">Serie 18<\/a><\/strong> fue la primera vez que se public\u00f3 el t\u00edtulo de una Serie : &#8220;Grandes Guerreros de la Historia&#8221;.&nbsp;<\/span><\/p>\n<p id=\"tw-target-text\" class=\"tw-data-text tw-ta tw-text-small\" dir=\"ltr\" data-placeholder=\"Translation\"><span lang=\"es\">Ninguna de las l\u00e1minas para coleccionistas ten\u00eda t\u00edtulos, por lo que no hay t\u00edtulos &#8220;oficiales&#8221; para las Series 1 a 17.<\/span><\/p>\n<h2><strong>T\u00cdTULOS DE LAS SERIES<\/strong><\/h2>\n<figure id=\"attachment_10221\" class=\"alignright fixed\" style=\"width: 331px;\"><a class=\"zoom-hover fb\" data-fancybox-group=\"post-10609\" data-fancybox-title=\"Serie 31 \u00e1lbum, contraportada\" href=\"http:\/\/inserts.org.uk\/wp-content\/uploads\/2018\/01\/Series-31-album-rear.jpg\"><img loading=\"lazy\" decoding=\"async\" class=\"wp-image-10221\" src=\"http:\/\/inserts.org.uk\/wp-content\/uploads\/2018\/01\/Series-31-album-rear.jpg\" alt=\"\" width=\"331\" height=\"241\" srcset=\"https:\/\/inserts.org.uk\/wp-content\/uploads\/2018\/01\/Series-31-album-rear.jpg 3504w, https:\/\/inserts.org.uk\/wp-content\/uploads\/2018\/01\/Series-31-album-rear-300x218.jpg 300w, https:\/\/inserts.org.uk\/wp-content\/uploads\/2018\/01\/Series-31-album-rear-768x559.jpg 768w, https:\/\/inserts.org.uk\/wp-content\/uploads\/2018\/01\/Series-31-album-rear-1024x745.jpg 1024w, https:\/\/inserts.org.uk\/wp-content\/uploads\/2018\/01\/Series-31-album-rear-82x60.jpg 82w, https:\/\/inserts.org.uk\/wp-content\/uploads\/2018\/01\/Series-31-album-rear-56x41.jpg 56w, https:\/\/inserts.org.uk\/wp-content\/uploads\/2018\/01\/Series-31-album-rear-1090x793.jpg 1090w, https:\/\/inserts.org.uk\/wp-content\/uploads\/2018\/01\/Series-31-album-rear-535x389.jpg 535w, https:\/\/inserts.org.uk\/wp-content\/uploads\/2018\/01\/Series-31-album-rear-350x255.jpg 350w, https:\/\/inserts.org.uk\/wp-content\/uploads\/2018\/01\/Series-31-album-rear-258x188.jpg 258w, https:\/\/inserts.org.uk\/wp-content\/uploads\/2018\/01\/Series-31-album-rear-1140x830.jpg 1140w, https:\/\/inserts.org.uk\/wp-content\/uploads\/2018\/01\/Series-31-album-rear-1920x1397.jpg 1920w, https:\/\/inserts.org.uk\/wp-content\/uploads\/2018\/01\/Series-31-album-rear-112x82.jpg 112w\" sizes=\"auto, (max-width: 331px) 100vw, 331px\" \/><\/a><figcaption>Serie 31 \u00e1lbum, contraportada<\/figcaption><\/figure>\n<p id=\"tw-target-text\" class=\"tw-data-text tw-ta tw-text-small\" dir=\"ltr\" data-placeholder=\"Translation\"><span lang=\"es\">La contraportada de cada \u00e1lbum enumeraba los t\u00edtulos de cada Serie disponible hasta el momento, y en ocasiones anunciaba la pr\u00f3xima Serie.&nbsp;<em>Clique&nbsp;<a href=\"http:\/\/inserts.org.uk\/index.php\/es\/albumes\/todas-las-contraportadas\/\"><strong>aqu\u00ed<\/strong><\/a>&nbsp;para ver las contraportadas de todos los \u00e1lbumes.<\/em><\/span><\/p>\n<p id=\"tw-target-text\" class=\"tw-data-text tw-ta tw-text-small\" dir=\"ltr\" data-placeholder=\"Translation\"><span lang=\"es\">El \u00e1lbum para la Serie 31 fue el \u00faltimo publicado, probablemente en 1908, y nos brinda la lista m\u00e1s completa de todos los t\u00edtulos &#8216;oficiales&#8217; de las Series con el precio de compra de cada \u00e1lbum, como se muestra en la tabla a continuaci\u00f3n.<\/span><\/p>\n<div id='wpt-table-1777038679891' class=''><\/div><script type='text\/javascript'>(function() {function createTable() {if (window.wpt) {window.wpt.createTable({\"_id_div\":\"wpt-table-1777038679891\",\"_ctrl_url\":\"https:\\\/\\\/inserts.org.uk\\\/wp-admin\\\/admin-ajax.php?action=wpt_load_data&amp;table=7167&amp;_wpnonce=8d0fb28778\",\"width\":\"100%\",\"height\":null,\"sorting\":false,\"selecting\":false,\"heading\":true,\"paging\":true,\"pageSize\":\"20\",\"autoload\":true,\"fields\":[{\"name\":\"f0\",\"title\":\"Serie\",\"type\":\"text\",\"visible\":true,\"width\":\"15\",\"align\":\"center\",\"format\":\"\",\"currency_symbol\":\"\"},{\"name\":\"f1\",\"title\":\"T\\u00edtulo\",\"type\":\"text\",\"visible\":true,\"width\":\"50\",\"align\":\"center\",\"format\":\"\",\"currency_symbol\":\"\"},{\"name\":\"f2\",\"title\":\"Precio de compra\",\"type\":\"text\",\"visible\":true,\"width\":\"30\",\"align\":\"center\",\"format\":\"\",\"currency_symbol\":\"\"}]});} else {setTimeout(createTable, 100);}}createTable();})();<\/script>\n<p>Las Series 32, 33, A, B y C no ten\u00edan \u00e1lbumes, por lo que una vez m\u00e1s no hay t\u00edtulos &#8220;oficiales&#8221; para estas Series.&nbsp;Sin embargo, en funci\u00f3n de los temas que se muestran en las Fototipias, le hemos dado a cada Serie un t\u00edtulo como se muestra <strong><a href=\"http:\/\/inserts.org.uk\/index.php\/es\/las-series\/todas-las-series\/\">aqu\u00ed<\/a><\/strong>.<\/p>\n<ul>\n<li id=\"tw-target-text\" class=\"tw-data-text tw-ta tw-text-small\" dir=\"ltr\" data-placeholder=\"Translation\"><span lang=\"es\">Notar que para la Serie 31, los &#8220;Sitios&#8221; en el t\u00edtulo fue un famoso asedio en la historia de Espa\u00f1a que tuvo lugar durante la &#8220;Guerra de la Independencia&#8221;. La fecha del asedio, el 2 de mayo de 1808, est\u00e1 conectada y, por lo tanto, se cree que esta Serie se emiti\u00f3 en 1908<\/span><\/li>\n<li class=\"tw-data-text tw-ta tw-text-small\" dir=\"ltr\" data-placeholder=\"Translation\"><span lang=\"es\">Tambi\u00e9n, la Serie Especial se refiere a Don Quijote, publicado trescientos a\u00f1os antes que la misma Serie, en 1604<\/span><\/li>\n<\/ul>\n<h2 class=\"title entry-title\">INDICES DE COLECCI\u00d3N<\/h2>\n<p>Las Series 15, 16 y 17 ten\u00edan cartulinas marcadas como&nbsp;\u201cIndice de la colecci\u00f3n\u201d&nbsp;<span lang=\"es\">que fueron dise\u00f1adas para ayudar al coleccionista a mantener una nota de las Fototipias que hab\u00edan coleccionado.&nbsp;<em>Clique&nbsp;<a href=\"http:\/\/inserts.org.uk\/index.php\/es\/las-series\/indices-de-coleccion\/\"><strong>aqu\u00ed<\/strong><\/a>&nbsp;para ver las Indices de Colecci\u00f3n.<\/em><\/span><\/p>\n<h2 class=\"title entry-title\">VARIANTES<\/h2>\n<p class=\"title entry-title\">Existen una cantidad de Fototipias estra\u00f1as, que son variaciones de las Fototipias normales.&nbsp;<span lang=\"es\"><em>Clique&nbsp;<a href=\"http:\/\/inserts.org.uk\/index.php\/es\/las-series\/variantes\/\"><strong>aqu\u00ed<\/strong><\/a>&nbsp;para ver las Variantes.<\/em><\/span><\/p>\n<h2 class=\"title entry-title\">HOJAS DE IMPRENTA<\/h2>\n<p class=\"title entry-title\">Las Fototipias fueron cortadas individualmente de grandes hojas de cart\u00f3n.&nbsp;<span lang=\"es\"><em>Clique&nbsp;<a href=\"http:\/\/inserts.org.uk\/index.php\/es\/las-series\/hojas-de-imprenta\/\"><strong>aqu\u00ed<\/strong><\/a>&nbsp;para ver unas Hojas de Imprenta.<\/em><\/span><\/p>\n<h2 class=\"title entry-title\">LAS ACTRICES<\/h2>\n<p>Conocidas actrices de te\u00e1tro y de cine (mudo) aparecieron en la Serie 1 a la 8 y luego en la Serie 13 y 15. Ellas eran t\u00edpicamente artistas de music-hall \/ vodevil que cantaban, bailaban y actuaban.&nbsp;<\/p>\n<p><em>Clicar <a href=\"http:\/\/inserts.org.uk\/index.php\/es\/las-series\/las-series-explicadas\/las-grandes-actrices\/\"><strong>aqu\u00ed<\/strong><\/a> para aceder m\u00e1s informaci\u00f3n sobre las actrices.<\/em><\/p>\n","protected":false},"excerpt":{"rendered":"<p>En total, el Gremio emiti\u00f3 un total de 37 Series diferentes de Fototipias entre 1897 y 1910.&nbsp;Las Series est\u00e1n numeradas individualmente de 1 a 33, luego la A, B, C y la Serie Especial. Cada Serie tiene un \u00fanico tema (por ejemplo, Actrices, Pol\u00edticos, Realeza, Poetas, Pintores, Toreros) y las Fototipias muestran im\u00e1genes o dibujos [&hellip;] <a href=\"https:\/\/inserts.org.uk\/index.php\/es\/las-series\/las-series-explicadas\/\" class=\"more-link\">Read more<i class=\"icon-arrow-line-right\"><\/i><\/a><\/p>\n","protected":false},"author":1,"featured_media":0,"parent":3285,"menu_order":1,"comment_status":"closed","ping_status":"closed","template":"","meta":{"ngg_post_thumbnail":0,"footnotes":""},"class_list":["post-10609","page","type-page","status-publish","hentry"],"_links":{"self":[{"href":"https:\/\/inserts.org.uk\/index.php\/wp-json\/wp\/v2\/pages\/10609","targetHints":{"allow":["GET"]}}],"collection":[{"href":"https:\/\/inserts.org.uk\/index.php\/wp-json\/wp\/v2\/pages"}],"about":[{"href":"https:\/\/inserts.org.uk\/index.php\/wp-json\/wp\/v2\/types\/page"}],"author":[{"embeddable":true,"href":"https:\/\/inserts.org.uk\/index.php\/wp-json\/wp\/v2\/users\/1"}],"replies":[{"embeddable":true,"href":"https:\/\/inserts.org.uk\/index.php\/wp-json\/wp\/v2\/comments?post=10609"}],"version-history":[{"count":38,"href":"https:\/\/inserts.org.uk\/index.php\/wp-json\/wp\/v2\/pages\/10609\/revisions"}],"predecessor-version":[{"id":30078,"href":"https:\/\/inserts.org.uk\/index.php\/wp-json\/wp\/v2\/pages\/10609\/revisions\/30078"}],"up":[{"embeddable":true,"href":"https:\/\/inserts.org.uk\/index.php\/wp-json\/wp\/v2\/pages\/3285"}],"wp:attachment":[{"href":"https:\/\/inserts.org.uk\/index.php\/wp-json\/wp\/v2\/media?parent=10609"}],"curies":[{"name":"wp","href":"https:\/\/api.w.org\/{rel}","templated":true}]}}