{"id":10931,"date":"2018-01-30T11:48:56","date_gmt":"2018-01-30T11:48:56","guid":{"rendered":"http:\/\/inserts.org.uk\/?page_id=10931"},"modified":"2018-10-12T14:01:13","modified_gmt":"2018-10-12T14:01:13","slug":"other-types-of-inserts","status":"publish","type":"page","link":"https:\/\/inserts.org.uk\/index.php\/introduction\/other-types-of-inserts\/","title":{"rendered":"Other types of Inserts"},"content":{"rendered":"<p>Matchboxes were not the only objects which contained Inserts. Cigarette papers, tobacco packets, tobacco kiosks, champagne and others also used collectable cards at the start of the 20th Century. Shown below are some examples of collectable cards from Spain.<\/p>\nngg_shortcode_0_placeholder\n<p>In 1929, for the <strong>Exposici\u00f3n General Espa\u00f1ola<\/strong>, the Compa\u00f1\u00eda Arrendatar\u00eda de F\u00f3sforos issued Inserts within the matchboxes that had been specially made for the Exhibition. <em>Click <a href=\"http:\/\/inserts.org.uk\/index.php\/1929-exhibition\/\"><strong>here<\/strong><\/a> for more information about the Exhibition and Inserts.<\/em><\/p>\n","protected":false},"excerpt":{"rendered":"<p>Matchboxes were not the only objects which contained Inserts. Cigarette papers, tobacco packets, tobacco kiosks, champagne and others also used collectable cards at the start of the 20th Century. Shown below are some examples of collectable cards from Spain. In 1929, for the Exposici\u00f3n General Espa\u00f1ola, the Compa\u00f1\u00eda Arrendatar\u00eda de F\u00f3sforos issued Inserts within the [&hellip;] <a href=\"https:\/\/inserts.org.uk\/index.php\/introduction\/other-types-of-inserts\/\" class=\"more-link\">Read more<i class=\"icon-arrow-line-right\"><\/i><\/a><\/p>\n","protected":false},"author":1,"featured_media":0,"parent":69,"menu_order":5,"comment_status":"closed","ping_status":"closed","template":"","meta":{"ngg_post_thumbnail":0,"footnotes":""},"class_list":["post-10931","page","type-page","status-publish","hentry"],"_links":{"self":[{"href":"https:\/\/inserts.org.uk\/index.php\/wp-json\/wp\/v2\/pages\/10931","targetHints":{"allow":["GET"]}}],"collection":[{"href":"https:\/\/inserts.org.uk\/index.php\/wp-json\/wp\/v2\/pages"}],"about":[{"href":"https:\/\/inserts.org.uk\/index.php\/wp-json\/wp\/v2\/types\/page"}],"author":[{"embeddable":true,"href":"https:\/\/inserts.org.uk\/index.php\/wp-json\/wp\/v2\/users\/1"}],"replies":[{"embeddable":true,"href":"https:\/\/inserts.org.uk\/index.php\/wp-json\/wp\/v2\/comments?post=10931"}],"version-history":[{"count":25,"href":"https:\/\/inserts.org.uk\/index.php\/wp-json\/wp\/v2\/pages\/10931\/revisions"}],"predecessor-version":[{"id":29155,"href":"https:\/\/inserts.org.uk\/index.php\/wp-json\/wp\/v2\/pages\/10931\/revisions\/29155"}],"up":[{"embeddable":true,"href":"https:\/\/inserts.org.uk\/index.php\/wp-json\/wp\/v2\/pages\/69"}],"wp:attachment":[{"href":"https:\/\/inserts.org.uk\/index.php\/wp-json\/wp\/v2\/media?parent=10931"}],"curies":[{"name":"wp","href":"https:\/\/api.w.org\/{rel}","templated":true}]}}