{"id":10937,"date":"2018-01-30T11:52:44","date_gmt":"2018-01-30T11:52:44","guid":{"rendered":"http:\/\/inserts.org.uk\/?page_id=10937"},"modified":"2018-10-24T20:49:17","modified_gmt":"2018-10-24T20:49:17","slug":"otros-cromos-y-fototipias","status":"publish","type":"page","link":"https:\/\/inserts.org.uk\/index.php\/es\/introduccion\/otros-cromos-y-fototipias\/","title":{"rendered":"Otros cromos y fototipias"},"content":{"rendered":"<p class=\"tw-data-text tw-ta tw-text-small\" dir=\"ltr\" data-placeholder=\"Translation\"><span lang=\"es\">Las cajas de cerillas no eran los \u00fanicos objetos que conten\u00edan Fototipias. Los papeles de fumar, los paquetes de tabaco, los quioscos de tabaco, el champ\u00e1n y otros tambi\u00e9n usaban cromos o cartulinas coleccionables&nbsp;a principios del siglo XX.&nbsp;A continuaci\u00f3n se muestran algunos ejemplos de cromos contempor\u00e1neos espa\u00f1olas de colecci\u00f3n.<\/span><\/p>\nngg_shortcode_0_placeholder\n<p class=\"tw-data-text tw-ta tw-text-small\" dir=\"ltr\" data-placeholder=\"Translation\"><span lang=\"es\">En 1929, para la <strong>Exposici\u00f3n General Espa\u00f1ola,<\/strong> la Compa\u00f1\u00eda Arrendatar\u00eda de F\u00f3sforos emiti\u00f3 Fototipias dentro de las cajas de cerillas especialmente fabricadas para la Exposici\u00f3n. <em>Clique&nbsp;<a href=\"http:\/\/inserts.org.uk\/index.php\/es\/1929-exposicion-general-espanola\/\"><strong>aqu\u00ed<\/strong><\/a>&nbsp;para aceder m\u00e1s informaci\u00f3n sobre la Exposici\u00f3n y sus Fototipias.<\/em><\/span><\/p>\n","protected":false},"excerpt":{"rendered":"<p>Las cajas de cerillas no eran los \u00fanicos objetos que conten\u00edan Fototipias. Los papeles de fumar, los paquetes de tabaco, los quioscos de tabaco, el champ\u00e1n y otros tambi\u00e9n usaban cromos o cartulinas coleccionables&nbsp;a principios del siglo XX.&nbsp;A continuaci\u00f3n se muestran algunos ejemplos de cromos contempor\u00e1neos espa\u00f1olas de colecci\u00f3n. En 1929, para la Exposici\u00f3n General [&hellip;] <a href=\"https:\/\/inserts.org.uk\/index.php\/es\/introduccion\/otros-cromos-y-fototipias\/\" class=\"more-link\">Read more<i class=\"icon-arrow-line-right\"><\/i><\/a><\/p>\n","protected":false},"author":1,"featured_media":0,"parent":11197,"menu_order":5,"comment_status":"closed","ping_status":"closed","template":"","meta":{"ngg_post_thumbnail":0,"footnotes":""},"class_list":["post-10937","page","type-page","status-publish","hentry"],"_links":{"self":[{"href":"https:\/\/inserts.org.uk\/index.php\/wp-json\/wp\/v2\/pages\/10937","targetHints":{"allow":["GET"]}}],"collection":[{"href":"https:\/\/inserts.org.uk\/index.php\/wp-json\/wp\/v2\/pages"}],"about":[{"href":"https:\/\/inserts.org.uk\/index.php\/wp-json\/wp\/v2\/types\/page"}],"author":[{"embeddable":true,"href":"https:\/\/inserts.org.uk\/index.php\/wp-json\/wp\/v2\/users\/1"}],"replies":[{"embeddable":true,"href":"https:\/\/inserts.org.uk\/index.php\/wp-json\/wp\/v2\/comments?post=10937"}],"version-history":[{"count":18,"href":"https:\/\/inserts.org.uk\/index.php\/wp-json\/wp\/v2\/pages\/10937\/revisions"}],"predecessor-version":[{"id":29367,"href":"https:\/\/inserts.org.uk\/index.php\/wp-json\/wp\/v2\/pages\/10937\/revisions\/29367"}],"up":[{"embeddable":true,"href":"https:\/\/inserts.org.uk\/index.php\/wp-json\/wp\/v2\/pages\/11197"}],"wp:attachment":[{"href":"https:\/\/inserts.org.uk\/index.php\/wp-json\/wp\/v2\/media?parent=10937"}],"curies":[{"name":"wp","href":"https:\/\/api.w.org\/{rel}","templated":true}]}}