{"id":10983,"date":"2018-01-30T16:48:59","date_gmt":"2018-01-30T16:48:59","guid":{"rendered":"http:\/\/inserts.org.uk\/?page_id=10983"},"modified":"2018-10-06T11:42:22","modified_gmt":"2018-10-06T11:42:22","slug":"serie-31-album","status":"publish","type":"page","link":"https:\/\/inserts.org.uk\/index.php\/es\/albumes\/serie-18-a-31-albumes\/serie-31-album\/","title":{"rendered":"Serie 31 \u00e1lbum"},"content":{"rendered":"<p>A continuaci\u00f3n aparecen todas las hojas del \u00e1lbum para coleccionistas de la Serie 31 &#8211; Conmerorativa al Centenario de los Sitios.&nbsp;Estas hojas miden 320 mm x 226 mm.<\/p>\n<p>Notar&nbsp;<span lang=\"es\">que hay dos anomal\u00edas en el \u00e1lbum :<\/span><\/p>\n<ol>\n<li id=\"tw-target-text\" class=\"tw-data-text tw-ta tw-text-small\" dir=\"ltr\" data-placeholder=\"Translation\"><span lang=\"es\">La Fototipia n\u00famero 41 es titulada &#8220;M. de la Romana&#8221; pero el texto en el \u00e1lbum es sobre &#8220;P. Caso y Sureda&#8221;<\/span><\/li>\n<li dir=\"ltr\" data-placeholder=\"Translation\">La Fototipia n\u00famero 53 es titulada &#8220;Gay\u00e1n&#8221; pero el texto en el \u00e1lbum dice &#8220;Gallan&#8221;<\/li>\n<\/ol>\n<p><em>Clique&nbsp;<a href=\"http:\/\/inserts.org.uk\/index.php\/es\/las-series\/serie-18-a-c-fototipias\/serie-31-conmemorativa-al-centenario-de-los-sitios\/\"><strong>aqu\u00ed<\/strong><\/a> para ver todas las Fototipias de la Serie 31.<\/em><\/p>\nngg_shortcode_0_placeholder\n","protected":false},"excerpt":{"rendered":"<p>A continuaci\u00f3n aparecen todas las hojas del \u00e1lbum para coleccionistas de la Serie 31 &#8211; Conmerorativa al Centenario de los Sitios.&nbsp;Estas hojas miden 320 mm x 226 mm. Notar&nbsp;que hay dos anomal\u00edas en el \u00e1lbum : La Fototipia n\u00famero 41 es titulada &#8220;M. de la Romana&#8221; pero el texto en el \u00e1lbum es sobre &#8220;P. [&hellip;] <a href=\"https:\/\/inserts.org.uk\/index.php\/es\/albumes\/serie-18-a-31-albumes\/serie-31-album\/\" class=\"more-link\">Read more<i class=\"icon-arrow-line-right\"><\/i><\/a><\/p>\n","protected":false},"author":1,"featured_media":0,"parent":4021,"menu_order":31,"comment_status":"closed","ping_status":"closed","template":"","meta":{"ngg_post_thumbnail":0,"footnotes":""},"class_list":["post-10983","page","type-page","status-publish","hentry"],"_links":{"self":[{"href":"https:\/\/inserts.org.uk\/index.php\/wp-json\/wp\/v2\/pages\/10983","targetHints":{"allow":["GET"]}}],"collection":[{"href":"https:\/\/inserts.org.uk\/index.php\/wp-json\/wp\/v2\/pages"}],"about":[{"href":"https:\/\/inserts.org.uk\/index.php\/wp-json\/wp\/v2\/types\/page"}],"author":[{"embeddable":true,"href":"https:\/\/inserts.org.uk\/index.php\/wp-json\/wp\/v2\/users\/1"}],"replies":[{"embeddable":true,"href":"https:\/\/inserts.org.uk\/index.php\/wp-json\/wp\/v2\/comments?post=10983"}],"version-history":[{"count":13,"href":"https:\/\/inserts.org.uk\/index.php\/wp-json\/wp\/v2\/pages\/10983\/revisions"}],"predecessor-version":[{"id":28737,"href":"https:\/\/inserts.org.uk\/index.php\/wp-json\/wp\/v2\/pages\/10983\/revisions\/28737"}],"up":[{"embeddable":true,"href":"https:\/\/inserts.org.uk\/index.php\/wp-json\/wp\/v2\/pages\/4021"}],"wp:attachment":[{"href":"https:\/\/inserts.org.uk\/index.php\/wp-json\/wp\/v2\/media?parent=10983"}],"curies":[{"name":"wp","href":"https:\/\/api.w.org\/{rel}","templated":true}]}}