{"id":11033,"date":"2018-01-31T12:53:15","date_gmt":"2018-01-31T12:53:15","guid":{"rendered":"http:\/\/inserts.org.uk\/?page_id=11033"},"modified":"2019-07-15T15:53:04","modified_gmt":"2019-07-15T15:53:04","slug":"serie-17","status":"publish","type":"page","link":"https:\/\/inserts.org.uk\/index.php\/es\/las-series\/serie-1-a-17-fototipias\/serie-17\/","title":{"rendered":"Serie 17 &#8211; Artistas Espa\u00f1olas"},"content":{"rendered":"<p>A continuaci\u00f3n aparecen las 75 Fototipias de la Serie 17.&nbsp;Esas cartulinas miden 34 mm x 46 mm con esquinas redondas. El dorso est\u00e1 en blanco.&nbsp;<\/p>\n<p><em>Notar que no existen l\u00e1minas n\u00ed \u00e1lbum para la Serie 17.<\/em><\/p>\nngg_shortcode_0_placeholder\n<p>&nbsp;No existen l\u00e1minas n\u00ed \u00e1lbum para la Serie 17.<\/p>\n","protected":false},"excerpt":{"rendered":"<p>A continuaci\u00f3n aparecen las 75 Fototipias de la Serie 17.&nbsp;Esas cartulinas miden 34 mm x 46 mm con esquinas redondas. El dorso est\u00e1 en blanco.&nbsp; Notar que no existen l\u00e1minas n\u00ed \u00e1lbum para la Serie 17. &#8221; order_by=&#8221;sortorder&#8221; order_direction=&#8221;ASC&#8221; returns=&#8221;included&#8221; maximum_entity_count=&#8221;10000&#8243;] &nbsp;No existen l\u00e1minas n\u00ed \u00e1lbum para la Serie 17. <a href=\"https:\/\/inserts.org.uk\/index.php\/es\/las-series\/serie-1-a-17-fototipias\/serie-17\/\" class=\"more-link\">Read more<i class=\"icon-arrow-line-right\"><\/i><\/a><\/p>\n","protected":false},"author":1,"featured_media":0,"parent":4027,"menu_order":17,"comment_status":"closed","ping_status":"closed","template":"","meta":{"ngg_post_thumbnail":0,"footnotes":""},"class_list":["post-11033","page","type-page","status-publish","hentry"],"_links":{"self":[{"href":"https:\/\/inserts.org.uk\/index.php\/wp-json\/wp\/v2\/pages\/11033","targetHints":{"allow":["GET"]}}],"collection":[{"href":"https:\/\/inserts.org.uk\/index.php\/wp-json\/wp\/v2\/pages"}],"about":[{"href":"https:\/\/inserts.org.uk\/index.php\/wp-json\/wp\/v2\/types\/page"}],"author":[{"embeddable":true,"href":"https:\/\/inserts.org.uk\/index.php\/wp-json\/wp\/v2\/users\/1"}],"replies":[{"embeddable":true,"href":"https:\/\/inserts.org.uk\/index.php\/wp-json\/wp\/v2\/comments?post=11033"}],"version-history":[{"count":12,"href":"https:\/\/inserts.org.uk\/index.php\/wp-json\/wp\/v2\/pages\/11033\/revisions"}],"predecessor-version":[{"id":30040,"href":"https:\/\/inserts.org.uk\/index.php\/wp-json\/wp\/v2\/pages\/11033\/revisions\/30040"}],"up":[{"embeddable":true,"href":"https:\/\/inserts.org.uk\/index.php\/wp-json\/wp\/v2\/pages\/4027"}],"wp:attachment":[{"href":"https:\/\/inserts.org.uk\/index.php\/wp-json\/wp\/v2\/media?parent=11033"}],"curies":[{"name":"wp","href":"https:\/\/api.w.org\/{rel}","templated":true}]}}