{"id":11197,"date":"2018-02-05T15:54:20","date_gmt":"2018-02-05T15:54:20","guid":{"rendered":"http:\/\/inserts.org.uk\/?page_id=11197"},"modified":"2019-07-05T17:08:06","modified_gmt":"2019-07-05T17:08:06","slug":"introduccion","status":"publish","type":"page","link":"https:\/\/inserts.org.uk\/index.php\/es\/introduccion\/","title":{"rendered":"Introducci\u00f3n"},"content":{"rendered":"<p class=\"tw-data-text tw-ta tw-text-small\" dir=\"ltr\" data-placeholder=\"Translation\"><span lang=\"es\">Entre 1897 y 1910 fue posible comprar cajas de cerillas en Espa\u00f1a que conten\u00edan peque\u00f1as cartulinas coleccionables, al igual que las cromos de cigarrillos m\u00e1s familiares.&nbsp;<\/span><span lang=\"es\">Estas cartulinas se conocen como &#8220;<strong>Fototipias<\/strong>&#8221; (o &#8220;<strong>Inserts<\/strong>&#8221; en ingl\u00e9s) y en el transcurso de estos trece a\u00f1os se produjeron m\u00e1s de 3000 Fototipias diferentes, consistiendo de 37 Series con 75 o m\u00e1s Fototipias en cada Serie.<\/span><\/p>\n<p dir=\"ltr\" data-placeholder=\"Translation\">Clicar&nbsp;en las im\u00e1genes a continuaci\u00f3n para aceder m\u00e1s informaci\u00f3n sobre estas Fototipias. Al ser<span lang=\"es\">&nbsp;nuevo en el sitio &#8220;<a href=\"http:\/\/inserts.org.uk\/index.php\/es\/introduccion\/las-fototipias-explicadas\/\"><strong>Las Fototipias explicadas<\/strong><\/a>&#8221; es un buen lugar para comenzar.<\/span><\/p>\nngg_shortcode_0_placeholder\n","protected":false},"excerpt":{"rendered":"<p>Entre 1897 y 1910 fue posible comprar cajas de cerillas en Espa\u00f1a que conten\u00edan peque\u00f1as cartulinas coleccionables, al igual que las cromos de cigarrillos m\u00e1s familiares.&nbsp;Estas cartulinas se conocen como &#8220;Fototipias&#8221; (o &#8220;Inserts&#8221; en ingl\u00e9s) y en el transcurso de estos trece a\u00f1os se produjeron m\u00e1s de 3000 Fototipias diferentes, consistiendo de 37 Series con [&hellip;] <a href=\"https:\/\/inserts.org.uk\/index.php\/es\/introduccion\/\" class=\"more-link\">Read more<i class=\"icon-arrow-line-right\"><\/i><\/a><\/p>\n","protected":false},"author":1,"featured_media":0,"parent":0,"menu_order":0,"comment_status":"closed","ping_status":"closed","template":"","meta":{"ngg_post_thumbnail":0,"footnotes":""},"class_list":["post-11197","page","type-page","status-publish","hentry"],"_links":{"self":[{"href":"https:\/\/inserts.org.uk\/index.php\/wp-json\/wp\/v2\/pages\/11197","targetHints":{"allow":["GET"]}}],"collection":[{"href":"https:\/\/inserts.org.uk\/index.php\/wp-json\/wp\/v2\/pages"}],"about":[{"href":"https:\/\/inserts.org.uk\/index.php\/wp-json\/wp\/v2\/types\/page"}],"author":[{"embeddable":true,"href":"https:\/\/inserts.org.uk\/index.php\/wp-json\/wp\/v2\/users\/1"}],"replies":[{"embeddable":true,"href":"https:\/\/inserts.org.uk\/index.php\/wp-json\/wp\/v2\/comments?post=11197"}],"version-history":[{"count":12,"href":"https:\/\/inserts.org.uk\/index.php\/wp-json\/wp\/v2\/pages\/11197\/revisions"}],"predecessor-version":[{"id":29862,"href":"https:\/\/inserts.org.uk\/index.php\/wp-json\/wp\/v2\/pages\/11197\/revisions\/29862"}],"wp:attachment":[{"href":"https:\/\/inserts.org.uk\/index.php\/wp-json\/wp\/v2\/media?parent=11197"}],"curies":[{"name":"wp","href":"https:\/\/api.w.org\/{rel}","templated":true}]}}