{"id":11367,"date":"2018-02-06T14:09:01","date_gmt":"2018-02-06T14:09:01","guid":{"rendered":"http:\/\/inserts.org.uk\/?page_id=11367"},"modified":"2019-01-25T19:31:54","modified_gmt":"2019-01-25T19:31:54","slug":"materiales-de-referencia","status":"publish","type":"page","link":"https:\/\/inserts.org.uk\/index.php\/es\/introduccion\/recursos\/materiales-de-referencia\/","title":{"rendered":"Materiales de Referencia"},"content":{"rendered":"<p id=\"tw-target-text\" class=\"tw-data-text tw-ta tw-text-small\" dir=\"ltr\" data-placeholder=\"Translation\"><span lang=\"es\">Existen varios libros de referencia y otros materiales que contienen informaci\u00f3n sobre las Fototipias y la industria cerilleria espa\u00f1ola.<\/span><\/p>\n<h2>LIBROS DE REFERENCIA<\/h2>\n<ul>\n<li><strong>Los Fabricantes de Cerillas.&nbsp;<\/strong>Dos tomos editados en 2018, en el primero se recogen todos los art\u00edculos aparecidos en los peri\u00f3dicos, referentes a las cerillas, existentes en la Biblioteca Nacional. El segundo recopila todas las patentes y marcas de cerillas, hechas en Espa\u00f1a y existentes en el Archivo Hist\u00f3rico de la Oficina Espa\u00f1ola de Patentes y Marcas<\/li>\n<li><strong>Las F\u00e1bricas Espa\u00f1olas de Cerillas del Siglo XIX y sus Etiquetas<\/strong>. Editado en 2016 este libro ilustra la&nbsp;industria cerilleria espa\u00f1ola del siglo XIX con un enfoque especial en las f\u00e1bricas y familias de Sevilla<\/li>\n<li><strong>F\u00f3sforos de Cascante<\/strong>. Editado en 2008 este libro se dedica a la historia industrial de las f\u00e1bricas que operaban en la regi\u00f3n de Cascante entre 1840 y 1900<\/li>\n<li><strong>Spanish Matchbox Inserts<\/strong>, por Alan Downer. Editado en 1995 por la&nbsp;<strong><a href=\"http:\/\/www.phillumeny.com\/\" target=\"_blank\" rel=\"noopener\">British Matchbox Label and Booklet Society<\/a><\/strong>, sigue siendo la \u00fanica publicaci\u00f3n dedicada a las Fototipias. Este sitio web se basa en la investigaci\u00f3n original realizada por este libro<\/li>\n<li><strong>Siglo y Medio de&nbsp;F\u00f3sforos<\/strong>. Editado en 1982 por Fosforera Espa\u00f1ola, este libro celebra 150 a\u00f1os de la fabricaci\u00f3n de cerillas en Espa\u00f1a&nbsp;<\/li>\n<\/ul>\nngg_shortcode_0_placeholder\n<h2 id=\"tw-target-text\" class=\"tw-data-text tw-ta tw-text-medium\" dir=\"ltr\" data-placeholder=\"Translation\"><span lang=\"es\">OTRAS PUBLICACIONES<\/span><\/h2>\n<p id=\"tw-target-text\" class=\"tw-data-text tw-ta tw-text-small\" dir=\"ltr\" data-placeholder=\"Translation\"><span lang=\"es\">Varios art\u00edculos y libros que contienen referencias a las Fototipias se enumeran a continuaci\u00f3n :<\/span><\/p>\n<ol>\n<li><strong>Floyd&#8217;s Label Review \/ The Phillumenist <\/strong>fue una revista inglesa para coleccionistas publicada entre 1940 y 1960. Public\u00f3 una lista de Fototipias como un anuncio de los art\u00edculos disponibles por E.H.W.Ltd. (E.H. Woodiwiss), un distribuidor. Luego aparecieron cuatro anuncios que ofrec\u00edan Fototipias en venta, aunque ninguno inclu\u00eda una lista completa de la gama entera. Tres anuncios dieron el t\u00edtulo de la Serie en ingl\u00e9s y tambi\u00e9n precios, mientras el cuarto solo dio precios. Estos se pueden encontrar en los n\u00fameros No. 135 (1955), No.147 (1956), No.163 (1957) y No.181 (1959).&nbsp;La lista m\u00e1s extensa apareci\u00f3 en la contraportada del Vol.15, No.135, pero no incluye la Serie 31 ni la Serie A ni la C, ni las variaciones de color dentro de la Serie 15.<\/li>\n<li><strong>Matchbox Label News<\/strong><strong><strong>.&nbsp;<\/strong><\/strong>E.H.W. Ltd. de Londres emiti\u00f3 unas hojas de venta tituladas &#8220;Matchbox Label News&#8221; durante la d\u00e9cada de 1950. En oferta en la hoja No. 17&nbsp;<span lang=\"es\"><span lang=\"es\">se encuentran juegos de Fototipias y la lista incluye el t\u00edtulo en ingl\u00e9s y el precio de la Serie 1 hasta la Serie 28, excluyendo cualquier referencia a las variaciones de color de la Serie 15.&nbsp;<\/span><\/span>Los precios estaban tal como se hab\u00edan impreso en los anuncios en &#8220;The Phillumenist&#8221; pero algunos de los t\u00edtulos aparec\u00edan en una forma diferente.<\/li>\n<li>Un<strong> Bolet\u00edn <\/strong>escrito por la&nbsp;<strong>Associa\u00e7\u00e3o Portuguesa de Filumenismo <\/strong>en Oporto, Portugal identifica 33 Series enumeradas adem\u00e1s de la Serie Especial y las Series A, B y C, pero no registra las variedades de color de la Serie 15.<\/li>\n<li><strong>Hist\u00f3ria da Ind\u00fastria Espanhola de F\u00f3sforos<\/strong>, publicado en 1976 por los coleccionistas de cajas de cerillas espa\u00f1olas en la &#8220;Casa de Espa\u00f1a&#8221; en Oporto, Portugal, omite la Serie 33, dando el t\u00edtulo de Serie 33 a la Serie 32.<\/li>\n<li>La revista<strong> Vesta&nbsp;<\/strong>era una publicaci\u00f3n mensual inglesa independiente dirigida por John Luker. Vesta No. 94 emitida en 1985 reproduce el trabajo de Luis Tom\u00e1s Tarazona Vallejo. Vesta tambi\u00e9n fue responsable de imprimir varios otros art\u00edculos relacionados con la industria espa\u00f1ola cerilleria, incluyendo &#8220;Historia cerilleria espa\u00f1ola en el siglo 19&#8221;, &#8220;Conocer esa gente&#8221;, &#8220;Fabricantes de cajas de cerillas de Espa\u00f1a&#8221; (ediciones No.33 y 34) y &#8220;Josep Tom\u00e0s Bigas&#8221; (No. 62).<\/li>\n<li><strong>British Matchbox Label and Booklet Society Newsletter <\/strong>fue una revista inglesa publicada cada dos meses por los miembros de la <strong><a href=\"http:\/\/www.phillumeny.com\/\" target=\"_blank\" rel=\"noopener\">Sociedad Brit\u00e1nica<\/a><\/strong>. Contiene los siguientes art\u00edculos de nota : &#8220;Etiquetas en los museos&#8221; (sobre Fototipias en el Museo Mar\u00e8s, Barcelona) (No. 244, p.6584, diciembre de 1986) y una p\u00e1gina que ilustra las etiquetas internas de cajas de cerillas de gomitas (No. 157, p\u00e1gina 3757, febrero de 1973).<\/li>\n<li><strong>Cat\u00e1logo de Realeza.<\/strong> La &#8220;Royalty Catalogue&#8221; por John Luker enumera e ilustra doce Series de Fototipias que presentan temas reales (p\u00e1ginas 126 &#8211; 143 inclusive).<\/li>\n<li><strong><strong>La Matchbox Label Collectors Encyclopedia, <\/strong><\/strong>tercera edici\u00f3n (1984) contiene una serie de art\u00edculos relacionados con Espa\u00f1a : &#8220;Fabricantes de cajas de cerillas de Espa\u00f1a&#8221;, &#8220;Josep Tom\u00e0s Bigas&#8221; y &#8220;Cajas espa\u00f1olas de gomitas&#8221; (p\u00e1ginas 577 &#8211; 595), escritos por Luis Tom\u00e1s Tarazona Vallejo y traducidos al ingl\u00e9s por Mr S E Nodder.<\/li>\n<li><strong>&#8220;Collecting Matchbox Labels&#8221;&nbsp;<\/strong>(1963) y&nbsp;<strong>&#8220;Matchbox Labels&#8221;<\/strong> (1968)&nbsp;son libros sobre el pasatiempo escritos por Joan Rendell, quien durante muchos a\u00f1os fue el editor del Bolet\u00edn de la Sociedad Brit\u00e1nica. Los libros contienen peque\u00f1as referencias a cajas de cerillas espa\u00f1olas y Fototipias.<\/li>\n<\/ol>\n","protected":false},"excerpt":{"rendered":"<p>Existen varios libros de referencia y otros materiales que contienen informaci\u00f3n sobre las Fototipias y la industria cerilleria espa\u00f1ola. LIBROS DE REFERENCIA Los Fabricantes de Cerillas.&nbsp;Dos tomos editados en 2018, en el primero se recogen todos los art\u00edculos aparecidos en los peri\u00f3dicos, referentes a las cerillas, existentes en la Biblioteca Nacional. El segundo recopila todas [&hellip;] <a href=\"https:\/\/inserts.org.uk\/index.php\/es\/introduccion\/recursos\/materiales-de-referencia\/\" class=\"more-link\">Read more<i class=\"icon-arrow-line-right\"><\/i><\/a><\/p>\n","protected":false},"author":1,"featured_media":0,"parent":3297,"menu_order":2,"comment_status":"closed","ping_status":"closed","template":"","meta":{"ngg_post_thumbnail":0,"footnotes":""},"class_list":["post-11367","page","type-page","status-publish","hentry"],"_links":{"self":[{"href":"https:\/\/inserts.org.uk\/index.php\/wp-json\/wp\/v2\/pages\/11367","targetHints":{"allow":["GET"]}}],"collection":[{"href":"https:\/\/inserts.org.uk\/index.php\/wp-json\/wp\/v2\/pages"}],"about":[{"href":"https:\/\/inserts.org.uk\/index.php\/wp-json\/wp\/v2\/types\/page"}],"author":[{"embeddable":true,"href":"https:\/\/inserts.org.uk\/index.php\/wp-json\/wp\/v2\/users\/1"}],"replies":[{"embeddable":true,"href":"https:\/\/inserts.org.uk\/index.php\/wp-json\/wp\/v2\/comments?post=11367"}],"version-history":[{"count":38,"href":"https:\/\/inserts.org.uk\/index.php\/wp-json\/wp\/v2\/pages\/11367\/revisions"}],"predecessor-version":[{"id":29837,"href":"https:\/\/inserts.org.uk\/index.php\/wp-json\/wp\/v2\/pages\/11367\/revisions\/29837"}],"up":[{"embeddable":true,"href":"https:\/\/inserts.org.uk\/index.php\/wp-json\/wp\/v2\/pages\/3297"}],"wp:attachment":[{"href":"https:\/\/inserts.org.uk\/index.php\/wp-json\/wp\/v2\/media?parent=11367"}],"curies":[{"name":"wp","href":"https:\/\/api.w.org\/{rel}","templated":true}]}}