{"id":11549,"date":"2018-02-09T05:36:36","date_gmt":"2018-02-09T05:36:36","guid":{"rendered":"http:\/\/inserts.org.uk\/?page_id=11549"},"modified":"2018-10-06T15:55:12","modified_gmt":"2018-10-06T15:55:12","slug":"serie-20-album","status":"publish","type":"page","link":"https:\/\/inserts.org.uk\/index.php\/es\/albumes\/serie-18-a-31-albumes\/serie-20-album\/","title":{"rendered":"Serie 20 \u00e1lbum"},"content":{"rendered":"<p>A continuaci\u00f3n aparecen todas las hojas del \u00e1lbum para coleccionistas de la Serie 20 &#8211; Grandes Pintores.&nbsp;<span lang=\"es\">Estas hojas miden 324 mm x 230 mm.<\/span><\/p>\n<p><em>Clique&nbsp;<a href=\"http:\/\/inserts.org.uk\/index.php\/es\/las-series\/serie-18-a-c-fototipias\/serie-20-grandes-pintores\/\"><strong>aqu\u00ed<\/strong><\/a> para ver todas las Fototipias de la Serie 20.<\/em><\/p>\nngg_shortcode_0_placeholder\n","protected":false},"excerpt":{"rendered":"<p>A continuaci\u00f3n aparecen todas las hojas del \u00e1lbum para coleccionistas de la Serie 20 &#8211; Grandes Pintores.&nbsp;Estas hojas miden 324 mm x 230 mm. Clique&nbsp;aqu\u00ed para ver todas las Fototipias de la Serie 20. &#8221; order_by=&#8221;pid&#8221; order_direction=&#8221;ASC&#8221; returns=&#8221;included&#8221; maximum_entity_count=&#8221;10000&#8243;] <a href=\"https:\/\/inserts.org.uk\/index.php\/es\/albumes\/serie-18-a-31-albumes\/serie-20-album\/\" class=\"more-link\">Read more<i class=\"icon-arrow-line-right\"><\/i><\/a><\/p>\n","protected":false},"author":1,"featured_media":0,"parent":4021,"menu_order":20,"comment_status":"closed","ping_status":"closed","template":"","meta":{"ngg_post_thumbnail":0,"footnotes":""},"class_list":["post-11549","page","type-page","status-publish","hentry"],"_links":{"self":[{"href":"https:\/\/inserts.org.uk\/index.php\/wp-json\/wp\/v2\/pages\/11549","targetHints":{"allow":["GET"]}}],"collection":[{"href":"https:\/\/inserts.org.uk\/index.php\/wp-json\/wp\/v2\/pages"}],"about":[{"href":"https:\/\/inserts.org.uk\/index.php\/wp-json\/wp\/v2\/types\/page"}],"author":[{"embeddable":true,"href":"https:\/\/inserts.org.uk\/index.php\/wp-json\/wp\/v2\/users\/1"}],"replies":[{"embeddable":true,"href":"https:\/\/inserts.org.uk\/index.php\/wp-json\/wp\/v2\/comments?post=11549"}],"version-history":[{"count":10,"href":"https:\/\/inserts.org.uk\/index.php\/wp-json\/wp\/v2\/pages\/11549\/revisions"}],"predecessor-version":[{"id":28993,"href":"https:\/\/inserts.org.uk\/index.php\/wp-json\/wp\/v2\/pages\/11549\/revisions\/28993"}],"up":[{"embeddable":true,"href":"https:\/\/inserts.org.uk\/index.php\/wp-json\/wp\/v2\/pages\/4021"}],"wp:attachment":[{"href":"https:\/\/inserts.org.uk\/index.php\/wp-json\/wp\/v2\/media?parent=11549"}],"curies":[{"name":"wp","href":"https:\/\/api.w.org\/{rel}","templated":true}]}}