{"id":11629,"date":"2018-02-09T06:08:42","date_gmt":"2018-02-09T06:08:42","guid":{"rendered":"http:\/\/inserts.org.uk\/?page_id=11629"},"modified":"2018-10-06T17:04:53","modified_gmt":"2018-10-06T17:04:53","slug":"serie-22-album","status":"publish","type":"page","link":"https:\/\/inserts.org.uk\/index.php\/es\/albumes\/serie-18-a-31-albumes\/serie-22-album\/","title":{"rendered":"Serie 22 \u00e1lbum"},"content":{"rendered":"<p>A continuaci\u00f3n aparecen todas las hojas del \u00e1lbum para coleccionistas de la Serie 22 &#8211; Grandes Poetas.&nbsp;<span lang=\"es\">Estas hojas miden 318 mm x 230 mm.<\/span><\/p>\n<p>Notar&nbsp;<span lang=\"es\">que hay una anomal\u00eda en el \u00e1lbum : los textos de los n\u00fameros 6 y 7 son invertidos en el&nbsp;\u00e1lbum.<\/span><\/p>\n<p><em>Clique&nbsp;<a href=\"http:\/\/inserts.org.uk\/index.php\/es\/las-series\/serie-18-a-c-fototipias\/serie-22-grandes-poetas\/\"><strong>aqu\u00ed<\/strong><\/a> para ver todas las Fototipias de la Serie 22.<\/em><\/p>\nngg_shortcode_0_placeholder\n","protected":false},"excerpt":{"rendered":"<p>A continuaci\u00f3n aparecen todas las hojas del \u00e1lbum para coleccionistas de la Serie 22 &#8211; Grandes Poetas.&nbsp;Estas hojas miden 318 mm x 230 mm. Notar&nbsp;que hay una anomal\u00eda en el \u00e1lbum : los textos de los n\u00fameros 6 y 7 son invertidos en el&nbsp;\u00e1lbum. Clique&nbsp;aqu\u00ed para ver todas las Fototipias de la Serie 22. &#8221; [&hellip;] <a href=\"https:\/\/inserts.org.uk\/index.php\/es\/albumes\/serie-18-a-31-albumes\/serie-22-album\/\" class=\"more-link\">Read more<i class=\"icon-arrow-line-right\"><\/i><\/a><\/p>\n","protected":false},"author":1,"featured_media":0,"parent":4021,"menu_order":22,"comment_status":"closed","ping_status":"closed","template":"","meta":{"ngg_post_thumbnail":0,"footnotes":""},"class_list":["post-11629","page","type-page","status-publish","hentry"],"_links":{"self":[{"href":"https:\/\/inserts.org.uk\/index.php\/wp-json\/wp\/v2\/pages\/11629","targetHints":{"allow":["GET"]}}],"collection":[{"href":"https:\/\/inserts.org.uk\/index.php\/wp-json\/wp\/v2\/pages"}],"about":[{"href":"https:\/\/inserts.org.uk\/index.php\/wp-json\/wp\/v2\/types\/page"}],"author":[{"embeddable":true,"href":"https:\/\/inserts.org.uk\/index.php\/wp-json\/wp\/v2\/users\/1"}],"replies":[{"embeddable":true,"href":"https:\/\/inserts.org.uk\/index.php\/wp-json\/wp\/v2\/comments?post=11629"}],"version-history":[{"count":7,"href":"https:\/\/inserts.org.uk\/index.php\/wp-json\/wp\/v2\/pages\/11629\/revisions"}],"predecessor-version":[{"id":29005,"href":"https:\/\/inserts.org.uk\/index.php\/wp-json\/wp\/v2\/pages\/11629\/revisions\/29005"}],"up":[{"embeddable":true,"href":"https:\/\/inserts.org.uk\/index.php\/wp-json\/wp\/v2\/pages\/4021"}],"wp:attachment":[{"href":"https:\/\/inserts.org.uk\/index.php\/wp-json\/wp\/v2\/media?parent=11629"}],"curies":[{"name":"wp","href":"https:\/\/api.w.org\/{rel}","templated":true}]}}