{"id":11659,"date":"2018-02-09T06:43:13","date_gmt":"2018-02-09T06:43:13","guid":{"rendered":"http:\/\/inserts.org.uk\/?page_id=11659"},"modified":"2018-10-06T17:05:37","modified_gmt":"2018-10-06T17:05:37","slug":"serie-23-album","status":"publish","type":"page","link":"https:\/\/inserts.org.uk\/index.php\/es\/albumes\/serie-18-a-31-albumes\/serie-23-album\/","title":{"rendered":"Serie 23 \u00e1lbum"},"content":{"rendered":"<p>A continuaci\u00f3n aparecen todas las hojas del \u00e1lbum para coleccionistas de la Serie 23 &#8211; C\u00e9lebres Princesas.&nbsp;<span lang=\"es\">Estas hojas miden 318 mm x 227 mm.<\/span><\/p>\n<p><em>Clique&nbsp;<a href=\"http:\/\/inserts.org.uk\/index.php\/es\/las-series\/serie-18-a-c-fototipias\/serie-23-celebres-princesas\/\"><strong>aqu\u00ed<\/strong><\/a> para ver todas las Fototipias de la Serie 23.<\/em><\/p>\nngg_shortcode_0_placeholder\n<p>&nbsp;<\/p>\n","protected":false},"excerpt":{"rendered":"<p>A continuaci\u00f3n aparecen todas las hojas del \u00e1lbum para coleccionistas de la Serie 23 &#8211; C\u00e9lebres Princesas.&nbsp;Estas hojas miden 318 mm x 227 mm. Clique&nbsp;aqu\u00ed para ver todas las Fototipias de la Serie 23. &#8221; order_by=&#8221;pid&#8221; order_direction=&#8221;ASC&#8221; returns=&#8221;included&#8221; maximum_entity_count=&#8221;10000&#8243;] &nbsp; <a href=\"https:\/\/inserts.org.uk\/index.php\/es\/albumes\/serie-18-a-31-albumes\/serie-23-album\/\" class=\"more-link\">Read more<i class=\"icon-arrow-line-right\"><\/i><\/a><\/p>\n","protected":false},"author":1,"featured_media":0,"parent":4021,"menu_order":23,"comment_status":"closed","ping_status":"closed","template":"","meta":{"ngg_post_thumbnail":0,"footnotes":""},"class_list":["post-11659","page","type-page","status-publish","hentry"],"_links":{"self":[{"href":"https:\/\/inserts.org.uk\/index.php\/wp-json\/wp\/v2\/pages\/11659","targetHints":{"allow":["GET"]}}],"collection":[{"href":"https:\/\/inserts.org.uk\/index.php\/wp-json\/wp\/v2\/pages"}],"about":[{"href":"https:\/\/inserts.org.uk\/index.php\/wp-json\/wp\/v2\/types\/page"}],"author":[{"embeddable":true,"href":"https:\/\/inserts.org.uk\/index.php\/wp-json\/wp\/v2\/users\/1"}],"replies":[{"embeddable":true,"href":"https:\/\/inserts.org.uk\/index.php\/wp-json\/wp\/v2\/comments?post=11659"}],"version-history":[{"count":7,"href":"https:\/\/inserts.org.uk\/index.php\/wp-json\/wp\/v2\/pages\/11659\/revisions"}],"predecessor-version":[{"id":29009,"href":"https:\/\/inserts.org.uk\/index.php\/wp-json\/wp\/v2\/pages\/11659\/revisions\/29009"}],"up":[{"embeddable":true,"href":"https:\/\/inserts.org.uk\/index.php\/wp-json\/wp\/v2\/pages\/4021"}],"wp:attachment":[{"href":"https:\/\/inserts.org.uk\/index.php\/wp-json\/wp\/v2\/media?parent=11659"}],"curies":[{"name":"wp","href":"https:\/\/api.w.org\/{rel}","templated":true}]}}