{"id":11711,"date":"2018-02-09T06:56:36","date_gmt":"2018-02-09T06:56:36","guid":{"rendered":"http:\/\/inserts.org.uk\/?page_id=11711"},"modified":"2018-10-06T17:32:49","modified_gmt":"2018-10-06T17:32:49","slug":"serie-25-album","status":"publish","type":"page","link":"https:\/\/inserts.org.uk\/index.php\/es\/albumes\/serie-18-a-31-albumes\/serie-25-album\/","title":{"rendered":"Serie 25 \u00e1lbum"},"content":{"rendered":"<p>A continuaci\u00f3n aparecen todas las hojas del \u00e1lbum para coleccionistas de la Serie 25 &#8211; Princesas y Grandes Damas.&nbsp;<span lang=\"es\">Estas hojas miden 320 mm x 226 mm.<\/span><\/p>\n<p>Notar&nbsp;<span lang=\"es\">que hay una anomal\u00eda en el \u00e1lbum : los textos de los n\u00fameros 73 y 74 son invertidos en el \u00e1lbum. Adem\u00e1s, el pa\u00eds imprimido en estas dos Fototipias est\u00e1 invertido y, por lo tanto, es incorrecto. Finalmente, notar que el nombre de la mujer en cada Fototipia es su t\u00edtulo de casado, pero el texto en el \u00e1lbum comienza con su nombre de nacimiento.<\/span><\/p>\n<p><em>Clique&nbsp;<a href=\"http:\/\/inserts.org.uk\/index.php\/es\/las-series\/serie-18-a-c-fototipias\/serie-25-princesas-y-grandes-damas\/\"><strong>aqu\u00ed<\/strong><\/a> para ver todas las Fototipias de la Serie 25.<\/em><\/p>\nngg_shortcode_0_placeholder\n<p>&nbsp;<\/p>\n","protected":false},"excerpt":{"rendered":"<p>A continuaci\u00f3n aparecen todas las hojas del \u00e1lbum para coleccionistas de la Serie 25 &#8211; Princesas y Grandes Damas.&nbsp;Estas hojas miden 320 mm x 226 mm. Notar&nbsp;que hay una anomal\u00eda en el \u00e1lbum : los textos de los n\u00fameros 73 y 74 son invertidos en el \u00e1lbum. Adem\u00e1s, el pa\u00eds imprimido en estas dos Fototipias [&hellip;] <a href=\"https:\/\/inserts.org.uk\/index.php\/es\/albumes\/serie-18-a-31-albumes\/serie-25-album\/\" class=\"more-link\">Read more<i class=\"icon-arrow-line-right\"><\/i><\/a><\/p>\n","protected":false},"author":1,"featured_media":0,"parent":4021,"menu_order":25,"comment_status":"closed","ping_status":"closed","template":"","meta":{"ngg_post_thumbnail":0,"footnotes":""},"class_list":["post-11711","page","type-page","status-publish","hentry"],"_links":{"self":[{"href":"https:\/\/inserts.org.uk\/index.php\/wp-json\/wp\/v2\/pages\/11711","targetHints":{"allow":["GET"]}}],"collection":[{"href":"https:\/\/inserts.org.uk\/index.php\/wp-json\/wp\/v2\/pages"}],"about":[{"href":"https:\/\/inserts.org.uk\/index.php\/wp-json\/wp\/v2\/types\/page"}],"author":[{"embeddable":true,"href":"https:\/\/inserts.org.uk\/index.php\/wp-json\/wp\/v2\/users\/1"}],"replies":[{"embeddable":true,"href":"https:\/\/inserts.org.uk\/index.php\/wp-json\/wp\/v2\/comments?post=11711"}],"version-history":[{"count":8,"href":"https:\/\/inserts.org.uk\/index.php\/wp-json\/wp\/v2\/pages\/11711\/revisions"}],"predecessor-version":[{"id":29023,"href":"https:\/\/inserts.org.uk\/index.php\/wp-json\/wp\/v2\/pages\/11711\/revisions\/29023"}],"up":[{"embeddable":true,"href":"https:\/\/inserts.org.uk\/index.php\/wp-json\/wp\/v2\/pages\/4021"}],"wp:attachment":[{"href":"https:\/\/inserts.org.uk\/index.php\/wp-json\/wp\/v2\/media?parent=11711"}],"curies":[{"name":"wp","href":"https:\/\/api.w.org\/{rel}","templated":true}]}}