{"id":11813,"date":"2018-02-09T17:07:00","date_gmt":"2018-02-09T17:07:00","guid":{"rendered":"http:\/\/inserts.org.uk\/?page_id=11813"},"modified":"2018-10-06T17:38:03","modified_gmt":"2018-10-06T17:38:03","slug":"serie-30-album","status":"publish","type":"page","link":"https:\/\/inserts.org.uk\/index.php\/es\/albumes\/serie-18-a-31-albumes\/serie-30-album\/","title":{"rendered":"Serie 30 \u00e1lbum"},"content":{"rendered":"<p>A continuaci\u00f3n aparecen todas las hojas del \u00e1lbum para coleccionistas de la Serie 30 &#8211; Cuadros C\u00e9lebres y sus Autores.&nbsp;Estas hojas miden 318 mm x 228 mm.<\/p>\n<p><em>Clique&nbsp;<a href=\"http:\/\/inserts.org.uk\/index.php\/es\/las-series\/serie-18-a-c-fototipias\/serie-30-cuadros-celebres-y-sus-autores\/\"><strong>aqu\u00ed<\/strong><\/a> para ver todas las Fototipias de la Serie 30.<\/em><\/p>\nngg_shortcode_0_placeholder\n<p>&nbsp;<\/p>\n","protected":false},"excerpt":{"rendered":"<p>A continuaci\u00f3n aparecen todas las hojas del \u00e1lbum para coleccionistas de la Serie 30 &#8211; Cuadros C\u00e9lebres y sus Autores.&nbsp;Estas hojas miden 318 mm x 228 mm. Clique&nbsp;aqu\u00ed para ver todas las Fototipias de la Serie 30. &#8221; order_by=&#8221;pid&#8221; order_direction=&#8221;ASC&#8221; returns=&#8221;included&#8221; maximum_entity_count=&#8221;10000&#8243;] &nbsp; <a href=\"https:\/\/inserts.org.uk\/index.php\/es\/albumes\/serie-18-a-31-albumes\/serie-30-album\/\" class=\"more-link\">Read more<i class=\"icon-arrow-line-right\"><\/i><\/a><\/p>\n","protected":false},"author":1,"featured_media":0,"parent":4021,"menu_order":30,"comment_status":"closed","ping_status":"closed","template":"","meta":{"ngg_post_thumbnail":0,"footnotes":""},"class_list":["post-11813","page","type-page","status-publish","hentry"],"_links":{"self":[{"href":"https:\/\/inserts.org.uk\/index.php\/wp-json\/wp\/v2\/pages\/11813","targetHints":{"allow":["GET"]}}],"collection":[{"href":"https:\/\/inserts.org.uk\/index.php\/wp-json\/wp\/v2\/pages"}],"about":[{"href":"https:\/\/inserts.org.uk\/index.php\/wp-json\/wp\/v2\/types\/page"}],"author":[{"embeddable":true,"href":"https:\/\/inserts.org.uk\/index.php\/wp-json\/wp\/v2\/users\/1"}],"replies":[{"embeddable":true,"href":"https:\/\/inserts.org.uk\/index.php\/wp-json\/wp\/v2\/comments?post=11813"}],"version-history":[{"count":6,"href":"https:\/\/inserts.org.uk\/index.php\/wp-json\/wp\/v2\/pages\/11813\/revisions"}],"predecessor-version":[{"id":29051,"href":"https:\/\/inserts.org.uk\/index.php\/wp-json\/wp\/v2\/pages\/11813\/revisions\/29051"}],"up":[{"embeddable":true,"href":"https:\/\/inserts.org.uk\/index.php\/wp-json\/wp\/v2\/pages\/4021"}],"wp:attachment":[{"href":"https:\/\/inserts.org.uk\/index.php\/wp-json\/wp\/v2\/media?parent=11813"}],"curies":[{"name":"wp","href":"https:\/\/api.w.org\/{rel}","templated":true}]}}