{"id":11869,"date":"2018-02-09T17:29:52","date_gmt":"2018-02-09T17:29:52","guid":{"rendered":"http:\/\/inserts.org.uk\/?page_id=11869"},"modified":"2018-10-25T13:50:57","modified_gmt":"2018-10-25T13:50:57","slug":"serie-especial-album","status":"publish","type":"page","link":"https:\/\/inserts.org.uk\/index.php\/es\/albumes\/serie-18-a-31-albumes\/serie-especial-album\/","title":{"rendered":"Serie Especial \u00e1lbum"},"content":{"rendered":"<p>A continuaci\u00f3n aparecen todas las hojas del \u00e1lbum para coleccionistas de la Serie Especial &#8211; Dedicado al Centenario del Quijote.&nbsp;Estas hojas miden 320 mm x 228 mm. Notar que en realidad este Serie fue editada cronol\u00f3gicamente entre las Series 26 y 27.<\/p>\n<p><em>Clique&nbsp;<a href=\"http:\/\/inserts.org.uk\/index.php\/es\/las-series\/serie-18-a-c-fototipias\/serie-especial-don-quixote\/\"><strong>aqu\u00ed<\/strong><\/a> para ver todas las Fototipias de la Serie Especial.<\/em><\/p>\nngg_shortcode_0_placeholder\n","protected":false},"excerpt":{"rendered":"<p>A continuaci\u00f3n aparecen todas las hojas del \u00e1lbum para coleccionistas de la Serie Especial &#8211; Dedicado al Centenario del Quijote.&nbsp;Estas hojas miden 320 mm x 228 mm. Notar que en realidad este Serie fue editada cronol\u00f3gicamente entre las Series 26 y 27. Clique&nbsp;aqu\u00ed para ver todas las Fototipias de la Serie Especial. &#8221; order_by=&#8221;pid&#8221; order_direction=&#8221;ASC&#8221; [&hellip;] <a href=\"https:\/\/inserts.org.uk\/index.php\/es\/albumes\/serie-18-a-31-albumes\/serie-especial-album\/\" class=\"more-link\">Read more<i class=\"icon-arrow-line-right\"><\/i><\/a><\/p>\n","protected":false},"author":1,"featured_media":0,"parent":4021,"menu_order":32,"comment_status":"closed","ping_status":"closed","template":"","meta":{"ngg_post_thumbnail":0,"footnotes":""},"class_list":["post-11869","page","type-page","status-publish","hentry"],"_links":{"self":[{"href":"https:\/\/inserts.org.uk\/index.php\/wp-json\/wp\/v2\/pages\/11869","targetHints":{"allow":["GET"]}}],"collection":[{"href":"https:\/\/inserts.org.uk\/index.php\/wp-json\/wp\/v2\/pages"}],"about":[{"href":"https:\/\/inserts.org.uk\/index.php\/wp-json\/wp\/v2\/types\/page"}],"author":[{"embeddable":true,"href":"https:\/\/inserts.org.uk\/index.php\/wp-json\/wp\/v2\/users\/1"}],"replies":[{"embeddable":true,"href":"https:\/\/inserts.org.uk\/index.php\/wp-json\/wp\/v2\/comments?post=11869"}],"version-history":[{"count":10,"href":"https:\/\/inserts.org.uk\/index.php\/wp-json\/wp\/v2\/pages\/11869\/revisions"}],"predecessor-version":[{"id":29573,"href":"https:\/\/inserts.org.uk\/index.php\/wp-json\/wp\/v2\/pages\/11869\/revisions\/29573"}],"up":[{"embeddable":true,"href":"https:\/\/inserts.org.uk\/index.php\/wp-json\/wp\/v2\/pages\/4021"}],"wp:attachment":[{"href":"https:\/\/inserts.org.uk\/index.php\/wp-json\/wp\/v2\/media?parent=11869"}],"curies":[{"name":"wp","href":"https:\/\/api.w.org\/{rel}","templated":true}]}}