{"id":12664,"date":"2018-02-18T11:57:07","date_gmt":"2018-02-18T11:57:07","guid":{"rendered":"http:\/\/inserts.org.uk\/?page_id=12664"},"modified":"2018-10-06T15:17:35","modified_gmt":"2018-10-06T15:17:35","slug":"serie-23-celebres-princesas","status":"publish","type":"page","link":"https:\/\/inserts.org.uk\/index.php\/es\/las-series\/serie-18-a-c-fototipias\/serie-23-celebres-princesas\/","title":{"rendered":"Serie 23 &#8211; C\u00e9lebres Princesas"},"content":{"rendered":"<p>A continuaci\u00f3n aparecen las 75 Fototipias de la Serie 23.&nbsp;Esas cartulinas barnizadas miden 33 mm x 44 mm con esquinas cuadradas. El dorso est\u00e1 en blanco.&nbsp;<br \/>\n<em>Abajo se puede ver el \u00e1lbum de la Serie 23 o clique <a href=\"http:\/\/inserts.org.uk\/index.php\/es\/albumes\/serie-18-a-31-albumes\/serie-23-album\/\"><strong>aqu\u00ed<\/strong><\/a>.&nbsp;<\/em><\/p>\nngg_shortcode_0_placeholder\n<p>A continuaci\u00f3n aparecen todas las hojas del \u00e1lbum para coleccionistas de la Serie 23.<\/p>\nngg_shortcode_1_placeholder\n<p>&nbsp;<\/p>\n","protected":false},"excerpt":{"rendered":"<p>A continuaci\u00f3n aparecen las 75 Fototipias de la Serie 23.&nbsp;Esas cartulinas barnizadas miden 33 mm x 44 mm con esquinas cuadradas. El dorso est\u00e1 en blanco.&nbsp; Abajo se puede ver el \u00e1lbum de la Serie 23 o clique aqu\u00ed.&nbsp; &#8221; order_by=&#8221;sortorder&#8221; order_direction=&#8221;ASC&#8221; returns=&#8221;included&#8221; maximum_entity_count=&#8221;10000&#8243;] A continuaci\u00f3n aparecen todas las hojas del \u00e1lbum para coleccionistas de [&hellip;] <a href=\"https:\/\/inserts.org.uk\/index.php\/es\/las-series\/serie-18-a-c-fototipias\/serie-23-celebres-princesas\/\" class=\"more-link\">Read more<i class=\"icon-arrow-line-right\"><\/i><\/a><\/p>\n","protected":false},"author":1,"featured_media":0,"parent":4031,"menu_order":23,"comment_status":"closed","ping_status":"closed","template":"","meta":{"ngg_post_thumbnail":0,"footnotes":""},"class_list":["post-12664","page","type-page","status-publish","hentry"],"_links":{"self":[{"href":"https:\/\/inserts.org.uk\/index.php\/wp-json\/wp\/v2\/pages\/12664","targetHints":{"allow":["GET"]}}],"collection":[{"href":"https:\/\/inserts.org.uk\/index.php\/wp-json\/wp\/v2\/pages"}],"about":[{"href":"https:\/\/inserts.org.uk\/index.php\/wp-json\/wp\/v2\/types\/page"}],"author":[{"embeddable":true,"href":"https:\/\/inserts.org.uk\/index.php\/wp-json\/wp\/v2\/users\/1"}],"replies":[{"embeddable":true,"href":"https:\/\/inserts.org.uk\/index.php\/wp-json\/wp\/v2\/comments?post=12664"}],"version-history":[{"count":7,"href":"https:\/\/inserts.org.uk\/index.php\/wp-json\/wp\/v2\/pages\/12664\/revisions"}],"predecessor-version":[{"id":28903,"href":"https:\/\/inserts.org.uk\/index.php\/wp-json\/wp\/v2\/pages\/12664\/revisions\/28903"}],"up":[{"embeddable":true,"href":"https:\/\/inserts.org.uk\/index.php\/wp-json\/wp\/v2\/pages\/4031"}],"wp:attachment":[{"href":"https:\/\/inserts.org.uk\/index.php\/wp-json\/wp\/v2\/media?parent=12664"}],"curies":[{"name":"wp","href":"https:\/\/api.w.org\/{rel}","templated":true}]}}