{"id":12896,"date":"2018-02-18T18:40:22","date_gmt":"2018-02-18T18:40:22","guid":{"rendered":"http:\/\/inserts.org.uk\/?page_id=12896"},"modified":"2018-10-25T13:51:39","modified_gmt":"2018-10-25T13:51:39","slug":"serie-especial-don-quixote","status":"publish","type":"page","link":"https:\/\/inserts.org.uk\/index.php\/es\/las-series\/serie-18-a-c-fototipias\/serie-especial-don-quixote\/","title":{"rendered":"Serie Especial &#8211; Don Quijote"},"content":{"rendered":"<p>A continuaci\u00f3n aparecen las 80 Fototipias de la Serie Especial.&nbsp;Esas cartulinas miden 33 mm x 44 mm con esquinas cuadradas.&nbsp;El dorso&nbsp;muestra el n\u00famero de la Fototipia y una descripci\u00f3n de la imagen.&nbsp;Notar que en realidad este Serie fue editada cronol\u00f3gicamente entre las Series 26 y 27.<br \/>\n<em>Abajo se puede ver el \u00e1lbum de la Serie Especial o clique <a href=\"http:\/\/inserts.org.uk\/index.php\/es\/albumes\/serie-18-a-31-albumes\/serie-especial-album\/\"><strong>aqu\u00ed<\/strong><\/a>.<\/em><\/p>\nngg_shortcode_0_placeholder\n<p>A continuaci\u00f3n aparecen todas las hojas del \u00e1lbum para coleccionistas de la Serie Especial.<\/p>\nngg_shortcode_1_placeholder\n<p>&nbsp;<\/p>\n","protected":false},"excerpt":{"rendered":"<p>A continuaci\u00f3n aparecen las 80 Fototipias de la Serie Especial.&nbsp;Esas cartulinas miden 33 mm x 44 mm con esquinas cuadradas.&nbsp;El dorso&nbsp;muestra el n\u00famero de la Fototipia y una descripci\u00f3n de la imagen.&nbsp;Notar que en realidad este Serie fue editada cronol\u00f3gicamente entre las Series 26 y 27. Abajo se puede ver el \u00e1lbum de la Serie [&hellip;] <a href=\"https:\/\/inserts.org.uk\/index.php\/es\/las-series\/serie-18-a-c-fototipias\/serie-especial-don-quixote\/\" class=\"more-link\">Read more<i class=\"icon-arrow-line-right\"><\/i><\/a><\/p>\n","protected":false},"author":1,"featured_media":0,"parent":4031,"menu_order":34,"comment_status":"closed","ping_status":"closed","template":"","meta":{"ngg_post_thumbnail":0,"footnotes":""},"class_list":["post-12896","page","type-page","status-publish","hentry"],"_links":{"self":[{"href":"https:\/\/inserts.org.uk\/index.php\/wp-json\/wp\/v2\/pages\/12896","targetHints":{"allow":["GET"]}}],"collection":[{"href":"https:\/\/inserts.org.uk\/index.php\/wp-json\/wp\/v2\/pages"}],"about":[{"href":"https:\/\/inserts.org.uk\/index.php\/wp-json\/wp\/v2\/types\/page"}],"author":[{"embeddable":true,"href":"https:\/\/inserts.org.uk\/index.php\/wp-json\/wp\/v2\/users\/1"}],"replies":[{"embeddable":true,"href":"https:\/\/inserts.org.uk\/index.php\/wp-json\/wp\/v2\/comments?post=12896"}],"version-history":[{"count":9,"href":"https:\/\/inserts.org.uk\/index.php\/wp-json\/wp\/v2\/pages\/12896\/revisions"}],"predecessor-version":[{"id":29577,"href":"https:\/\/inserts.org.uk\/index.php\/wp-json\/wp\/v2\/pages\/12896\/revisions\/29577"}],"up":[{"embeddable":true,"href":"https:\/\/inserts.org.uk\/index.php\/wp-json\/wp\/v2\/pages\/4031"}],"wp:attachment":[{"href":"https:\/\/inserts.org.uk\/index.php\/wp-json\/wp\/v2\/media?parent=12896"}],"curies":[{"name":"wp","href":"https:\/\/api.w.org\/{rel}","templated":true}]}}