{"id":12930,"date":"2018-02-18T19:01:43","date_gmt":"2018-02-18T19:01:43","guid":{"rendered":"http:\/\/inserts.org.uk\/?page_id=12930"},"modified":"2018-10-05T08:28:48","modified_gmt":"2018-10-05T08:28:48","slug":"serie-30-cuadros-celebres-y-sus-autores","status":"publish","type":"page","link":"https:\/\/inserts.org.uk\/index.php\/es\/las-series\/serie-18-a-c-fototipias\/serie-30-cuadros-celebres-y-sus-autores\/","title":{"rendered":"Serie 30 &#8211; Cuadros C\u00e9lebres y sus Autores"},"content":{"rendered":"<p>A continuaci\u00f3n aparecen las 80 Fototipias de la Serie 30.&nbsp;Esas cartulinas miden 33 mm x 44 mm con esquinas cuadradas. El dorso&nbsp;<span lang=\"es\">muestra el n\u00famero de la Fototipia, el t\u00edtulo de la pintura y el nombre del pintor.<\/span>&nbsp;<br \/>\n<em>Abajo se puede ver el \u00e1lbum de la Serie 30 o clique <a href=\"http:\/\/inserts.org.uk\/index.php\/es\/albumes\/serie-18-a-31-albumes\/serie-30-album\/\"><strong>aqu\u00ed<\/strong><\/a>.<\/em><\/p>\nngg_shortcode_0_placeholder\n<p>A continuaci\u00f3n aparecen todas las hojas del \u00e1lbum para coleccionistas de la Serie 30.<\/p>\nngg_shortcode_1_placeholder\n<p>&nbsp;<\/p>\n","protected":false},"excerpt":{"rendered":"<p>A continuaci\u00f3n aparecen las 80 Fototipias de la Serie 30.&nbsp;Esas cartulinas miden 33 mm x 44 mm con esquinas cuadradas. El dorso&nbsp;muestra el n\u00famero de la Fototipia, el t\u00edtulo de la pintura y el nombre del pintor.&nbsp; Abajo se puede ver el \u00e1lbum de la Serie 30 o clique aqu\u00ed. &#8221; order_by=&#8221;sortorder&#8221; order_direction=&#8221;ASC&#8221; returns=&#8221;included&#8221; maximum_entity_count=&#8221;10000&#8243;] [&hellip;] <a href=\"https:\/\/inserts.org.uk\/index.php\/es\/las-series\/serie-18-a-c-fototipias\/serie-30-cuadros-celebres-y-sus-autores\/\" class=\"more-link\">Read more<i class=\"icon-arrow-line-right\"><\/i><\/a><\/p>\n","protected":false},"author":1,"featured_media":0,"parent":4031,"menu_order":30,"comment_status":"closed","ping_status":"closed","template":"","meta":{"ngg_post_thumbnail":0,"footnotes":""},"class_list":["post-12930","page","type-page","status-publish","hentry"],"_links":{"self":[{"href":"https:\/\/inserts.org.uk\/index.php\/wp-json\/wp\/v2\/pages\/12930","targetHints":{"allow":["GET"]}}],"collection":[{"href":"https:\/\/inserts.org.uk\/index.php\/wp-json\/wp\/v2\/pages"}],"about":[{"href":"https:\/\/inserts.org.uk\/index.php\/wp-json\/wp\/v2\/types\/page"}],"author":[{"embeddable":true,"href":"https:\/\/inserts.org.uk\/index.php\/wp-json\/wp\/v2\/users\/1"}],"replies":[{"embeddable":true,"href":"https:\/\/inserts.org.uk\/index.php\/wp-json\/wp\/v2\/comments?post=12930"}],"version-history":[{"count":6,"href":"https:\/\/inserts.org.uk\/index.php\/wp-json\/wp\/v2\/pages\/12930\/revisions"}],"predecessor-version":[{"id":28407,"href":"https:\/\/inserts.org.uk\/index.php\/wp-json\/wp\/v2\/pages\/12930\/revisions\/28407"}],"up":[{"embeddable":true,"href":"https:\/\/inserts.org.uk\/index.php\/wp-json\/wp\/v2\/pages\/4031"}],"wp:attachment":[{"href":"https:\/\/inserts.org.uk\/index.php\/wp-json\/wp\/v2\/media?parent=12930"}],"curies":[{"name":"wp","href":"https:\/\/api.w.org\/{rel}","templated":true}]}}