{"id":12962,"date":"2018-02-18T19:14:19","date_gmt":"2018-02-18T19:14:19","guid":{"rendered":"http:\/\/inserts.org.uk\/?page_id=12962"},"modified":"2018-10-06T15:48:12","modified_gmt":"2018-10-06T15:48:12","slug":"serie-31-conmemorativa-al-centenario-de-los-sitios","status":"publish","type":"page","link":"https:\/\/inserts.org.uk\/index.php\/es\/las-series\/serie-18-a-c-fototipias\/serie-31-conmemorativa-al-centenario-de-los-sitios\/","title":{"rendered":"Serie 31 &#8211; Conmemorativa al Centenario de los Sitios"},"content":{"rendered":"<p>A continuaci\u00f3n aparecen las 75 Fototipias de la Serie 31. Esas cartulinas miden 33 mm x 44 mm con esquinas cuadradas. El dorso&nbsp;<span lang=\"es\">tiene una descripci\u00f3n de la persona que se muestra en el frente.<\/span><br \/>\n<em>Abajo se puede ver el \u00e1lbum de la Serie 31 o clique <a href=\"http:\/\/inserts.org.uk\/index.php\/es\/albumes\/serie-18-a-31-albumes\/serie-31-album\/\"><strong>aqu\u00ed<\/strong><\/a>.<\/em><\/p>\nngg_shortcode_0_placeholder\n<p>A continuaci\u00f3n aparecen todas las hojas del \u00e1lbum para coleccionistas de la Serie 31.<\/p>\nngg_shortcode_1_placeholder\n<p>&nbsp;<\/p>\n","protected":false},"excerpt":{"rendered":"<p>A continuaci\u00f3n aparecen las 75 Fototipias de la Serie 31. Esas cartulinas miden 33 mm x 44 mm con esquinas cuadradas. El dorso&nbsp;tiene una descripci\u00f3n de la persona que se muestra en el frente. Abajo se puede ver el \u00e1lbum de la Serie 31 o clique aqu\u00ed. &#8221; order_by=&#8221;sortorder&#8221; order_direction=&#8221;ASC&#8221; returns=&#8221;included&#8221; maximum_entity_count=&#8221;10000&#8243;] A continuaci\u00f3n aparecen [&hellip;] <a href=\"https:\/\/inserts.org.uk\/index.php\/es\/las-series\/serie-18-a-c-fototipias\/serie-31-conmemorativa-al-centenario-de-los-sitios\/\" class=\"more-link\">Read more<i class=\"icon-arrow-line-right\"><\/i><\/a><\/p>\n","protected":false},"author":1,"featured_media":0,"parent":4031,"menu_order":31,"comment_status":"closed","ping_status":"closed","template":"","meta":{"ngg_post_thumbnail":0,"footnotes":""},"class_list":["post-12962","page","type-page","status-publish","hentry"],"_links":{"self":[{"href":"https:\/\/inserts.org.uk\/index.php\/wp-json\/wp\/v2\/pages\/12962","targetHints":{"allow":["GET"]}}],"collection":[{"href":"https:\/\/inserts.org.uk\/index.php\/wp-json\/wp\/v2\/pages"}],"about":[{"href":"https:\/\/inserts.org.uk\/index.php\/wp-json\/wp\/v2\/types\/page"}],"author":[{"embeddable":true,"href":"https:\/\/inserts.org.uk\/index.php\/wp-json\/wp\/v2\/users\/1"}],"replies":[{"embeddable":true,"href":"https:\/\/inserts.org.uk\/index.php\/wp-json\/wp\/v2\/comments?post=12962"}],"version-history":[{"count":8,"href":"https:\/\/inserts.org.uk\/index.php\/wp-json\/wp\/v2\/pages\/12962\/revisions"}],"predecessor-version":[{"id":28957,"href":"https:\/\/inserts.org.uk\/index.php\/wp-json\/wp\/v2\/pages\/12962\/revisions\/28957"}],"up":[{"embeddable":true,"href":"https:\/\/inserts.org.uk\/index.php\/wp-json\/wp\/v2\/pages\/4031"}],"wp:attachment":[{"href":"https:\/\/inserts.org.uk\/index.php\/wp-json\/wp\/v2\/media?parent=12962"}],"curies":[{"name":"wp","href":"https:\/\/api.w.org\/{rel}","templated":true}]}}