{"id":13084,"date":"2018-02-19T12:32:16","date_gmt":"2018-02-19T12:32:16","guid":{"rendered":"http:\/\/inserts.org.uk\/?page_id=13084"},"modified":"2019-07-15T15:54:24","modified_gmt":"2019-07-15T15:54:24","slug":"serie-b-museo-nacional","status":"publish","type":"page","link":"https:\/\/inserts.org.uk\/index.php\/es\/las-series\/serie-18-a-c-fototipias\/serie-b-museo-nacional\/","title":{"rendered":"Serie B &#8211; Museo Nacional"},"content":{"rendered":"<p>A continuaci\u00f3n aparecen las 80 Fototipias de la Serie B.&nbsp;Esas cartulinas delgadas miden 32 mm x 42 mm con esquinas cuadradas. El dorso est\u00e1 en blanco.&nbsp;<\/p>\n<p><em>Notar que no existen l\u00e1minas n\u00ed \u00e1lbum para la Serie B.<\/em><\/p>\nngg_shortcode_0_placeholder\n<p>&nbsp;No existen l\u00e1minas n\u00ed \u00e1lbum para la Serie B.<\/p>\n","protected":false},"excerpt":{"rendered":"<p>A continuaci\u00f3n aparecen las 80 Fototipias de la Serie B.&nbsp;Esas cartulinas delgadas miden 32 mm x 42 mm con esquinas cuadradas. El dorso est\u00e1 en blanco.&nbsp; Notar que no existen l\u00e1minas n\u00ed \u00e1lbum para la Serie B. &#8221; order_by=&#8221;sortorder&#8221; order_direction=&#8221;ASC&#8221; returns=&#8221;included&#8221; maximum_entity_count=&#8221;10000&#8243;] &nbsp;No existen l\u00e1minas n\u00ed \u00e1lbum para la Serie B. <a href=\"https:\/\/inserts.org.uk\/index.php\/es\/las-series\/serie-18-a-c-fototipias\/serie-b-museo-nacional\/\" class=\"more-link\">Read more<i class=\"icon-arrow-line-right\"><\/i><\/a><\/p>\n","protected":false},"author":1,"featured_media":0,"parent":4031,"menu_order":36,"comment_status":"closed","ping_status":"closed","template":"","meta":{"ngg_post_thumbnail":0,"footnotes":""},"class_list":["post-13084","page","type-page","status-publish","hentry"],"_links":{"self":[{"href":"https:\/\/inserts.org.uk\/index.php\/wp-json\/wp\/v2\/pages\/13084","targetHints":{"allow":["GET"]}}],"collection":[{"href":"https:\/\/inserts.org.uk\/index.php\/wp-json\/wp\/v2\/pages"}],"about":[{"href":"https:\/\/inserts.org.uk\/index.php\/wp-json\/wp\/v2\/types\/page"}],"author":[{"embeddable":true,"href":"https:\/\/inserts.org.uk\/index.php\/wp-json\/wp\/v2\/users\/1"}],"replies":[{"embeddable":true,"href":"https:\/\/inserts.org.uk\/index.php\/wp-json\/wp\/v2\/comments?post=13084"}],"version-history":[{"count":8,"href":"https:\/\/inserts.org.uk\/index.php\/wp-json\/wp\/v2\/pages\/13084\/revisions"}],"predecessor-version":[{"id":30048,"href":"https:\/\/inserts.org.uk\/index.php\/wp-json\/wp\/v2\/pages\/13084\/revisions\/30048"}],"up":[{"embeddable":true,"href":"https:\/\/inserts.org.uk\/index.php\/wp-json\/wp\/v2\/pages\/4031"}],"wp:attachment":[{"href":"https:\/\/inserts.org.uk\/index.php\/wp-json\/wp\/v2\/media?parent=13084"}],"curies":[{"name":"wp","href":"https:\/\/api.w.org\/{rel}","templated":true}]}}