{"id":13108,"date":"2018-02-19T12:43:12","date_gmt":"2018-02-19T12:43:12","guid":{"rendered":"http:\/\/inserts.org.uk\/?page_id=13108"},"modified":"2019-07-15T15:55:01","modified_gmt":"2019-07-15T15:55:01","slug":"serie-c-esculturas-de-varios-museos","status":"publish","type":"page","link":"https:\/\/inserts.org.uk\/index.php\/es\/las-series\/serie-18-a-c-fototipias\/serie-c-esculturas-de-varios-museos\/","title":{"rendered":"Serie C &#8211; Esculturas de varios Museos"},"content":{"rendered":"<p>A continuaci\u00f3n aparecen las 80 Fototipias de la Serie C.&nbsp;Esas cartulinas delgadas miden 32 mm x 42 mm con esquinas cuadradas. El dorso est\u00e1 en blanco.<\/p>\n<p>Esta Serie es extremedamente rara,&nbsp;y la mayor\u00eda de las im\u00e1genes a continuaci\u00f3n son de copias fotogr\u00e1ficas.<\/p>\n<p><em>Notar que no existen l\u00e1minas n\u00ed \u00e1lbum para la Serie C.<\/em><\/p>\nngg_shortcode_0_placeholder\n<p>&nbsp;No existen l\u00e1minas n\u00ed \u00e1lbum para la Serie C.<\/p>\n","protected":false},"excerpt":{"rendered":"<p>A continuaci\u00f3n aparecen las 80 Fototipias de la Serie C.&nbsp;Esas cartulinas delgadas miden 32 mm x 42 mm con esquinas cuadradas. El dorso est\u00e1 en blanco. Esta Serie es extremedamente rara,&nbsp;y la mayor\u00eda de las im\u00e1genes a continuaci\u00f3n son de copias fotogr\u00e1ficas. Notar que no existen l\u00e1minas n\u00ed \u00e1lbum para la Serie C. &#8221; order_by=&#8221;sortorder&#8221; [&hellip;] <a href=\"https:\/\/inserts.org.uk\/index.php\/es\/las-series\/serie-18-a-c-fototipias\/serie-c-esculturas-de-varios-museos\/\" class=\"more-link\">Read more<i class=\"icon-arrow-line-right\"><\/i><\/a><\/p>\n","protected":false},"author":1,"featured_media":0,"parent":4031,"menu_order":37,"comment_status":"closed","ping_status":"closed","template":"","meta":{"ngg_post_thumbnail":0,"footnotes":""},"class_list":["post-13108","page","type-page","status-publish","hentry"],"_links":{"self":[{"href":"https:\/\/inserts.org.uk\/index.php\/wp-json\/wp\/v2\/pages\/13108","targetHints":{"allow":["GET"]}}],"collection":[{"href":"https:\/\/inserts.org.uk\/index.php\/wp-json\/wp\/v2\/pages"}],"about":[{"href":"https:\/\/inserts.org.uk\/index.php\/wp-json\/wp\/v2\/types\/page"}],"author":[{"embeddable":true,"href":"https:\/\/inserts.org.uk\/index.php\/wp-json\/wp\/v2\/users\/1"}],"replies":[{"embeddable":true,"href":"https:\/\/inserts.org.uk\/index.php\/wp-json\/wp\/v2\/comments?post=13108"}],"version-history":[{"count":9,"href":"https:\/\/inserts.org.uk\/index.php\/wp-json\/wp\/v2\/pages\/13108\/revisions"}],"predecessor-version":[{"id":30052,"href":"https:\/\/inserts.org.uk\/index.php\/wp-json\/wp\/v2\/pages\/13108\/revisions\/30052"}],"up":[{"embeddable":true,"href":"https:\/\/inserts.org.uk\/index.php\/wp-json\/wp\/v2\/pages\/4031"}],"wp:attachment":[{"href":"https:\/\/inserts.org.uk\/index.php\/wp-json\/wp\/v2\/media?parent=13108"}],"curies":[{"name":"wp","href":"https:\/\/api.w.org\/{rel}","templated":true}]}}