{"id":27773,"date":"2018-09-26T19:25:03","date_gmt":"2018-09-26T19:25:03","guid":{"rendered":"http:\/\/inserts.org.uk\/?page_id=27773"},"modified":"2018-09-27T19:18:51","modified_gmt":"2018-09-27T19:18:51","slug":"1929-exhibition","status":"publish","type":"page","link":"https:\/\/inserts.org.uk\/index.php\/1929-exhibition\/","title":{"rendered":"1929 Exhibition"},"content":{"rendered":"<p><span lang=\"en\">In 1929 two major exhibitions were held in Spain : <\/span><\/p>\n<ol>\n<li class=\"tw-data-text tw-ta tw-text-small\" dir=\"ltr\" data-placeholder=\"Translation\"><span lang=\"en\">the Ibero-American Exhibition of Seville (from&nbsp;9 May 1929 until 21 June 1930)<\/span><\/li>\n<li class=\"tw-data-text tw-ta tw-text-small\" dir=\"ltr\" data-placeholder=\"Translation\"><span lang=\"en\">the International Exhibition of Barcelona (from 20 May 1929 until 15 January 1930)<\/span><\/li>\n<\/ol>\n<p id=\"tw-target-text\" class=\"tw-data-text tw-ta tw-text-small\" dir=\"ltr\" data-placeholder=\"Translation\"><span lang=\"en\">These were promoted together as the <\/span> <strong>Exposici\u00f3n General Espa\u00f1ola<\/strong>, and the Compa\u00f1\u00eda Arrendatar\u00eda de F\u00f3sforos issued Inserts within the matchboxes that had been specially made for the Exhibition.&nbsp;<\/p>\nngg_shortcode_0_placeholder\n<p>Other collectable cards were also produced for the Exhibition, including collectors&#8217; albums.<\/p>\nngg_shortcode_1_placeholder\n","protected":false},"excerpt":{"rendered":"<p>In 1929 two major exhibitions were held in Spain : the Ibero-American Exhibition of Seville (from&nbsp;9 May 1929 until 21 June 1930) the International Exhibition of Barcelona (from 20 May 1929 until 15 January 1930) These were promoted together as the Exposici\u00f3n General Espa\u00f1ola, and the Compa\u00f1\u00eda Arrendatar\u00eda de F\u00f3sforos issued Inserts within the matchboxes [&hellip;] <a href=\"https:\/\/inserts.org.uk\/index.php\/1929-exhibition\/\" class=\"more-link\">Read more<i class=\"icon-arrow-line-right\"><\/i><\/a><\/p>\n","protected":false},"author":1,"featured_media":0,"parent":0,"menu_order":0,"comment_status":"closed","ping_status":"closed","template":"","meta":{"ngg_post_thumbnail":0,"footnotes":""},"class_list":["post-27773","page","type-page","status-publish","hentry"],"_links":{"self":[{"href":"https:\/\/inserts.org.uk\/index.php\/wp-json\/wp\/v2\/pages\/27773","targetHints":{"allow":["GET"]}}],"collection":[{"href":"https:\/\/inserts.org.uk\/index.php\/wp-json\/wp\/v2\/pages"}],"about":[{"href":"https:\/\/inserts.org.uk\/index.php\/wp-json\/wp\/v2\/types\/page"}],"author":[{"embeddable":true,"href":"https:\/\/inserts.org.uk\/index.php\/wp-json\/wp\/v2\/users\/1"}],"replies":[{"embeddable":true,"href":"https:\/\/inserts.org.uk\/index.php\/wp-json\/wp\/v2\/comments?post=27773"}],"version-history":[{"count":12,"href":"https:\/\/inserts.org.uk\/index.php\/wp-json\/wp\/v2\/pages\/27773\/revisions"}],"predecessor-version":[{"id":28013,"href":"https:\/\/inserts.org.uk\/index.php\/wp-json\/wp\/v2\/pages\/27773\/revisions\/28013"}],"wp:attachment":[{"href":"https:\/\/inserts.org.uk\/index.php\/wp-json\/wp\/v2\/media?parent=27773"}],"curies":[{"name":"wp","href":"https:\/\/api.w.org\/{rel}","templated":true}]}}