{"id":27783,"date":"2018-09-26T19:29:34","date_gmt":"2018-09-26T19:29:34","guid":{"rendered":"http:\/\/inserts.org.uk\/?page_id=27783"},"modified":"2018-09-27T19:19:44","modified_gmt":"2018-09-27T19:19:44","slug":"1929-exposicion-general-espanola","status":"publish","type":"page","link":"https:\/\/inserts.org.uk\/index.php\/es\/1929-exposicion-general-espanola\/","title":{"rendered":"1929 Exposici\u00f3n General Espa\u00f1ola"},"content":{"rendered":"<p>En 1929 se celebraron dos grandes exposiciones en Espa\u00f1a :<\/p>\n<ol>\n<li>la Exposici\u00f3n Ibero-Americana de Sevilla (del&nbsp;9 de mayo de 1929 al&nbsp;21 de junio de 1930)<\/li>\n<li>la Exposici\u00f3n Internacional de Barcelona (del&nbsp;20 de mayo&nbsp;de&nbsp;1929&nbsp;al&nbsp;15 de enero&nbsp;de&nbsp;1930)<\/li>\n<\/ol>\n<p id=\"tw-target-text\" class=\"tw-data-text tw-ta tw-text-medium\" dir=\"ltr\" data-placeholder=\"Translation\"><span lang=\"es\">Fueron promocionados juntos como&nbsp;<\/span><span lang=\"es\">la <strong>Exposici\u00f3n General Espa\u00f1ola,<\/strong>&nbsp;y la Compa\u00f1\u00eda Arrendatar\u00eda de F\u00f3sforos emiti\u00f3 Fototipias dentro de las cajas de cerillas especialmente fabricadas para la Exposici\u00f3n.<\/span><\/p>\nngg_shortcode_0_placeholder\n<p>Tambi\u00e9n se produjeron otras Fototipias coleccionables para la Exposici\u00f3n, incluyendo \u00e1lbumes para coleccionistas.<\/p>\nngg_shortcode_1_placeholder\n","protected":false},"excerpt":{"rendered":"<p>En 1929 se celebraron dos grandes exposiciones en Espa\u00f1a : la Exposici\u00f3n Ibero-Americana de Sevilla (del&nbsp;9 de mayo de 1929 al&nbsp;21 de junio de 1930) la Exposici\u00f3n Internacional de Barcelona (del&nbsp;20 de mayo&nbsp;de&nbsp;1929&nbsp;al&nbsp;15 de enero&nbsp;de&nbsp;1930) Fueron promocionados juntos como&nbsp;la Exposici\u00f3n General Espa\u00f1ola,&nbsp;y la Compa\u00f1\u00eda Arrendatar\u00eda de F\u00f3sforos emiti\u00f3 Fototipias dentro de las cajas de cerillas [&hellip;] <a href=\"https:\/\/inserts.org.uk\/index.php\/es\/1929-exposicion-general-espanola\/\" class=\"more-link\">Read more<i class=\"icon-arrow-line-right\"><\/i><\/a><\/p>\n","protected":false},"author":1,"featured_media":0,"parent":0,"menu_order":0,"comment_status":"closed","ping_status":"closed","template":"","meta":{"ngg_post_thumbnail":0,"footnotes":""},"class_list":["post-27783","page","type-page","status-publish","hentry"],"_links":{"self":[{"href":"https:\/\/inserts.org.uk\/index.php\/wp-json\/wp\/v2\/pages\/27783","targetHints":{"allow":["GET"]}}],"collection":[{"href":"https:\/\/inserts.org.uk\/index.php\/wp-json\/wp\/v2\/pages"}],"about":[{"href":"https:\/\/inserts.org.uk\/index.php\/wp-json\/wp\/v2\/types\/page"}],"author":[{"embeddable":true,"href":"https:\/\/inserts.org.uk\/index.php\/wp-json\/wp\/v2\/users\/1"}],"replies":[{"embeddable":true,"href":"https:\/\/inserts.org.uk\/index.php\/wp-json\/wp\/v2\/comments?post=27783"}],"version-history":[{"count":9,"href":"https:\/\/inserts.org.uk\/index.php\/wp-json\/wp\/v2\/pages\/27783\/revisions"}],"predecessor-version":[{"id":28015,"href":"https:\/\/inserts.org.uk\/index.php\/wp-json\/wp\/v2\/pages\/27783\/revisions\/28015"}],"wp:attachment":[{"href":"https:\/\/inserts.org.uk\/index.php\/wp-json\/wp\/v2\/media?parent=27783"}],"curies":[{"name":"wp","href":"https:\/\/api.w.org\/{rel}","templated":true}]}}