{"id":29,"date":"2017-10-03T21:28:25","date_gmt":"2017-10-03T21:28:25","guid":{"rendered":"http:\/\/inserts.org.uk\/?page_id=29"},"modified":"2026-01-04T12:07:28","modified_gmt":"2026-01-04T12:07:28","slug":"home","status":"publish","type":"page","link":"https:\/\/inserts.org.uk\/","title":{"rendered":"Home"},"content":{"rendered":"<p>Welcome to this web site which is dedicated to the history and beauty of the <strong>Insert cards<\/strong> which were issued in Spanish matchboxes between 1897 and 1910. &nbsp;Over the course of these thirteen years over 3000 different Inserts were produced, across 37 Series with 75 or more Inserts in each Series.<br \/>\n<em>Use the Menus for information about the Inserts or click <a href=\"http:\/\/inserts.org.uk\/index.php\/all-the-series\/\"><strong>here<\/strong><\/a> to see a list of all the Series.<br \/>\nIf you are new to the site <a href=\"http:\/\/inserts.org.uk\/index.php\/introduction\/the-inserts-explained\/\"><strong>this<\/strong><\/a> is a good place to start.<\/em><\/p>\n<p>ngg_shortcode_0_placeholderThis web site was created and developed by Mike Pryor, with enormous assistance from Alan Downer, Juan Manuel G\u00f3mez Pradera, Jes\u00fas Mar\u00eda Bollo Garc\u00eda and Pepita Robinson.<\/p>\n<p><strong>Website history<\/strong><\/p>\n<ul>\n<li>2018, November &#8211; site went live<\/li>\n<li>2019, January &#8211; various Spanish-language corrections and improved checklists<\/li>\n<li>2020, February &#8211; addition of example <a href=\"http:\/\/inserts.org.uk\/index.php\/albums\/the-albums-explained\/\"><strong>blank Collectors&#8217; sheet<\/strong><\/a><\/li>\n<li>2021, February &#8211; addition of an example <a href=\"http:\/\/inserts.org.uk\/index.php\/albums\/the-albums-explained\/\"><strong>blank album sheet<\/strong><\/a><\/li>\n<li>2022, February &#8211; small updates<\/li>\n<li>2023, June &#8211; small updates<\/li>\n<li>2024, February, minor updates<\/li>\n<li>2025, February, minor updates<\/li>\n<li>2026, January, minor updates<\/li>\n<\/ul>\n","protected":false},"excerpt":{"rendered":"<p>Welcome to this web site which is dedicated to the history and beauty of the Insert cards which were issued in Spanish matchboxes between 1897 and 1910. &nbsp;Over the course of these thirteen years over 3000 different Inserts were produced, across 37 Series with 75 or more Inserts in each Series. Use the Menus for [&hellip;] <a href=\"https:\/\/inserts.org.uk\/\" class=\"more-link\">Read more<i class=\"icon-arrow-line-right\"><\/i><\/a><\/p>\n","protected":false},"author":1,"featured_media":5,"parent":0,"menu_order":0,"comment_status":"closed","ping_status":"closed","template":"","meta":{"ngg_post_thumbnail":0,"footnotes":""},"class_list":["post-29","page","type-page","status-publish","has-post-thumbnail","hentry"],"_links":{"self":[{"href":"https:\/\/inserts.org.uk\/index.php\/wp-json\/wp\/v2\/pages\/29","targetHints":{"allow":["GET"]}}],"collection":[{"href":"https:\/\/inserts.org.uk\/index.php\/wp-json\/wp\/v2\/pages"}],"about":[{"href":"https:\/\/inserts.org.uk\/index.php\/wp-json\/wp\/v2\/types\/page"}],"author":[{"embeddable":true,"href":"https:\/\/inserts.org.uk\/index.php\/wp-json\/wp\/v2\/users\/1"}],"replies":[{"embeddable":true,"href":"https:\/\/inserts.org.uk\/index.php\/wp-json\/wp\/v2\/comments?post=29"}],"version-history":[{"count":59,"href":"https:\/\/inserts.org.uk\/index.php\/wp-json\/wp\/v2\/pages\/29\/revisions"}],"predecessor-version":[{"id":30269,"href":"https:\/\/inserts.org.uk\/index.php\/wp-json\/wp\/v2\/pages\/29\/revisions\/30269"}],"wp:featuredmedia":[{"embeddable":true,"href":"https:\/\/inserts.org.uk\/index.php\/wp-json\/wp\/v2\/media\/5"}],"wp:attachment":[{"href":"https:\/\/inserts.org.uk\/index.php\/wp-json\/wp\/v2\/media?parent=29"}],"curies":[{"name":"wp","href":"https:\/\/api.w.org\/{rel}","templated":true}]}}