{"id":29189,"date":"2018-10-18T09:53:27","date_gmt":"2018-10-18T09:53:27","guid":{"rendered":"http:\/\/inserts.org.uk\/?page_id=29189"},"modified":"2019-07-15T08:52:02","modified_gmt":"2019-07-15T08:52:02","slug":"las-grandes-actrices","status":"publish","type":"page","link":"https:\/\/inserts.org.uk\/index.php\/es\/las-series\/las-series-explicadas\/las-grandes-actrices\/","title":{"rendered":"Las actrices"},"content":{"rendered":"<p>Conocidas actrices de te\u00e1tro y de cine (mudo) aparecieron en diez Series : la Serie 1 a la 8 y luego en la Serie 13 y en la Serie 15. Ellas eran t\u00edpicamente artistas de music-hall \/ vodevil que cantaban, bailaban y actuaban. Por supuesto, algunas de estas actrices se hicieron m\u00e1s famosas que otras. Informaci\u00f3n sobre algunas de ellas se puede encontrar en el Internet hoy en d\u00eda, mientras que otras ya no se pueden rastrear despu\u00e9s de m\u00e1s de 100 a\u00f1os.<\/p>\nngg_shortcode_0_placeholder\n<p><a href=\"http:\/\/inserts.org.uk\/wp-content\/uploads\/2018\/10\/Resources-actress-names.pdf\" target=\"_blank\" rel=\"noopener\"><strong>Aqu\u00ed<\/strong><\/a> es una lista alfab\u00e9tica de todas las Actrices que aparecieron en las Fototipias,&nbsp; Adem\u00e1s, parece que las imprentas a veces escribieron mal y \/ o abreviaron algunos de los nombres de las actrices: donde hemos podido verificar los nombres e im\u00e1genes correctos los hemos enumerados as\u00ed, aunque la Fototipia individual puede tener un t\u00edtulo ligeramente diferente.<\/p>\n<p><span lang=\"es\">El uso de im\u00e1genes de actrices en las Fototipias fue seguramente un gesto puramente comercial destinado a hacer que las Fototipias fueran muy coleccionables y, por lo tanto, aumentar los ingresos para la Hacienda.&nbsp;<\/span><span lang=\"es\">Las cajas de cerillas de este per\u00edodo frecuentamente mostraban im\u00e1genes de personas famosas, incluidas actrices, y es probable que algunas de las mismas fotos se reutilizaran en las Fototipias. A continuaci\u00f3n se ponen unos ejemplos.<\/span><\/p>\nngg_shortcode_1_placeholder\n<p>&nbsp;<\/p>\n","protected":false},"excerpt":{"rendered":"<p>Conocidas actrices de te\u00e1tro y de cine (mudo) aparecieron en diez Series : la Serie 1 a la 8 y luego en la Serie 13 y en la Serie 15. Ellas eran t\u00edpicamente artistas de music-hall \/ vodevil que cantaban, bailaban y actuaban. Por supuesto, algunas de estas actrices se hicieron m\u00e1s famosas que otras. [&hellip;] <a href=\"https:\/\/inserts.org.uk\/index.php\/es\/las-series\/las-series-explicadas\/las-grandes-actrices\/\" class=\"more-link\">Read more<i class=\"icon-arrow-line-right\"><\/i><\/a><\/p>\n","protected":false},"author":1,"featured_media":0,"parent":10609,"menu_order":5,"comment_status":"closed","ping_status":"closed","template":"","meta":{"ngg_post_thumbnail":0,"footnotes":""},"class_list":["post-29189","page","type-page","status-publish","hentry"],"_links":{"self":[{"href":"https:\/\/inserts.org.uk\/index.php\/wp-json\/wp\/v2\/pages\/29189","targetHints":{"allow":["GET"]}}],"collection":[{"href":"https:\/\/inserts.org.uk\/index.php\/wp-json\/wp\/v2\/pages"}],"about":[{"href":"https:\/\/inserts.org.uk\/index.php\/wp-json\/wp\/v2\/types\/page"}],"author":[{"embeddable":true,"href":"https:\/\/inserts.org.uk\/index.php\/wp-json\/wp\/v2\/users\/1"}],"replies":[{"embeddable":true,"href":"https:\/\/inserts.org.uk\/index.php\/wp-json\/wp\/v2\/comments?post=29189"}],"version-history":[{"count":11,"href":"https:\/\/inserts.org.uk\/index.php\/wp-json\/wp\/v2\/pages\/29189\/revisions"}],"predecessor-version":[{"id":29888,"href":"https:\/\/inserts.org.uk\/index.php\/wp-json\/wp\/v2\/pages\/29189\/revisions\/29888"}],"up":[{"embeddable":true,"href":"https:\/\/inserts.org.uk\/index.php\/wp-json\/wp\/v2\/pages\/10609"}],"wp:attachment":[{"href":"https:\/\/inserts.org.uk\/index.php\/wp-json\/wp\/v2\/media?parent=29189"}],"curies":[{"name":"wp","href":"https:\/\/api.w.org\/{rel}","templated":true}]}}