{"id":3237,"date":"2017-11-04T12:16:52","date_gmt":"2017-11-04T12:16:52","guid":{"rendered":"http:\/\/inserts.org.uk\/?page_id=3237"},"modified":"2026-01-04T12:32:16","modified_gmt":"2026-01-04T12:32:16","slug":"3237-2","status":"publish","type":"page","link":"https:\/\/inserts.org.uk\/index.php\/es\/3237-2\/","title":{"rendered":"P\u00e1gina de Inicio"},"content":{"rendered":"<p>Bienvenido a este sitio de web que es dedicada a la histor\u00eda y belleza de las <strong>Fototipias de cart\u00f3n<\/strong> que fueron editadas en las cajas de cerillas espa\u00f1olas entre los a\u00f1os 1897 y 1910. Durante esos trece a\u00f1os m\u00e1s de 3000 Fototipias distintas fueron publicadas, consistiendo de 37 Series con 75 o m\u00e1s Fototipias en cada Serie.<\/p>\n<p><em>Use los Men\u00fas para aceder informaci\u00f3n sobre las Fototipias o clique&nbsp;<a href=\"http:\/\/inserts.org.uk\/index.php\/es\/las-series\/todas-las-series\/\"><strong>aqu\u00ed<\/strong><\/a> para aceder una lista de todas las Series. <\/em><\/p>\n<p><em>Al ser&nbsp;<span lang=\"es\">nuevo en el sitio <a href=\"http:\/\/inserts.org.uk\/index.php\/es\/introduccion\/las-fototipias-explicadas\/\"><strong>este<\/strong><\/a> es un buen lugar para comenzar.<\/span><\/em><\/p>\n<p>ngg_shortcode_0_placeholderEste sitio web fue creado y desarrollado por Mike Pryor,&nbsp; con un apoyo enorme de Alan Downer, Juan Manuel G\u00f3mez Pradera, Jes\u00fas Mar\u00eda Bollo y Pepita Robinson.<\/p>\n<p><strong>Historial del sitio web<\/strong><\/p>\n<ul>\n<li>2018, noviembre &#8211; el sitio se pone vivo<\/li>\n<li>2019, enero &#8211; varias corecciones ortograficas y ajustes de datos<\/li>\n<li>2020, febrero &#8211; a\u00f1adir <a href=\"http:\/\/inserts.org.uk\/index.php\/es\/albumes\/los-albumes-explicados\/\"><strong>una l\u00e1mina<\/strong><\/a> individual para coleccionistas, en blanco<\/li>\n<li>2021, febrero &#8211; a\u00f1adir <a href=\"http:\/\/inserts.org.uk\/index.php\/es\/albumes\/los-albumes-explicados\/\"><strong>una hoja<\/strong><\/a> en blanco de los \u00e1lbumes para coleccionistas<\/li>\n<li>2022, febrero &#8211; actualizaciones&nbsp;peque\u00f1as<\/li>\n<li>2023, junio&nbsp; &#8211; actualizaciones&nbsp;peque\u00f1as<\/li>\n<li>2024, febrero &#8211; actualizaciones peque\u00f1as<\/li>\n<li>2025, febrero &#8211; actualizaciones peque\u00f1as<\/li>\n<li>2026, enero &#8211; actualizaciones peque\u00f1as<\/li>\n<\/ul>\n","protected":false},"excerpt":{"rendered":"<p>Bienvenido a este sitio de web que es dedicada a la histor\u00eda y belleza de las Fototipias de cart\u00f3n que fueron editadas en las cajas de cerillas espa\u00f1olas entre los a\u00f1os 1897 y 1910. Durante esos trece a\u00f1os m\u00e1s de 3000 Fototipias distintas fueron publicadas, consistiendo de 37 Series con 75 o m\u00e1s Fototipias en [&hellip;] <a href=\"https:\/\/inserts.org.uk\/index.php\/es\/3237-2\/\" class=\"more-link\">Read more<i class=\"icon-arrow-line-right\"><\/i><\/a><\/p>\n","protected":false},"author":1,"featured_media":5,"parent":0,"menu_order":0,"comment_status":"closed","ping_status":"closed","template":"","meta":{"ngg_post_thumbnail":0,"footnotes":""},"class_list":["post-3237","page","type-page","status-publish","has-post-thumbnail","hentry"],"_links":{"self":[{"href":"https:\/\/inserts.org.uk\/index.php\/wp-json\/wp\/v2\/pages\/3237","targetHints":{"allow":["GET"]}}],"collection":[{"href":"https:\/\/inserts.org.uk\/index.php\/wp-json\/wp\/v2\/pages"}],"about":[{"href":"https:\/\/inserts.org.uk\/index.php\/wp-json\/wp\/v2\/types\/page"}],"author":[{"embeddable":true,"href":"https:\/\/inserts.org.uk\/index.php\/wp-json\/wp\/v2\/users\/1"}],"replies":[{"embeddable":true,"href":"https:\/\/inserts.org.uk\/index.php\/wp-json\/wp\/v2\/comments?post=3237"}],"version-history":[{"count":42,"href":"https:\/\/inserts.org.uk\/index.php\/wp-json\/wp\/v2\/pages\/3237\/revisions"}],"predecessor-version":[{"id":30296,"href":"https:\/\/inserts.org.uk\/index.php\/wp-json\/wp\/v2\/pages\/3237\/revisions\/30296"}],"wp:featuredmedia":[{"embeddable":true,"href":"https:\/\/inserts.org.uk\/index.php\/wp-json\/wp\/v2\/media\/5"}],"wp:attachment":[{"href":"https:\/\/inserts.org.uk\/index.php\/wp-json\/wp\/v2\/media?parent=3237"}],"curies":[{"name":"wp","href":"https:\/\/api.w.org\/{rel}","templated":true}]}}