{"id":3261,"date":"2017-11-04T12:34:01","date_gmt":"2017-11-04T12:34:01","guid":{"rendered":"http:\/\/inserts.org.uk\/?page_id=3261"},"modified":"2018-10-24T20:25:44","modified_gmt":"2018-10-24T20:25:44","slug":"historia-de-la-industria-cerilleria-espanola","status":"publish","type":"page","link":"https:\/\/inserts.org.uk\/index.php\/es\/introduccion\/historia-de-la-industria-cerilleria-espanola\/","title":{"rendered":"Historia de la industria cerilleria Espa\u00f1ola"},"content":{"rendered":"<p>La tabla a continuaci\u00f3n da una corta historia cronol\u00f3gica de la industria cerilleria Espa\u00f1ola, desde sus primeros pasos en los a\u00f1os 1840&#8217;s hasta hoy en d\u00eda. <em>Datos adicionales pueden encontrarse en esas&nbsp;<a href=\"http:\/\/inserts.org.uk\/index.php\/es\/introduccion\/recursos\/materiales-de-referencia\/\"><strong>materiales de referenc\u00cda.<\/strong><\/a><\/em><\/p>\n<div id='wpt-table-1777038602574' class=''><\/div><script type='text\/javascript'>(function() {function createTable() {if (window.wpt) {window.wpt.createTable({\"_id_div\":\"wpt-table-1777038602574\",\"_ctrl_url\":\"https:\\\/\\\/inserts.org.uk\\\/wp-admin\\\/admin-ajax.php?action=wpt_load_data&amp;table=6163&amp;_wpnonce=a828b89365\",\"width\":\"100%\",\"height\":null,\"sorting\":false,\"selecting\":false,\"heading\":true,\"paging\":true,\"pageSize\":\"20\",\"autoload\":true,\"fields\":[{\"name\":\"f0\",\"title\":\"Fecha\",\"type\":\"number\",\"visible\":true,\"width\":\"1\",\"align\":\"center\",\"format\":\"0\",\"currency_symbol\":\"\"},{\"name\":\"f1\",\"title\":\"T\\u00edtulo\",\"type\":\"text\",\"visible\":true,\"width\":\"1\",\"align\":\"center\",\"format\":\"\",\"currency_symbol\":\"\"},{\"name\":\"f2\",\"title\":\"Descripci\\u00f3n\",\"type\":\"text\",\"visible\":true,\"align\":\"center\",\"format\":\"\",\"currency_symbol\":\"\"}]});} else {setTimeout(createTable, 100);}}createTable();})();<\/script>\n<p>La Guerra Civil (1936-1939) afect\u00f3 enormemente la industria cerilleria t\u00e1l como impact\u00f3 los es<span lang=\"es\">pa\u00f1oles<\/span>. Fueron destruidas las fabricas de Oviedo, Ir\u00fan, Alcoy and Carabanchel. Sin embargo, ning\u00fan cambio fundamental en las leyes de fabricaci\u00f3n de cerillas ocurri\u00f3 durante esos a\u00f1os turbulentes.<\/p>\n","protected":false},"excerpt":{"rendered":"<p>La tabla a continuaci\u00f3n da una corta historia cronol\u00f3gica de la industria cerilleria Espa\u00f1ola, desde sus primeros pasos en los a\u00f1os 1840&#8217;s hasta hoy en d\u00eda. Datos adicionales pueden encontrarse en esas&nbsp;materiales de referenc\u00cda. La Guerra Civil (1936-1939) afect\u00f3 enormemente la industria cerilleria t\u00e1l como impact\u00f3 los espa\u00f1oles. Fueron destruidas las fabricas de Oviedo, Ir\u00fan, [&hellip;] <a href=\"https:\/\/inserts.org.uk\/index.php\/es\/introduccion\/historia-de-la-industria-cerilleria-espanola\/\" class=\"more-link\">Read more<i class=\"icon-arrow-line-right\"><\/i><\/a><\/p>\n","protected":false},"author":1,"featured_media":0,"parent":11197,"menu_order":3,"comment_status":"closed","ping_status":"closed","template":"","meta":{"ngg_post_thumbnail":0,"footnotes":""},"class_list":["post-3261","page","type-page","status-publish","hentry"],"_links":{"self":[{"href":"https:\/\/inserts.org.uk\/index.php\/wp-json\/wp\/v2\/pages\/3261","targetHints":{"allow":["GET"]}}],"collection":[{"href":"https:\/\/inserts.org.uk\/index.php\/wp-json\/wp\/v2\/pages"}],"about":[{"href":"https:\/\/inserts.org.uk\/index.php\/wp-json\/wp\/v2\/types\/page"}],"author":[{"embeddable":true,"href":"https:\/\/inserts.org.uk\/index.php\/wp-json\/wp\/v2\/users\/1"}],"replies":[{"embeddable":true,"href":"https:\/\/inserts.org.uk\/index.php\/wp-json\/wp\/v2\/comments?post=3261"}],"version-history":[{"count":21,"href":"https:\/\/inserts.org.uk\/index.php\/wp-json\/wp\/v2\/pages\/3261\/revisions"}],"predecessor-version":[{"id":29343,"href":"https:\/\/inserts.org.uk\/index.php\/wp-json\/wp\/v2\/pages\/3261\/revisions\/29343"}],"up":[{"embeddable":true,"href":"https:\/\/inserts.org.uk\/index.php\/wp-json\/wp\/v2\/pages\/11197"}],"wp:attachment":[{"href":"https:\/\/inserts.org.uk\/index.php\/wp-json\/wp\/v2\/media?parent=3261"}],"curies":[{"name":"wp","href":"https:\/\/api.w.org\/{rel}","templated":true}]}}