{"id":3285,"date":"2017-11-04T14:44:45","date_gmt":"2017-11-04T14:44:45","guid":{"rendered":"http:\/\/inserts.org.uk\/?page_id=3285"},"modified":"2018-10-04T09:59:51","modified_gmt":"2018-10-04T09:59:51","slug":"las-series","status":"publish","type":"page","link":"https:\/\/inserts.org.uk\/index.php\/es\/las-series\/","title":{"rendered":"Las Series"},"content":{"rendered":"<p id=\"tw-target-text\" class=\"tw-data-text tw-ta tw-text-small\" dir=\"ltr\" data-placeholder=\"Translation\"><span lang=\"es\">Se emitieron un total de 37 Series diferentes de las Fototipias entre 1897 y 1910. La mayor\u00eda de estas Series ten\u00edan 75 Fototipias numeradas individualmente, aunque cinco Series conten\u00edan 80. <\/span><\/p>\n<p class=\"tw-data-text tw-ta tw-text-small\" dir=\"ltr\" data-placeholder=\"Translation\"><span lang=\"es\">Clicar&nbsp;en las im\u00e1genes a continuaci\u00f3n para aceder m\u00e1s informaci\u00f3n sobre estas Series.<\/span><\/p>\nngg_shortcode_0_placeholder\n<p>&nbsp;<\/p>\n","protected":false},"excerpt":{"rendered":"<p>Se emitieron un total de 37 Series diferentes de las Fototipias entre 1897 y 1910. La mayor\u00eda de estas Series ten\u00edan 75 Fototipias numeradas individualmente, aunque cinco Series conten\u00edan 80. Clicar&nbsp;en las im\u00e1genes a continuaci\u00f3n para aceder m\u00e1s informaci\u00f3n sobre estas Series. &nbsp; <a href=\"https:\/\/inserts.org.uk\/index.php\/es\/las-series\/\" class=\"more-link\">Read more<i class=\"icon-arrow-line-right\"><\/i><\/a><\/p>\n","protected":false},"author":1,"featured_media":0,"parent":0,"menu_order":0,"comment_status":"closed","ping_status":"closed","template":"","meta":{"ngg_post_thumbnail":0,"footnotes":""},"class_list":["post-3285","page","type-page","status-publish","hentry"],"_links":{"self":[{"href":"https:\/\/inserts.org.uk\/index.php\/wp-json\/wp\/v2\/pages\/3285","targetHints":{"allow":["GET"]}}],"collection":[{"href":"https:\/\/inserts.org.uk\/index.php\/wp-json\/wp\/v2\/pages"}],"about":[{"href":"https:\/\/inserts.org.uk\/index.php\/wp-json\/wp\/v2\/types\/page"}],"author":[{"embeddable":true,"href":"https:\/\/inserts.org.uk\/index.php\/wp-json\/wp\/v2\/users\/1"}],"replies":[{"embeddable":true,"href":"https:\/\/inserts.org.uk\/index.php\/wp-json\/wp\/v2\/comments?post=3285"}],"version-history":[{"count":23,"href":"https:\/\/inserts.org.uk\/index.php\/wp-json\/wp\/v2\/pages\/3285\/revisions"}],"predecessor-version":[{"id":28239,"href":"https:\/\/inserts.org.uk\/index.php\/wp-json\/wp\/v2\/pages\/3285\/revisions\/28239"}],"wp:attachment":[{"href":"https:\/\/inserts.org.uk\/index.php\/wp-json\/wp\/v2\/media?parent=3285"}],"curies":[{"name":"wp","href":"https:\/\/api.w.org\/{rel}","templated":true}]}}