{"id":3293,"date":"2017-11-04T14:46:30","date_gmt":"2017-11-04T14:46:30","guid":{"rendered":"http:\/\/inserts.org.uk\/?page_id=3293"},"modified":"2019-07-15T15:59:31","modified_gmt":"2019-07-15T15:59:31","slug":"albumes","status":"publish","type":"page","link":"https:\/\/inserts.org.uk\/index.php\/es\/albumes\/","title":{"rendered":"\u00c1lbumes para coleccionistas"},"content":{"rendered":"<p>Los coleccionistas ten\u00edan disponibles&nbsp;\u00e1lbumes y l\u00e1minas individuales impresos especialmente para ellos. Clicar&nbsp;en las im\u00e1genes a continuaci\u00f3n para aceder m\u00e1s informaci\u00f3n sobre estas l\u00e1minas y \u00e1lbumes.<\/p>\nngg_shortcode_0_placeholder\n<p>&nbsp;<\/p>\n","protected":false},"excerpt":{"rendered":"<p>Los coleccionistas ten\u00edan disponibles&nbsp;\u00e1lbumes y l\u00e1minas individuales impresos especialmente para ellos. Clicar&nbsp;en las im\u00e1genes a continuaci\u00f3n para aceder m\u00e1s informaci\u00f3n sobre estas l\u00e1minas y \u00e1lbumes. &nbsp; <a href=\"https:\/\/inserts.org.uk\/index.php\/es\/albumes\/\" class=\"more-link\">Read more<i class=\"icon-arrow-line-right\"><\/i><\/a><\/p>\n","protected":false},"author":1,"featured_media":0,"parent":0,"menu_order":0,"comment_status":"closed","ping_status":"closed","template":"","meta":{"ngg_post_thumbnail":0,"footnotes":""},"class_list":["post-3293","page","type-page","status-publish","hentry"],"_links":{"self":[{"href":"https:\/\/inserts.org.uk\/index.php\/wp-json\/wp\/v2\/pages\/3293","targetHints":{"allow":["GET"]}}],"collection":[{"href":"https:\/\/inserts.org.uk\/index.php\/wp-json\/wp\/v2\/pages"}],"about":[{"href":"https:\/\/inserts.org.uk\/index.php\/wp-json\/wp\/v2\/types\/page"}],"author":[{"embeddable":true,"href":"https:\/\/inserts.org.uk\/index.php\/wp-json\/wp\/v2\/users\/1"}],"replies":[{"embeddable":true,"href":"https:\/\/inserts.org.uk\/index.php\/wp-json\/wp\/v2\/comments?post=3293"}],"version-history":[{"count":37,"href":"https:\/\/inserts.org.uk\/index.php\/wp-json\/wp\/v2\/pages\/3293\/revisions"}],"predecessor-version":[{"id":30064,"href":"https:\/\/inserts.org.uk\/index.php\/wp-json\/wp\/v2\/pages\/3293\/revisions\/30064"}],"wp:attachment":[{"href":"https:\/\/inserts.org.uk\/index.php\/wp-json\/wp\/v2\/media?parent=3293"}],"curies":[{"name":"wp","href":"https:\/\/api.w.org\/{rel}","templated":true}]}}