{"id":3297,"date":"2017-11-04T14:47:05","date_gmt":"2017-11-04T14:47:05","guid":{"rendered":"http:\/\/inserts.org.uk\/?page_id=3297"},"modified":"2019-01-25T10:38:12","modified_gmt":"2019-01-25T10:38:12","slug":"recursos","status":"publish","type":"page","link":"https:\/\/inserts.org.uk\/index.php\/es\/introduccion\/recursos\/","title":{"rendered":"Recursos"},"content":{"rendered":"<p>Aqu\u00ed hay algunos recursos que esperamos que ayuden a coleccionistas e investigadores :<\/p>\n<ol>\n<li id=\"tw-target-text\" class=\"tw-data-text tw-ta tw-text-small\" dir=\"ltr\" data-placeholder=\"Translation\"><span lang=\"es\">lista de verificaci\u00f3n de <a href=\"http:\/\/inserts.org.uk\/wp-content\/uploads\/2019\/01\/Resources-series-sheet-Esp.pdf\" target=\"_blank\" rel=\"noopener\"><strong>todas las Series<\/strong><\/a><\/span><\/li>\n<li class=\"tw-data-text tw-ta tw-text-small\" dir=\"ltr\" data-placeholder=\"Translation\"><span lang=\"es\">lista de verificaci\u00f3n por&nbsp;<a href=\"http:\/\/inserts.org.uk\/wp-content\/uploads\/2018\/02\/Resources-one-series-index-card-Esp.pdf\" target=\"_blank\" rel=\"noopener\"><strong>una sola Serie<\/strong><\/a><\/span><\/li>\n<li dir=\"ltr\" data-placeholder=\"Translation\">una lista de los nombres de cada Fototipia en las <a href=\"http:\/\/inserts.org.uk\/wp-content\/uploads\/2018\/10\/Resources-series-1-to-6-names.pdf\" target=\"_blank\" rel=\"noopener\"><strong>Series 1 a 6<\/strong><\/a>, <a href=\"http:\/\/inserts.org.uk\/wp-content\/uploads\/2018\/09\/Resources-series-7-to-12-names.pdf\" target=\"_blank\" rel=\"noopener\"><strong>Series 7 a 12 <\/strong><\/a>y&nbsp;<a href=\"http:\/\/inserts.org.uk\/wp-content\/uploads\/2018\/09\/Resources-series-13-to-17-names.pdf\" target=\"_blank\" rel=\"noopener\"><strong>Series 13 a 17<\/strong><\/a><\/li>\n<li dir=\"ltr\" data-placeholder=\"Translation\">una lista de los nombres de cada Fototipia en las&nbsp;<a href=\"http:\/\/inserts.org.uk\/wp-content\/uploads\/2018\/09\/Resources-series-18-to-23-names.pdf\" target=\"_blank\" rel=\"noopener\"><strong>Series 18 a 23<\/strong><\/a>, <a href=\"http:\/\/inserts.org.uk\/wp-content\/uploads\/2018\/09\/Resources-series-24-to-28-names.pdf\" target=\"_blank\" rel=\"noopener\"><strong>Series 24 a 28<\/strong><\/a>&nbsp;y&nbsp;<a href=\"http:\/\/inserts.org.uk\/wp-content\/uploads\/2018\/09\/Resources-series-29-to-33-names.pdf\" target=\"_blank\" rel=\"noopener\"><strong>Series 29 a 33<\/strong><\/a><\/li>\n<li>una lista de los nombres de cada Fototipia en las&nbsp;<a href=\"http:\/\/inserts.org.uk\/wp-content\/uploads\/2018\/09\/Resources-series-Esp-to-C-names.pdf\" target=\"_blank\" rel=\"noopener\"><strong>Series A, B, C y Especial<\/strong><\/a><\/li>\n<li dir=\"ltr\" data-placeholder=\"Translation\">una lista de las&nbsp;<a href=\"http:\/\/inserts.org.uk\/wp-content\/uploads\/2018\/02\/Resources-artist-signatures-Esp.pdf\" target=\"_blank\" rel=\"noopener\"><strong>firmas de artistas<\/strong><\/a> en las laminas para coleccionistas (Series 1 a 16)<\/li>\n<li>una lista alfab\u00e9tica de todas las <a href=\"http:\/\/inserts.org.uk\/wp-content\/uploads\/2018\/10\/Resources-actress-names.pdf\" target=\"_blank\" rel=\"noopener\"><strong>actrices<\/strong><\/a> que aparecieron en las Fototipias<\/li>\n<li dir=\"ltr\" data-placeholder=\"Translation\">una lista de <a href=\"http:\/\/inserts.org.uk\/index.php\/es\/introduccion\/recursos\/materiales-de-referencia\/\"><strong>materiales de referencia<\/strong><\/a><\/li>\n<\/ol>\n","protected":false},"excerpt":{"rendered":"<p>Aqu\u00ed hay algunos recursos que esperamos que ayuden a coleccionistas e investigadores : lista de verificaci\u00f3n de todas las Series lista de verificaci\u00f3n por&nbsp;una sola Serie una lista de los nombres de cada Fototipia en las Series 1 a 6, Series 7 a 12 y&nbsp;Series 13 a 17 una lista de los nombres de cada [&hellip;] <a href=\"https:\/\/inserts.org.uk\/index.php\/es\/introduccion\/recursos\/\" class=\"more-link\">Read more<i class=\"icon-arrow-line-right\"><\/i><\/a><\/p>\n","protected":false},"author":1,"featured_media":0,"parent":11197,"menu_order":6,"comment_status":"closed","ping_status":"closed","template":"","meta":{"ngg_post_thumbnail":0,"footnotes":""},"class_list":["post-3297","page","type-page","status-publish","hentry"],"_links":{"self":[{"href":"https:\/\/inserts.org.uk\/index.php\/wp-json\/wp\/v2\/pages\/3297","targetHints":{"allow":["GET"]}}],"collection":[{"href":"https:\/\/inserts.org.uk\/index.php\/wp-json\/wp\/v2\/pages"}],"about":[{"href":"https:\/\/inserts.org.uk\/index.php\/wp-json\/wp\/v2\/types\/page"}],"author":[{"embeddable":true,"href":"https:\/\/inserts.org.uk\/index.php\/wp-json\/wp\/v2\/users\/1"}],"replies":[{"embeddable":true,"href":"https:\/\/inserts.org.uk\/index.php\/wp-json\/wp\/v2\/comments?post=3297"}],"version-history":[{"count":41,"href":"https:\/\/inserts.org.uk\/index.php\/wp-json\/wp\/v2\/pages\/3297\/revisions"}],"predecessor-version":[{"id":29799,"href":"https:\/\/inserts.org.uk\/index.php\/wp-json\/wp\/v2\/pages\/3297\/revisions\/29799"}],"up":[{"embeddable":true,"href":"https:\/\/inserts.org.uk\/index.php\/wp-json\/wp\/v2\/pages\/11197"}],"wp:attachment":[{"href":"https:\/\/inserts.org.uk\/index.php\/wp-json\/wp\/v2\/media?parent=3297"}],"curies":[{"name":"wp","href":"https:\/\/api.w.org\/{rel}","templated":true}]}}