{"id":3317,"date":"2017-11-04T16:59:47","date_gmt":"2017-11-04T16:59:47","guid":{"rendered":"http:\/\/inserts.org.uk\/?page_id=3317"},"modified":"2018-10-25T19:07:21","modified_gmt":"2018-10-25T19:07:21","slug":"todos-los-albumes","status":"publish","type":"page","link":"https:\/\/inserts.org.uk\/index.php\/es\/albumes\/los-albumes-explicados\/todos-los-albumes\/","title":{"rendered":"Todas las portadas"},"content":{"rendered":"<p>La <strong>portada<\/strong> de cada \u00e1lbum de cada Serie se muestra a continuaci\u00f3n. Notar que no exista un \u00e1lbum por las Series 17, 32, 33, A, B y C.<\/p>\nngg_shortcode_0_placeholder\n<p><em>Clique&nbsp;<a href=\"http:\/\/inserts.org.uk\/index.php\/es\/albumes\/todas-las-contraportadas\/\"><strong>aqu\u00ed<\/strong><\/a> para ver todas las contraportadas.&nbsp;Clique&nbsp;<a href=\"http:\/\/inserts.org.uk\/index.php\/es\/las-series\/todas-las-series\/\"><strong>aqu\u00ed<\/strong><\/a> para aceder a una lista de todos los \u00e1lbumes.<\/em><\/p>\n","protected":false},"excerpt":{"rendered":"<p>La portada de cada \u00e1lbum de cada Serie se muestra a continuaci\u00f3n. Notar que no exista un \u00e1lbum por las Series 17, 32, 33, A, B y C. &#8221; order_by=&#8221;sortorder&#8221; order_direction=&#8221;ASC&#8221; returns=&#8221;included&#8221; maximum_entity_count=&#8221;10000&#8243;] Clique&nbsp;aqu\u00ed para ver todas las contraportadas.&nbsp;Clique&nbsp;aqu\u00ed para aceder a una lista de todos los \u00e1lbumes. <a href=\"https:\/\/inserts.org.uk\/index.php\/es\/albumes\/los-albumes-explicados\/todos-los-albumes\/\" class=\"more-link\">Read more<i class=\"icon-arrow-line-right\"><\/i><\/a><\/p>\n","protected":false},"author":1,"featured_media":0,"parent":10347,"menu_order":1,"comment_status":"closed","ping_status":"closed","template":"","meta":{"ngg_post_thumbnail":0,"footnotes":""},"class_list":["post-3317","page","type-page","status-publish","hentry"],"_links":{"self":[{"href":"https:\/\/inserts.org.uk\/index.php\/wp-json\/wp\/v2\/pages\/3317","targetHints":{"allow":["GET"]}}],"collection":[{"href":"https:\/\/inserts.org.uk\/index.php\/wp-json\/wp\/v2\/pages"}],"about":[{"href":"https:\/\/inserts.org.uk\/index.php\/wp-json\/wp\/v2\/types\/page"}],"author":[{"embeddable":true,"href":"https:\/\/inserts.org.uk\/index.php\/wp-json\/wp\/v2\/users\/1"}],"replies":[{"embeddable":true,"href":"https:\/\/inserts.org.uk\/index.php\/wp-json\/wp\/v2\/comments?post=3317"}],"version-history":[{"count":22,"href":"https:\/\/inserts.org.uk\/index.php\/wp-json\/wp\/v2\/pages\/3317\/revisions"}],"predecessor-version":[{"id":29685,"href":"https:\/\/inserts.org.uk\/index.php\/wp-json\/wp\/v2\/pages\/3317\/revisions\/29685"}],"up":[{"embeddable":true,"href":"https:\/\/inserts.org.uk\/index.php\/wp-json\/wp\/v2\/pages\/10347"}],"wp:attachment":[{"href":"https:\/\/inserts.org.uk\/index.php\/wp-json\/wp\/v2\/media?parent=3317"}],"curies":[{"name":"wp","href":"https:\/\/api.w.org\/{rel}","templated":true}]}}