{"id":3343,"date":"2017-11-05T11:52:03","date_gmt":"2017-11-05T11:52:03","guid":{"rendered":"http:\/\/inserts.org.uk\/?page_id=3343"},"modified":"2021-03-10T16:14:17","modified_gmt":"2021-03-10T16:14:17","slug":"cajas-de-cerillas","status":"publish","type":"page","link":"https:\/\/inserts.org.uk\/index.php\/es\/introduccion\/cajas-de-cerillas\/","title":{"rendered":"Cajas de Cerillas conteniendo Fototipias"},"content":{"rendered":"<figure id=\"attachment_3539\" class=\"alignright fixed\" style=\"width: 400px;\"><a class=\"zoom-hover fb\" data-fancybox-group=\"post-3343\" data-fancybox-title=\"Caja de gomitas del Gremio con Fototipia y vesta de cera\" href=\"http:\/\/inserts.org.uk\/wp-content\/uploads\/2017\/11\/Inserts-matchbox.jpg\"><img loading=\"lazy\" decoding=\"async\" class=\"wp-image-3539\" src=\"http:\/\/inserts.org.uk\/wp-content\/uploads\/2017\/11\/Inserts-matchbox-300x204.jpg\" alt=\"\" width=\"400\" height=\"272\" srcset=\"https:\/\/inserts.org.uk\/wp-content\/uploads\/2017\/11\/Inserts-matchbox-300x204.jpg 300w, https:\/\/inserts.org.uk\/wp-content\/uploads\/2017\/11\/Inserts-matchbox-768x522.jpg 768w, https:\/\/inserts.org.uk\/wp-content\/uploads\/2017\/11\/Inserts-matchbox-1024x697.jpg 1024w, https:\/\/inserts.org.uk\/wp-content\/uploads\/2017\/11\/Inserts-matchbox-88x60.jpg 88w, https:\/\/inserts.org.uk\/wp-content\/uploads\/2017\/11\/Inserts-matchbox-56x38.jpg 56w, https:\/\/inserts.org.uk\/wp-content\/uploads\/2017\/11\/Inserts-matchbox-1090x742.jpg 1090w, https:\/\/inserts.org.uk\/wp-content\/uploads\/2017\/11\/Inserts-matchbox-535x364.jpg 535w, https:\/\/inserts.org.uk\/wp-content\/uploads\/2017\/11\/Inserts-matchbox-350x238.jpg 350w, https:\/\/inserts.org.uk\/wp-content\/uploads\/2017\/11\/Inserts-matchbox-258x176.jpg 258w, https:\/\/inserts.org.uk\/wp-content\/uploads\/2017\/11\/Inserts-matchbox-1140x776.jpg 1140w, https:\/\/inserts.org.uk\/wp-content\/uploads\/2017\/11\/Inserts-matchbox-112x76.jpg 112w, https:\/\/inserts.org.uk\/wp-content\/uploads\/2017\/11\/Inserts-matchbox.jpg 1542w\" sizes=\"auto, (max-width: 400px) 100vw, 400px\" \/><\/a><figcaption>Caja de gomitas del Gremio con Fototipia y vesta de cera<\/figcaption><\/figure>\n<p>Las Fototipias estaban colocadas en cajas de gomitas&nbsp;<span lang=\"es\">que se hab\u00edan hecho popular en la d\u00e9cada de 1890. Las cajas est\u00e1n formadas por cart\u00f3n doblado y tienen una tapa levantada que estaba cargada por una banda de goma ingeniosamente ajustada. Cuando se cerr\u00f3, la tapa se mantuvo cerrada por la presi\u00f3n el\u00e1stica y cuando la tapa se abri\u00f3 completamente, la presi\u00f3n el\u00e1stica mantuvo la tapa abierta.<\/span><\/p>\n<p><span lang=\"es\">Se cree que las Fototipias se colocaron dentro de la tapa a partir de la Serie 1 en 1897, pero despu\u00e9s de muchas quejas del p\u00fablico de que las Fototipias estaban escondidas el <a href=\"http:\/\/inserts.org.uk\/index.php\/es\/introduccion\/gremio-de-fabricantes-de-fosforos-de-espana-2\/\"><strong>Gremio<\/strong><\/a> decidi\u00f3 colocarlas sobre el&nbsp;<\/span><span lang=\"es\">compartimiento <\/span><span lang=\"es\">de las cerillas.&nbsp;Las \u00faltimas Fototipias fueron emitidas en 1910.<\/span><\/p>\n<h2>Dise\u00f1o de las Cajas<\/h2>\n<figure id=\"attachment_28007\" class=\"alignright fixed\" style=\"width: 507px;\"><a class=\"zoom-hover fb\" data-fancybox-group=\"post-3343\" data-fancybox-title=\"Dise\u00f1o de las cajas de gomitas\" href=\"http:\/\/inserts.org.uk\/wp-content\/uploads\/2018\/09\/matchbox-design-with-words-ESP.jpg\"><img loading=\"lazy\" decoding=\"async\" class=\"wp-image-28007\" src=\"http:\/\/inserts.org.uk\/wp-content\/uploads\/2018\/09\/matchbox-design-with-words-ESP.jpg\" alt=\"\" width=\"507\" height=\"260\" srcset=\"https:\/\/inserts.org.uk\/wp-content\/uploads\/2018\/09\/matchbox-design-with-words-ESP.jpg 1941w, https:\/\/inserts.org.uk\/wp-content\/uploads\/2018\/09\/matchbox-design-with-words-ESP-300x154.jpg 300w, https:\/\/inserts.org.uk\/wp-content\/uploads\/2018\/09\/matchbox-design-with-words-ESP-768x394.jpg 768w, https:\/\/inserts.org.uk\/wp-content\/uploads\/2018\/09\/matchbox-design-with-words-ESP-1024x526.jpg 1024w, https:\/\/inserts.org.uk\/wp-content\/uploads\/2018\/09\/matchbox-design-with-words-ESP-117x60.jpg 117w, https:\/\/inserts.org.uk\/wp-content\/uploads\/2018\/09\/matchbox-design-with-words-ESP-56x29.jpg 56w, https:\/\/inserts.org.uk\/wp-content\/uploads\/2018\/09\/matchbox-design-with-words-ESP-1090x560.jpg 1090w, https:\/\/inserts.org.uk\/wp-content\/uploads\/2018\/09\/matchbox-design-with-words-ESP-535x275.jpg 535w, https:\/\/inserts.org.uk\/wp-content\/uploads\/2018\/09\/matchbox-design-with-words-ESP-350x180.jpg 350w, https:\/\/inserts.org.uk\/wp-content\/uploads\/2018\/09\/matchbox-design-with-words-ESP-258x133.jpg 258w, https:\/\/inserts.org.uk\/wp-content\/uploads\/2018\/09\/matchbox-design-with-words-ESP-1140x586.jpg 1140w, https:\/\/inserts.org.uk\/wp-content\/uploads\/2018\/09\/matchbox-design-with-words-ESP-1920x986.jpg 1920w, https:\/\/inserts.org.uk\/wp-content\/uploads\/2018\/09\/matchbox-design-with-words-ESP-112x58.jpg 112w\" sizes=\"auto, (max-width: 507px) 100vw, 507px\" \/><\/a><figcaption>Dise\u00f1o de las cajas de gomitas<\/figcaption><\/figure>\n<p><span lang=\"es\">El cuerpo principal de la caja es de forma rectangular y mide 59 mm x 42 mm x 14 mm. Tiene una abertura en la parte superior para sacar las cerillas. En cada extremo de la caja se colocaron tiras de golpeteo para la ignici\u00f3n por fricci\u00f3n de las cerillas.&nbsp;<\/span><\/p>\n<p>Este dise\u00f1o fue patentado en 1884. Las primeras cajas de gomitas aparecieron en 1886 y las \u00faltimas en 1936.<\/p>\n<p>Las cajas tienen <strong>tres<\/strong> etiquetas imprimidas&nbsp;:<\/p>\n<ol>\n<li>Paneles laterales y etiquetas inferiores, en el cuerpo principal<\/li>\n<li>Etiqueta superior, en la tapa<\/li>\n<li>Etiqueta interior, debajo la tapa<\/li>\n<\/ol>\n<h2>Paneles laterales y etiquetas inferiores<\/h2>\n<p class=\"tw-data-text tw-ta tw-text-small\" dir=\"ltr\" data-placeholder=\"Translation\"><span lang=\"es\">Los paneles laterales y la etiqueta inferior fueron imprimidos juntos en una &#8220;tira&#8221; y se pegaron en la caja. Durante el per\u00edodo del Gremio (1892 &#8211; 1908) los paneles laterales conten\u00edan informaci\u00f3n interesante :<\/span><\/p>\n<ol>\n<li id=\"tw-target-text\" class=\"tw-data-text tw-ta tw-text-small\" dir=\"ltr\" data-placeholder=\"Translation\"><span lang=\"es\">Un panel lateral muestra el nombre de la f\u00e1brica que fabric\u00f3 la caja (por ejemplo, Eduardo Roca, Viuda de Zarag\u00fceta, Vitoria Hermanos)<\/span><\/li>\n<li id=\"tw-target-text\" class=\"tw-data-text tw-ta tw-text-small\" dir=\"ltr\" data-placeholder=\"Translation\">El otro panel lateral muestra el tipo de caja (Clase), Labor (N\u00ba 3 o 4) y el precio de venta (10 c\u00e9ntimos)<\/li>\n<\/ol>\nngg_shortcode_0_placeholder\n<p id=\"tw-target-text\" class=\"tw-data-text tw-ta tw-text-small\" dir=\"ltr\" data-placeholder=\"Translation\"><span lang=\"es\">Sabemos por la documentaci\u00f3n oficial del gobierno fechada en 1896 y 1897 que las Fototipias fueron colocadas dentro de las cajas de Labor No. 3 del tipo &#8220;Clase Extra Especial&#8221; y &#8220;Clase Extra Reglamentaria&#8221;. Tambi\u00e9n sabemos que desde 1900 en adelante solo se emitieron cajas de tipo &#8220;Reglamentaria&#8221;.<\/span><\/p>\n<ul>\n<li>Circular de 29.05.1896: Determinar con la C\u00aa en colocar en el interior de la caja especial n\u00ba 3 a guisa de contratapa retratos sueltos o dibujos de fototipias. &nbsp;<\/li>\n<li>Circular de 7.12.1896: Se dispone que la caja n\u00ba 3 reglamentaria tenga leyenda en color y se distinga de la n\u00ba 3 especial en negro.<\/li>\n<li>Circular de 11.01.1897: Se prescribe que las fototipias interiores de la caja n\u00ba 3 se procure vayan bien mezcladas. En esta circular se refiere a la n\u00ba 3 especial y reglamentaria.<\/li>\n<\/ul>\n<h2>Etiquetas superiores<\/h2>\n<p>Durante el peri\u00f3do del Gremio el gobierno se dio cuenta de que pod\u00eda utilizar las cajas de cerillas para introducir temas educativos al mismo tiempo que aumentar los ingresos.&nbsp;<span lang=\"es\">Dise\u00f1aron etiquetas que eran art\u00edsticas, con temas informativos que ser\u00edan populares y coleccionables.&nbsp;La etiqueta superior se imprimi\u00f3 como un solo panel, la etiqueta inferior se imprimi\u00f3 en una &#8220;tira&#8221; junto con los paneles laterales. Algunas etiquetas muestran el nombre de la impresora (por ejemplo, J. Thomas, Bargu\u00f1o).<\/span><\/p>\n<p><span lang=\"es\">Se utilizaron cuatro tipos diferentes de im\u00e1genes en estas etiquetas del Gremio : mujeres, escenas, edificios y hombres. No parece haber ninguna correlaci\u00f3n entre las escenas representadas en las etiquetas de la caja de cerillas y las escenas que se muestran en las Fototipias.<\/span><\/p>\nngg_shortcode_1_placeholder\n<h2>Etiquetas Interiores<\/h2>\n<p class=\"tw-data-text tw-ta tw-text-small\" dir=\"ltr\" data-placeholder=\"Translation\"><span lang=\"es\">En 1892, el Gremio comenz\u00f3 a usar etiquetas interiores b\u00e1sicas, pero despu\u00e9s de unos a\u00f1os decidi\u00f3 crear algunas series de etiquetas coleccionables, en un intento de poner las cajas de cerillas m\u00e1s atractivas y as\u00ed generar mayores ingresos. Public\u00f3&nbsp;<\/span><span lang=\"es\">series de monedas, banderas, sellos, escudos y condecoraciones nacionales, como se ilustran abajo.&nbsp;<\/span><span lang=\"es\">En 1908, la propiedad cambi\u00f3 a Hacienda P\u00fablica, que volvi\u00f3 a utilizar una etiqueta interior b\u00e1sica que se coloc\u00f3 en cajas Gremio ya construidas hasta que se agotaron las existencias.<\/span><\/p>\nngg_shortcode_2_placeholder\n<h2>Vestas de Cera<\/h2>\n<figure id=\"attachment_15130\" class=\"alignright fixed\" style=\"width: 500px;\"><a class=\"zoom-hover fb\" data-fancybox-group=\"post-3343\" data-fancybox-title=\"Vestas de cera en cajas de gomitas del Gremio\" href=\"http:\/\/inserts.org.uk\/wp-content\/uploads\/2018\/03\/Gremio-box-with-matches-1.jpg\"><img loading=\"lazy\" decoding=\"async\" class=\"wp-image-15130\" src=\"http:\/\/inserts.org.uk\/wp-content\/uploads\/2018\/03\/Gremio-box-with-matches-1.jpg\" alt=\"\" width=\"500\" height=\"375\" srcset=\"https:\/\/inserts.org.uk\/wp-content\/uploads\/2018\/03\/Gremio-box-with-matches-1.jpg 4896w, https:\/\/inserts.org.uk\/wp-content\/uploads\/2018\/03\/Gremio-box-with-matches-1-300x225.jpg 300w, https:\/\/inserts.org.uk\/wp-content\/uploads\/2018\/03\/Gremio-box-with-matches-1-768x576.jpg 768w, https:\/\/inserts.org.uk\/wp-content\/uploads\/2018\/03\/Gremio-box-with-matches-1-1024x768.jpg 1024w, https:\/\/inserts.org.uk\/wp-content\/uploads\/2018\/03\/Gremio-box-with-matches-1-80x60.jpg 80w, https:\/\/inserts.org.uk\/wp-content\/uploads\/2018\/03\/Gremio-box-with-matches-1-56x42.jpg 56w, https:\/\/inserts.org.uk\/wp-content\/uploads\/2018\/03\/Gremio-box-with-matches-1-1090x818.jpg 1090w, https:\/\/inserts.org.uk\/wp-content\/uploads\/2018\/03\/Gremio-box-with-matches-1-535x401.jpg 535w, https:\/\/inserts.org.uk\/wp-content\/uploads\/2018\/03\/Gremio-box-with-matches-1-350x263.jpg 350w, https:\/\/inserts.org.uk\/wp-content\/uploads\/2018\/03\/Gremio-box-with-matches-1-258x194.jpg 258w, https:\/\/inserts.org.uk\/wp-content\/uploads\/2018\/03\/Gremio-box-with-matches-1-1140x855.jpg 1140w, https:\/\/inserts.org.uk\/wp-content\/uploads\/2018\/03\/Gremio-box-with-matches-1-1920x1440.jpg 1920w, https:\/\/inserts.org.uk\/wp-content\/uploads\/2018\/03\/Gremio-box-with-matches-1-112x84.jpg 112w\" sizes=\"auto, (max-width: 500px) 100vw, 500px\" \/><\/a><figcaption>Vestas de cera en cajas de gomitas del Gremio<\/figcaption><\/figure>\n<p><span lang=\"es\">Las cajas de cerillas que conten\u00edan las Fototipias conten\u00edan vestas de cera. Estas fueron un tipo de cerilla &#8216;strike-anywhere&#8217;.&nbsp;El tallo de la cerilla se produjo en bobinas largas tirando de una serie de hebras de algod\u00f3n a trav\u00e9s de un ba\u00f1o de cera fundida y, a trav\u00e9s de un troquel, para controlar el di\u00e1metro del tallo de la cerilla y alisar la superficie del tallo de la cerilla.&nbsp;<\/span><span lang=\"es\">Cuando estaban secas, se cortaron a la longitud de la cerilla y luego un extremo se sumergi\u00f3 en la composici\u00f3n fosf\u00f3rica.&nbsp;<\/span><\/p>\n<p><span lang=\"es\">Estas cerillas podr\u00edan encenderse en cualquier superficie \u00e1spera, pero la caja ten\u00eda material especial unido a cada extremo de la caja, en forma de bloques de papel de arena, para este uso.&nbsp;<\/span><span lang=\"es\">Estos eran t\u00edpicamente de color rojo y amarillo, usando los colores de la bandera espa\u00f1ola.<\/span><\/p>\n<h2>Cajas de Gomitas&nbsp;<span lang=\"es\">m\u00e1s all\u00e1 de 1908<\/span><\/h2>\n<p class=\"tw-data-text tw-ta tw-text-small\" dir=\"ltr\" data-placeholder=\"Translation\"><span lang=\"es\">En 1908&nbsp;el contrato con el Gremio termin\u00f3 y la Hacienda P\u00fablica <\/span>tom\u00f3 el control de la fabricaci\u00f3n y venta de cajas de cerillas.&nbsp;<span lang=\"es\">Las \u00faltimas Fototipias fueron emitidas en 1910.<\/span><\/p>\n<p dir=\"ltr\" data-placeholder=\"Translation\"><span lang=\"es\">Las cajas de gomitas continuaron hacia<\/span>&nbsp;1936 (el inicio de la Guerra Civil) pero bajo Hacienda P\u00fablica los dise\u00f1os de las etiquetas se hicieron m\u00e1s sencillas.<\/p>\n","protected":false},"excerpt":{"rendered":"<p>Las Fototipias estaban colocadas en cajas de gomitas&nbsp;que se hab\u00edan hecho popular en la d\u00e9cada de 1890. Las cajas est\u00e1n formadas por cart\u00f3n doblado y tienen una tapa levantada que estaba cargada por una banda de goma ingeniosamente ajustada. Cuando se cerr\u00f3, la tapa se mantuvo cerrada por la presi\u00f3n el\u00e1stica y cuando la tapa [&hellip;] <a href=\"https:\/\/inserts.org.uk\/index.php\/es\/introduccion\/cajas-de-cerillas\/\" class=\"more-link\">Read more<i class=\"icon-arrow-line-right\"><\/i><\/a><\/p>\n","protected":false},"author":1,"featured_media":0,"parent":11197,"menu_order":2,"comment_status":"closed","ping_status":"closed","template":"","meta":{"ngg_post_thumbnail":0,"footnotes":""},"class_list":["post-3343","page","type-page","status-publish","hentry"],"_links":{"self":[{"href":"https:\/\/inserts.org.uk\/index.php\/wp-json\/wp\/v2\/pages\/3343","targetHints":{"allow":["GET"]}}],"collection":[{"href":"https:\/\/inserts.org.uk\/index.php\/wp-json\/wp\/v2\/pages"}],"about":[{"href":"https:\/\/inserts.org.uk\/index.php\/wp-json\/wp\/v2\/types\/page"}],"author":[{"embeddable":true,"href":"https:\/\/inserts.org.uk\/index.php\/wp-json\/wp\/v2\/users\/1"}],"replies":[{"embeddable":true,"href":"https:\/\/inserts.org.uk\/index.php\/wp-json\/wp\/v2\/comments?post=3343"}],"version-history":[{"count":47,"href":"https:\/\/inserts.org.uk\/index.php\/wp-json\/wp\/v2\/pages\/3343\/revisions"}],"predecessor-version":[{"id":30223,"href":"https:\/\/inserts.org.uk\/index.php\/wp-json\/wp\/v2\/pages\/3343\/revisions\/30223"}],"up":[{"embeddable":true,"href":"https:\/\/inserts.org.uk\/index.php\/wp-json\/wp\/v2\/pages\/11197"}],"wp:attachment":[{"href":"https:\/\/inserts.org.uk\/index.php\/wp-json\/wp\/v2\/media?parent=3343"}],"curies":[{"name":"wp","href":"https:\/\/api.w.org\/{rel}","templated":true}]}}