{"id":3399,"date":"2017-11-05T15:28:18","date_gmt":"2017-11-05T15:28:18","guid":{"rendered":"http:\/\/inserts.org.uk\/?page_id=3399"},"modified":"2019-07-15T14:48:43","modified_gmt":"2019-07-15T14:48:43","slug":"serie-1-actrices","status":"publish","type":"page","link":"https:\/\/inserts.org.uk\/index.php\/es\/las-series\/serie-1-a-17-fototipias\/serie-1-actrices\/","title":{"rendered":"Serie 1 &#8211; Actrices"},"content":{"rendered":"<p>A continuaci\u00f3n aparecen las 75 Fototipias de la Serie 1. Esas cartulinas miden 34 mm x 46 mm con esquinas redondas. El dorso est\u00e1 en blanco.&nbsp;Esta Serie tiene dos&nbsp;<a href=\"http:\/\/inserts.org.uk\/index.php\/es\/las-series\/las-series-explicadas\/variantes\/serie-1-variantes\/\"><strong>var<\/strong><strong>i<\/strong><strong>antes<\/strong><\/a>&nbsp;mayores.<\/p>\n<p><em>Abajo se pueden ver las l\u00e1minas de la Serie 1 o clique <a href=\"http:\/\/inserts.org.uk\/index.php\/es\/albumes\/serie-1-a-16-laminas\/serie-1-laminas\/\"><strong>aqu\u00ed<\/strong><\/a>.&nbsp;<\/em><\/p>\nngg_shortcode_0_placeholder\n<p>A continuaci\u00f3n aparecen las ocho l\u00e1minas de la Serie 1.<\/p>\nngg_shortcode_1_placeholder\n","protected":false},"excerpt":{"rendered":"<p>A continuaci\u00f3n aparecen las 75 Fototipias de la Serie 1. Esas cartulinas miden 34 mm x 46 mm con esquinas redondas. El dorso est\u00e1 en blanco.&nbsp;Esta Serie tiene dos&nbsp;variantes&nbsp;mayores. Abajo se pueden ver las l\u00e1minas de la Serie 1 o clique aqu\u00ed.&nbsp; &#8221; order_by=&#8221;pid&#8221; order_direction=&#8221;ASC&#8221; returns=&#8221;included&#8221; maximum_entity_count=&#8221;10000&#8243;] A continuaci\u00f3n aparecen las ocho l\u00e1minas de la [&hellip;] <a href=\"https:\/\/inserts.org.uk\/index.php\/es\/las-series\/serie-1-a-17-fototipias\/serie-1-actrices\/\" class=\"more-link\">Read more<i class=\"icon-arrow-line-right\"><\/i><\/a><\/p>\n","protected":false},"author":1,"featured_media":0,"parent":4027,"menu_order":1,"comment_status":"closed","ping_status":"closed","template":"","meta":{"ngg_post_thumbnail":0,"footnotes":""},"class_list":["post-3399","page","type-page","status-publish","hentry"],"_links":{"self":[{"href":"https:\/\/inserts.org.uk\/index.php\/wp-json\/wp\/v2\/pages\/3399","targetHints":{"allow":["GET"]}}],"collection":[{"href":"https:\/\/inserts.org.uk\/index.php\/wp-json\/wp\/v2\/pages"}],"about":[{"href":"https:\/\/inserts.org.uk\/index.php\/wp-json\/wp\/v2\/types\/page"}],"author":[{"embeddable":true,"href":"https:\/\/inserts.org.uk\/index.php\/wp-json\/wp\/v2\/users\/1"}],"replies":[{"embeddable":true,"href":"https:\/\/inserts.org.uk\/index.php\/wp-json\/wp\/v2\/comments?post=3399"}],"version-history":[{"count":19,"href":"https:\/\/inserts.org.uk\/index.php\/wp-json\/wp\/v2\/pages\/3399\/revisions"}],"predecessor-version":[{"id":29982,"href":"https:\/\/inserts.org.uk\/index.php\/wp-json\/wp\/v2\/pages\/3399\/revisions\/29982"}],"up":[{"embeddable":true,"href":"https:\/\/inserts.org.uk\/index.php\/wp-json\/wp\/v2\/pages\/4027"}],"wp:attachment":[{"href":"https:\/\/inserts.org.uk\/index.php\/wp-json\/wp\/v2\/media?parent=3399"}],"curies":[{"name":"wp","href":"https:\/\/api.w.org\/{rel}","templated":true}]}}