{"id":3407,"date":"2017-11-05T15:31:21","date_gmt":"2017-11-05T15:31:21","guid":{"rendered":"http:\/\/inserts.org.uk\/?page_id=3407"},"modified":"2019-07-15T14:49:54","modified_gmt":"2019-07-15T14:49:54","slug":"serie-3-actrices","status":"publish","type":"page","link":"https:\/\/inserts.org.uk\/index.php\/es\/las-series\/serie-1-a-17-fototipias\/serie-3-actrices\/","title":{"rendered":"Serie 3 &#8211; Actrices"},"content":{"rendered":"<p>A continuaci\u00f3n aparecen las 75 Fototipias de la Serie 3. Esas cartulinas barnizadas miden 34 mm x 46 mm con esquinas redondas. El dorso est\u00e1 en blanco.<\/p>\n<p><em>Abajo se pueden ver las l\u00e1minas de la Serie 3 o clique <a href=\"http:\/\/inserts.org.uk\/index.php\/es\/albumes\/serie-1-a-16-laminas\/serie-3-laminas\/\"><strong>aqu\u00ed<\/strong><\/a>.&nbsp;<\/em><\/p>\nngg_shortcode_0_placeholder\n<p>A continuaci\u00f3n aparecen las ocho l\u00e1minas de la Serie 3.<\/p>\nngg_shortcode_1_placeholder\n","protected":false},"excerpt":{"rendered":"<p>A continuaci\u00f3n aparecen las 75 Fototipias de la Serie 3. Esas cartulinas barnizadas miden 34 mm x 46 mm con esquinas redondas. El dorso est\u00e1 en blanco. Abajo se pueden ver las l\u00e1minas de la Serie 3 o clique aqu\u00ed.&nbsp; A continuaci\u00f3n aparecen las ocho l\u00e1minas de la Serie 3. &#8221; order_by=&#8221;pid&#8221; order_direction=&#8221;ASC&#8221; returns=&#8221;included&#8221; maximum_entity_count=&#8221;10000&#8243;] <a href=\"https:\/\/inserts.org.uk\/index.php\/es\/las-series\/serie-1-a-17-fototipias\/serie-3-actrices\/\" class=\"more-link\">Read more<i class=\"icon-arrow-line-right\"><\/i><\/a><\/p>\n","protected":false},"author":1,"featured_media":0,"parent":4027,"menu_order":3,"comment_status":"closed","ping_status":"closed","template":"","meta":{"ngg_post_thumbnail":0,"footnotes":""},"class_list":["post-3407","page","type-page","status-publish","hentry"],"_links":{"self":[{"href":"https:\/\/inserts.org.uk\/index.php\/wp-json\/wp\/v2\/pages\/3407","targetHints":{"allow":["GET"]}}],"collection":[{"href":"https:\/\/inserts.org.uk\/index.php\/wp-json\/wp\/v2\/pages"}],"about":[{"href":"https:\/\/inserts.org.uk\/index.php\/wp-json\/wp\/v2\/types\/page"}],"author":[{"embeddable":true,"href":"https:\/\/inserts.org.uk\/index.php\/wp-json\/wp\/v2\/users\/1"}],"replies":[{"embeddable":true,"href":"https:\/\/inserts.org.uk\/index.php\/wp-json\/wp\/v2\/comments?post=3407"}],"version-history":[{"count":17,"href":"https:\/\/inserts.org.uk\/index.php\/wp-json\/wp\/v2\/pages\/3407\/revisions"}],"predecessor-version":[{"id":29990,"href":"https:\/\/inserts.org.uk\/index.php\/wp-json\/wp\/v2\/pages\/3407\/revisions\/29990"}],"up":[{"embeddable":true,"href":"https:\/\/inserts.org.uk\/index.php\/wp-json\/wp\/v2\/pages\/4027"}],"wp:attachment":[{"href":"https:\/\/inserts.org.uk\/index.php\/wp-json\/wp\/v2\/media?parent=3407"}],"curies":[{"name":"wp","href":"https:\/\/api.w.org\/{rel}","templated":true}]}}