{"id":3423,"date":"2017-11-05T15:39:54","date_gmt":"2017-11-05T15:39:54","guid":{"rendered":"http:\/\/inserts.org.uk\/?page_id=3423"},"modified":"2019-07-15T14:29:44","modified_gmt":"2019-07-15T14:29:44","slug":"serie-1-laminas","status":"publish","type":"page","link":"https:\/\/inserts.org.uk\/index.php\/es\/albumes\/serie-1-a-16-laminas\/serie-1-laminas\/","title":{"rendered":"Serie 1 l\u00e1minas"},"content":{"rendered":"<p>A continuaci\u00f3n aparecen las ocho l\u00e1minas de la Serie 1 &#8211; Actrices,&nbsp;<span lang=\"es\">que se imprimieron por primera vez en 1897 y luego se volvieron a imprimir en 1898.&nbsp;Estas l\u00e1minas miden 313 mm x 248 mm.<\/span><\/p>\n<p><em>Clique&nbsp;<strong><a href=\"http:\/\/inserts.org.uk\/index.php\/es\/las-series\/todos-los-series\/serie-1-actrices\/\">aqu\u00ed<\/a><\/strong> para ver todas las Fototipias de la Serie 1.<\/em><\/p>\nngg_shortcode_0_placeholder\n","protected":false},"excerpt":{"rendered":"<p>A continuaci\u00f3n aparecen las ocho l\u00e1minas de la Serie 1 &#8211; Actrices,&nbsp;que se imprimieron por primera vez en 1897 y luego se volvieron a imprimir en 1898.&nbsp;Estas l\u00e1minas miden 313 mm x 248 mm. Clique&nbsp;aqu\u00ed para ver todas las Fototipias de la Serie 1. &#8221; order_by=&#8221;pid&#8221; order_direction=&#8221;ASC&#8221; returns=&#8221;included&#8221; maximum_entity_count=&#8221;10000&#8243;] <a href=\"https:\/\/inserts.org.uk\/index.php\/es\/albumes\/serie-1-a-16-laminas\/serie-1-laminas\/\" class=\"more-link\">Read more<i class=\"icon-arrow-line-right\"><\/i><\/a><\/p>\n","protected":false},"author":1,"featured_media":0,"parent":4001,"menu_order":1,"comment_status":"closed","ping_status":"closed","template":"","meta":{"ngg_post_thumbnail":0,"footnotes":""},"class_list":["post-3423","page","type-page","status-publish","hentry"],"_links":{"self":[{"href":"https:\/\/inserts.org.uk\/index.php\/wp-json\/wp\/v2\/pages\/3423","targetHints":{"allow":["GET"]}}],"collection":[{"href":"https:\/\/inserts.org.uk\/index.php\/wp-json\/wp\/v2\/pages"}],"about":[{"href":"https:\/\/inserts.org.uk\/index.php\/wp-json\/wp\/v2\/types\/page"}],"author":[{"embeddable":true,"href":"https:\/\/inserts.org.uk\/index.php\/wp-json\/wp\/v2\/users\/1"}],"replies":[{"embeddable":true,"href":"https:\/\/inserts.org.uk\/index.php\/wp-json\/wp\/v2\/comments?post=3423"}],"version-history":[{"count":14,"href":"https:\/\/inserts.org.uk\/index.php\/wp-json\/wp\/v2\/pages\/3423\/revisions"}],"predecessor-version":[{"id":29908,"href":"https:\/\/inserts.org.uk\/index.php\/wp-json\/wp\/v2\/pages\/3423\/revisions\/29908"}],"up":[{"embeddable":true,"href":"https:\/\/inserts.org.uk\/index.php\/wp-json\/wp\/v2\/pages\/4001"}],"wp:attachment":[{"href":"https:\/\/inserts.org.uk\/index.php\/wp-json\/wp\/v2\/media?parent=3423"}],"curies":[{"name":"wp","href":"https:\/\/api.w.org\/{rel}","templated":true}]}}