{"id":3439,"date":"2017-11-05T15:44:18","date_gmt":"2017-11-05T15:44:18","guid":{"rendered":"http:\/\/inserts.org.uk\/?page_id=3439"},"modified":"2018-10-06T11:43:02","modified_gmt":"2018-10-06T11:43:02","slug":"serie-18-album","status":"publish","type":"page","link":"https:\/\/inserts.org.uk\/index.php\/es\/albumes\/serie-18-a-31-albumes\/serie-18-album\/","title":{"rendered":"Serie 18 \u00e1lbum"},"content":{"rendered":"<p>A continuaci\u00f3n aparecen todas las hojas del \u00e1lbum para coleccionistas de la Serie 18 &#8211; Grandes Guerreros.&nbsp;<span lang=\"es\">Estas hojas miden 328 mm x 230 mm.<\/span><\/p>\n<p><em>Clique&nbsp;<a href=\"http:\/\/inserts.org.uk\/index.php\/es\/las-series\/todos-los-series\/serie-18-grandes-guerreros\/\"><strong>aqu\u00ed<\/strong><\/a> para ver todas las Fototipias de la Serie 18.<\/em><\/p>\nngg_shortcode_0_placeholder\n","protected":false},"excerpt":{"rendered":"<p>A continuaci\u00f3n aparecen todas las hojas del \u00e1lbum para coleccionistas de la Serie 18 &#8211; Grandes Guerreros.&nbsp;Estas hojas miden 328 mm x 230 mm. Clique&nbsp;aqu\u00ed para ver todas las Fototipias de la Serie 18. &#8221; order_by=&#8221;pid&#8221; order_direction=&#8221;ASC&#8221; returns=&#8221;included&#8221; maximum_entity_count=&#8221;10000&#8243;] <a href=\"https:\/\/inserts.org.uk\/index.php\/es\/albumes\/serie-18-a-31-albumes\/serie-18-album\/\" class=\"more-link\">Read more<i class=\"icon-arrow-line-right\"><\/i><\/a><\/p>\n","protected":false},"author":1,"featured_media":0,"parent":4021,"menu_order":18,"comment_status":"closed","ping_status":"closed","template":"","meta":{"ngg_post_thumbnail":0,"footnotes":""},"class_list":["post-3439","page","type-page","status-publish","hentry"],"_links":{"self":[{"href":"https:\/\/inserts.org.uk\/index.php\/wp-json\/wp\/v2\/pages\/3439","targetHints":{"allow":["GET"]}}],"collection":[{"href":"https:\/\/inserts.org.uk\/index.php\/wp-json\/wp\/v2\/pages"}],"about":[{"href":"https:\/\/inserts.org.uk\/index.php\/wp-json\/wp\/v2\/types\/page"}],"author":[{"embeddable":true,"href":"https:\/\/inserts.org.uk\/index.php\/wp-json\/wp\/v2\/users\/1"}],"replies":[{"embeddable":true,"href":"https:\/\/inserts.org.uk\/index.php\/wp-json\/wp\/v2\/comments?post=3439"}],"version-history":[{"count":11,"href":"https:\/\/inserts.org.uk\/index.php\/wp-json\/wp\/v2\/pages\/3439\/revisions"}],"predecessor-version":[{"id":28739,"href":"https:\/\/inserts.org.uk\/index.php\/wp-json\/wp\/v2\/pages\/3439\/revisions\/28739"}],"up":[{"embeddable":true,"href":"https:\/\/inserts.org.uk\/index.php\/wp-json\/wp\/v2\/pages\/4021"}],"wp:attachment":[{"href":"https:\/\/inserts.org.uk\/index.php\/wp-json\/wp\/v2\/media?parent=3439"}],"curies":[{"name":"wp","href":"https:\/\/api.w.org\/{rel}","templated":true}]}}