{"id":4021,"date":"2017-11-12T20:46:20","date_gmt":"2017-11-12T20:46:20","guid":{"rendered":"http:\/\/inserts.org.uk\/?page_id=4021"},"modified":"2018-10-25T09:47:58","modified_gmt":"2018-10-25T09:47:58","slug":"serie-18-a-31-albumes","status":"publish","type":"page","link":"https:\/\/inserts.org.uk\/index.php\/es\/albumes\/serie-18-a-31-albumes\/","title":{"rendered":"Serie 18 a 31 \u00e1lbumes"},"content":{"rendered":"<p>Clicar una de las imagenes a continuaci\u00f3n para ver todas las hojas de los \u00e1lbumes para coleccionistas de cada Serie.<\/p>\nngg_shortcode_0_placeholder\n<p>&nbsp;<\/p>\n","protected":false},"excerpt":{"rendered":"<p>Clicar una de las imagenes a continuaci\u00f3n para ver todas las hojas de los \u00e1lbumes para coleccionistas de cada Serie. &nbsp; <a href=\"https:\/\/inserts.org.uk\/index.php\/es\/albumes\/serie-18-a-31-albumes\/\" class=\"more-link\">Read more<i class=\"icon-arrow-line-right\"><\/i><\/a><\/p>\n","protected":false},"author":1,"featured_media":0,"parent":3293,"menu_order":3,"comment_status":"closed","ping_status":"closed","template":"","meta":{"ngg_post_thumbnail":0,"footnotes":""},"class_list":["post-4021","page","type-page","status-publish","hentry"],"_links":{"self":[{"href":"https:\/\/inserts.org.uk\/index.php\/wp-json\/wp\/v2\/pages\/4021","targetHints":{"allow":["GET"]}}],"collection":[{"href":"https:\/\/inserts.org.uk\/index.php\/wp-json\/wp\/v2\/pages"}],"about":[{"href":"https:\/\/inserts.org.uk\/index.php\/wp-json\/wp\/v2\/types\/page"}],"author":[{"embeddable":true,"href":"https:\/\/inserts.org.uk\/index.php\/wp-json\/wp\/v2\/users\/1"}],"replies":[{"embeddable":true,"href":"https:\/\/inserts.org.uk\/index.php\/wp-json\/wp\/v2\/comments?post=4021"}],"version-history":[{"count":7,"href":"https:\/\/inserts.org.uk\/index.php\/wp-json\/wp\/v2\/pages\/4021\/revisions"}],"predecessor-version":[{"id":29407,"href":"https:\/\/inserts.org.uk\/index.php\/wp-json\/wp\/v2\/pages\/4021\/revisions\/29407"}],"up":[{"embeddable":true,"href":"https:\/\/inserts.org.uk\/index.php\/wp-json\/wp\/v2\/pages\/3293"}],"wp:attachment":[{"href":"https:\/\/inserts.org.uk\/index.php\/wp-json\/wp\/v2\/media?parent=4021"}],"curies":[{"name":"wp","href":"https:\/\/api.w.org\/{rel}","templated":true}]}}