{"id":4199,"date":"2017-11-15T16:13:05","date_gmt":"2017-11-15T16:13:05","guid":{"rendered":"http:\/\/inserts.org.uk\/?page_id=4199"},"modified":"2019-07-15T14:45:35","modified_gmt":"2019-07-15T14:45:35","slug":"serie-14-laminas","status":"publish","type":"page","link":"https:\/\/inserts.org.uk\/index.php\/es\/albumes\/serie-1-a-16-laminas\/serie-14-laminas\/","title":{"rendered":"Serie 14 l\u00e1minas"},"content":{"rendered":"<p>A continuaci\u00f3n aparecen las ocho l\u00e1minas de la Serie 14 &#8211; Toreros.&nbsp;Estas l\u00e1minas miden 318 mm x 248 mm.<\/p>\n<p><em>Clique&nbsp;<\/em><em><a href=\"http:\/\/inserts.org.uk\/index.php\/es\/los-series\/serie-1-a-17-fototipias\/serie-14-toreros\/\"><strong>aqu\u00ed<\/strong><\/a> para ver todas las Fototipias de la Serie 14.<\/em><\/p>\nngg_shortcode_0_placeholder\n","protected":false},"excerpt":{"rendered":"<p>A continuaci\u00f3n aparecen las ocho l\u00e1minas de la Serie 14 &#8211; Toreros.&nbsp;Estas l\u00e1minas miden 318 mm x 248 mm. Clique&nbsp;aqu\u00ed para ver todas las Fototipias de la Serie 14. &#8221; order_by=&#8221;pid&#8221; order_direction=&#8221;ASC&#8221; returns=&#8221;included&#8221; maximum_entity_count=&#8221;10000&#8243;] <a href=\"https:\/\/inserts.org.uk\/index.php\/es\/albumes\/serie-1-a-16-laminas\/serie-14-laminas\/\" class=\"more-link\">Read more<i class=\"icon-arrow-line-right\"><\/i><\/a><\/p>\n","protected":false},"author":1,"featured_media":0,"parent":4001,"menu_order":14,"comment_status":"closed","ping_status":"closed","template":"","meta":{"ngg_post_thumbnail":0,"footnotes":""},"class_list":["post-4199","page","type-page","status-publish","hentry"],"_links":{"self":[{"href":"https:\/\/inserts.org.uk\/index.php\/wp-json\/wp\/v2\/pages\/4199","targetHints":{"allow":["GET"]}}],"collection":[{"href":"https:\/\/inserts.org.uk\/index.php\/wp-json\/wp\/v2\/pages"}],"about":[{"href":"https:\/\/inserts.org.uk\/index.php\/wp-json\/wp\/v2\/types\/page"}],"author":[{"embeddable":true,"href":"https:\/\/inserts.org.uk\/index.php\/wp-json\/wp\/v2\/users\/1"}],"replies":[{"embeddable":true,"href":"https:\/\/inserts.org.uk\/index.php\/wp-json\/wp\/v2\/comments?post=4199"}],"version-history":[{"count":14,"href":"https:\/\/inserts.org.uk\/index.php\/wp-json\/wp\/v2\/pages\/4199\/revisions"}],"predecessor-version":[{"id":29966,"href":"https:\/\/inserts.org.uk\/index.php\/wp-json\/wp\/v2\/pages\/4199\/revisions\/29966"}],"up":[{"embeddable":true,"href":"https:\/\/inserts.org.uk\/index.php\/wp-json\/wp\/v2\/pages\/4001"}],"wp:attachment":[{"href":"https:\/\/inserts.org.uk\/index.php\/wp-json\/wp\/v2\/media?parent=4199"}],"curies":[{"name":"wp","href":"https:\/\/api.w.org\/{rel}","templated":true}]}}