{"id":7777,"date":"2017-12-21T14:30:03","date_gmt":"2017-12-21T14:30:03","guid":{"rendered":"http:\/\/inserts.org.uk\/?page_id=7777"},"modified":"2019-07-15T15:45:57","modified_gmt":"2019-07-15T15:45:57","slug":"serie-10-politicos","status":"publish","type":"page","link":"https:\/\/inserts.org.uk\/index.php\/es\/las-series\/serie-1-a-17-fototipias\/serie-10-politicos\/","title":{"rendered":"Serie 10 &#8211; Pol\u00edticos"},"content":{"rendered":"<p>A continuaci\u00f3n aparecen las 75 Fototipias de la Serie 10. Esas cartulinas delgadas miden 32 mm x 45 mm&nbsp;<span lang=\"es\">con esquinas cuadradas<\/span>. El dorso est\u00e1 en blanco.<\/p>\n<p><em>Abajo se pueden ver las l\u00e1minas de la Serie 10 o clique <a href=\"http:\/\/inserts.org.uk\/index.php\/es\/albumes\/serie-1-a-16-laminas\/serie-10-laminas\/\"><strong>aqu\u00ed<\/strong><\/a>. <\/em><\/p>\nngg_shortcode_0_placeholder\n<p>A continuaci\u00f3n aparecen las seis l\u00e1minas de la Serie 10.<\/p>\nngg_shortcode_1_placeholder\n<p>&nbsp;<\/p>\n","protected":false},"excerpt":{"rendered":"<p>A continuaci\u00f3n aparecen las 75 Fototipias de la Serie 10. Esas cartulinas delgadas miden 32 mm x 45 mm&nbsp;con esquinas cuadradas. El dorso est\u00e1 en blanco. Abajo se pueden ver las l\u00e1minas de la Serie 10 o clique aqu\u00ed. &#8221; order_by=&#8221;pid&#8221; order_direction=&#8221;ASC&#8221; returns=&#8221;included&#8221; maximum_entity_count=&#8221;10000&#8243;] A continuaci\u00f3n aparecen las seis l\u00e1minas de la Serie 10. &#8221; [&hellip;] <a href=\"https:\/\/inserts.org.uk\/index.php\/es\/las-series\/serie-1-a-17-fototipias\/serie-10-politicos\/\" class=\"more-link\">Read more<i class=\"icon-arrow-line-right\"><\/i><\/a><\/p>\n","protected":false},"author":1,"featured_media":0,"parent":4027,"menu_order":10,"comment_status":"closed","ping_status":"closed","template":"","meta":{"ngg_post_thumbnail":0,"footnotes":""},"class_list":["post-7777","page","type-page","status-publish","hentry"],"_links":{"self":[{"href":"https:\/\/inserts.org.uk\/index.php\/wp-json\/wp\/v2\/pages\/7777","targetHints":{"allow":["GET"]}}],"collection":[{"href":"https:\/\/inserts.org.uk\/index.php\/wp-json\/wp\/v2\/pages"}],"about":[{"href":"https:\/\/inserts.org.uk\/index.php\/wp-json\/wp\/v2\/types\/page"}],"author":[{"embeddable":true,"href":"https:\/\/inserts.org.uk\/index.php\/wp-json\/wp\/v2\/users\/1"}],"replies":[{"embeddable":true,"href":"https:\/\/inserts.org.uk\/index.php\/wp-json\/wp\/v2\/comments?post=7777"}],"version-history":[{"count":9,"href":"https:\/\/inserts.org.uk\/index.php\/wp-json\/wp\/v2\/pages\/7777\/revisions"}],"predecessor-version":[{"id":30014,"href":"https:\/\/inserts.org.uk\/index.php\/wp-json\/wp\/v2\/pages\/7777\/revisions\/30014"}],"up":[{"embeddable":true,"href":"https:\/\/inserts.org.uk\/index.php\/wp-json\/wp\/v2\/pages\/4027"}],"wp:attachment":[{"href":"https:\/\/inserts.org.uk\/index.php\/wp-json\/wp\/v2\/media?parent=7777"}],"curies":[{"name":"wp","href":"https:\/\/api.w.org\/{rel}","templated":true}]}}