{"id":8205,"date":"2017-12-29T17:19:14","date_gmt":"2017-12-29T17:19:14","guid":{"rendered":"http:\/\/inserts.org.uk\/?page_id=8205"},"modified":"2019-07-15T15:46:38","modified_gmt":"2019-07-15T15:46:38","slug":"serie-11-realeza","status":"publish","type":"page","link":"https:\/\/inserts.org.uk\/index.php\/es\/las-series\/serie-1-a-17-fototipias\/serie-11-realeza\/","title":{"rendered":"Serie 11 &#8211; Realeza"},"content":{"rendered":"<p>A continuaci\u00f3n aparecen las 75 Fototipias de la Serie 11.&nbsp;Esas cartulinas miden 34 mm x 46 mm con esquinas redondas. El dorso est\u00e1 en blanco.<\/p>\n<p><em>Abajo se pueden ver las l\u00e1minas de la Serie 11 o clique <a href=\"http:\/\/inserts.org.uk\/index.php\/es\/albumes\/serie-1-a-16-laminas\/serie-11-laminas\/\"><strong>aqu\u00ed<\/strong><\/a>.<\/em><\/p>\nngg_shortcode_0_placeholder\n<p>A continuaci\u00f3n aparecen las seis l\u00e1minas de la Serie 11.<\/p>\nngg_shortcode_1_placeholder\n<p>&nbsp;<\/p>\n","protected":false},"excerpt":{"rendered":"<p>A continuaci\u00f3n aparecen las 75 Fototipias de la Serie 11.&nbsp;Esas cartulinas miden 34 mm x 46 mm con esquinas redondas. El dorso est\u00e1 en blanco. Abajo se pueden ver las l\u00e1minas de la Serie 11 o clique aqu\u00ed. &#8221; order_by=&#8221;sortorder&#8221; order_direction=&#8221;ASC&#8221; returns=&#8221;included&#8221; maximum_entity_count=&#8221;10000&#8243;] A continuaci\u00f3n aparecen las seis l\u00e1minas de la Serie 11. &#8221; order_by=&#8221;pid&#8221; [&hellip;] <a href=\"https:\/\/inserts.org.uk\/index.php\/es\/las-series\/serie-1-a-17-fototipias\/serie-11-realeza\/\" class=\"more-link\">Read more<i class=\"icon-arrow-line-right\"><\/i><\/a><\/p>\n","protected":false},"author":1,"featured_media":0,"parent":4027,"menu_order":11,"comment_status":"closed","ping_status":"closed","template":"","meta":{"ngg_post_thumbnail":0,"footnotes":""},"class_list":["post-8205","page","type-page","status-publish","hentry"],"_links":{"self":[{"href":"https:\/\/inserts.org.uk\/index.php\/wp-json\/wp\/v2\/pages\/8205","targetHints":{"allow":["GET"]}}],"collection":[{"href":"https:\/\/inserts.org.uk\/index.php\/wp-json\/wp\/v2\/pages"}],"about":[{"href":"https:\/\/inserts.org.uk\/index.php\/wp-json\/wp\/v2\/types\/page"}],"author":[{"embeddable":true,"href":"https:\/\/inserts.org.uk\/index.php\/wp-json\/wp\/v2\/users\/1"}],"replies":[{"embeddable":true,"href":"https:\/\/inserts.org.uk\/index.php\/wp-json\/wp\/v2\/comments?post=8205"}],"version-history":[{"count":13,"href":"https:\/\/inserts.org.uk\/index.php\/wp-json\/wp\/v2\/pages\/8205\/revisions"}],"predecessor-version":[{"id":30020,"href":"https:\/\/inserts.org.uk\/index.php\/wp-json\/wp\/v2\/pages\/8205\/revisions\/30020"}],"up":[{"embeddable":true,"href":"https:\/\/inserts.org.uk\/index.php\/wp-json\/wp\/v2\/pages\/4027"}],"wp:attachment":[{"href":"https:\/\/inserts.org.uk\/index.php\/wp-json\/wp\/v2\/media?parent=8205"}],"curies":[{"name":"wp","href":"https:\/\/api.w.org\/{rel}","templated":true}]}}