{"id":9449,"date":"2018-01-15T12:08:28","date_gmt":"2018-01-15T12:08:28","guid":{"rendered":"http:\/\/inserts.org.uk\/?page_id=9449"},"modified":"2019-07-15T14:38:07","modified_gmt":"2019-07-15T14:38:07","slug":"serie-6-laminas","status":"publish","type":"page","link":"https:\/\/inserts.org.uk\/index.php\/es\/albumes\/serie-1-a-16-laminas\/serie-6-laminas\/","title":{"rendered":"Serie 6 l\u00e1minas"},"content":{"rendered":"<p>A continuaci\u00f3n aparecen las ocho l\u00e1minas de la Serie 6 \u2013 Actrices.&nbsp;Estas l\u00e1minas miden 321 mm x 262 mm.<br \/>\n<em>Clique&nbsp;<a href=\"http:\/\/inserts.org.uk\/index.php\/es\/las-series\/serie-1-a-17-fototipias\/serie-6-actrices\/\"><strong>aqu\u00ed<\/strong><\/a>&nbsp;para ver todas las Fototipias de la Serie 6.<\/em><\/p>\nngg_shortcode_0_placeholder\n<p>Tambi\u00e9n existen unos variantes de estas l\u00e1minas, illustradas en la tabla a continuaci\u00f3n. Es probable que&nbsp;se imprimieron las l\u00e1minas de la Serie 6 por primera vez en 1897 y luego se volvieron a imprimir en 1898 creando estos variantes.<\/p>\n<div id='wpt-table-1776366661642' class=''><\/div><script type='text\/javascript'>(function() {function createTable() {if (window.wpt) {window.wpt.createTable({\"_id_div\":\"wpt-table-1776366661642\",\"_ctrl_url\":\"https:\\\/\\\/inserts.org.uk\\\/wp-admin\\\/admin-ajax.php?action=wpt_load_data&amp;table=27361&amp;_wpnonce=cb6552712e\",\"width\":\"100%\",\"height\":null,\"sorting\":false,\"selecting\":true,\"heading\":true,\"paging\":false,\"pageSize\":\"20\",\"autoload\":true,\"fields\":[{\"name\":\"f0\",\"title\":\"L\\u00e1mina\",\"type\":\"text\",\"visible\":true,\"width\":\"15\",\"align\":\"center\",\"format\":\"\",\"currency_symbol\":\"\"},{\"name\":\"f1\",\"title\":\"L\\u00e1mina original\",\"type\":\"text\",\"visible\":true,\"width\":\"80\",\"align\":\"center\",\"format\":\"\",\"currency_symbol\":\"\"},{\"name\":\"f2\",\"title\":\"L\\u00e1mina variante\",\"type\":\"text\",\"visible\":true,\"width\":\"80\",\"align\":\"center\",\"format\":\"\",\"currency_symbol\":\"\"},{\"name\":\"f3\",\"title\":\"Descripci\\u00f3n\",\"type\":\"text\",\"visible\":true,\"width\":\"50\",\"align\":\"center\",\"format\":\"\",\"currency_symbol\":\"\"}]});} else {setTimeout(createTable, 100);}}createTable();})();<\/script>\n","protected":false},"excerpt":{"rendered":"<p>A continuaci\u00f3n aparecen las ocho l\u00e1minas de la Serie 6 \u2013 Actrices.&nbsp;Estas l\u00e1minas miden 321 mm x 262 mm. Clique&nbsp;aqu\u00ed&nbsp;para ver todas las Fototipias de la Serie 6. &#8221; order_by=&#8221;sortorder&#8221; order_direction=&#8221;ASC&#8221; returns=&#8221;included&#8221; maximum_entity_count=&#8221;10000&#8243;] Tambi\u00e9n existen unos variantes de estas l\u00e1minas, illustradas en la tabla a continuaci\u00f3n. Es probable que&nbsp;se imprimieron las l\u00e1minas de la Serie [&hellip;] <a href=\"https:\/\/inserts.org.uk\/index.php\/es\/albumes\/serie-1-a-16-laminas\/serie-6-laminas\/\" class=\"more-link\">Read more<i class=\"icon-arrow-line-right\"><\/i><\/a><\/p>\n","protected":false},"author":1,"featured_media":0,"parent":4001,"menu_order":6,"comment_status":"closed","ping_status":"closed","template":"","meta":{"ngg_post_thumbnail":0,"footnotes":""},"class_list":["post-9449","page","type-page","status-publish","hentry"],"_links":{"self":[{"href":"https:\/\/inserts.org.uk\/index.php\/wp-json\/wp\/v2\/pages\/9449","targetHints":{"allow":["GET"]}}],"collection":[{"href":"https:\/\/inserts.org.uk\/index.php\/wp-json\/wp\/v2\/pages"}],"about":[{"href":"https:\/\/inserts.org.uk\/index.php\/wp-json\/wp\/v2\/types\/page"}],"author":[{"embeddable":true,"href":"https:\/\/inserts.org.uk\/index.php\/wp-json\/wp\/v2\/users\/1"}],"replies":[{"embeddable":true,"href":"https:\/\/inserts.org.uk\/index.php\/wp-json\/wp\/v2\/comments?post=9449"}],"version-history":[{"count":8,"href":"https:\/\/inserts.org.uk\/index.php\/wp-json\/wp\/v2\/pages\/9449\/revisions"}],"predecessor-version":[{"id":29930,"href":"https:\/\/inserts.org.uk\/index.php\/wp-json\/wp\/v2\/pages\/9449\/revisions\/29930"}],"up":[{"embeddable":true,"href":"https:\/\/inserts.org.uk\/index.php\/wp-json\/wp\/v2\/pages\/4001"}],"wp:attachment":[{"href":"https:\/\/inserts.org.uk\/index.php\/wp-json\/wp\/v2\/media?parent=9449"}],"curies":[{"name":"wp","href":"https:\/\/api.w.org\/{rel}","templated":true}]}}