{"id":9631,"date":"2018-01-15T21:10:07","date_gmt":"2018-01-15T21:10:07","guid":{"rendered":"http:\/\/inserts.org.uk\/?page_id=9631"},"modified":"2019-07-15T14:40:48","modified_gmt":"2019-07-15T14:40:48","slug":"serie-9-laminas","status":"publish","type":"page","link":"https:\/\/inserts.org.uk\/index.php\/es\/albumes\/serie-1-a-16-laminas\/serie-9-laminas\/","title":{"rendered":"Serie 9 l\u00e1minas"},"content":{"rendered":"<p>A continuaci\u00f3n aparecen las ocho l\u00e1minas de la Serie 9 \u2013 Realeza.&nbsp;Estas l\u00e1minas miden 323 mm x 257 mm.<br \/>\n<em>Clique&nbsp;<a href=\"http:\/\/inserts.org.uk\/index.php\/es\/las-series\/serie-1-a-17-fototipias\/serie-9-realeza\/\"><strong>aqu\u00ed<\/strong><\/a>&nbsp;para ver todas las Fototipias de la Serie 9.<\/em><\/p>\nngg_shortcode_0_placeholder\n<p>&nbsp;<\/p>\n","protected":false},"excerpt":{"rendered":"<p>A continuaci\u00f3n aparecen las ocho l\u00e1minas de la Serie 9 \u2013 Realeza.&nbsp;Estas l\u00e1minas miden 323 mm x 257 mm. Clique&nbsp;aqu\u00ed&nbsp;para ver todas las Fototipias de la Serie 9. &#8221; order_by=&#8221;sortorder&#8221; order_direction=&#8221;ASC&#8221; returns=&#8221;included&#8221; maximum_entity_count=&#8221;10000&#8243;] &nbsp; <a href=\"https:\/\/inserts.org.uk\/index.php\/es\/albumes\/serie-1-a-16-laminas\/serie-9-laminas\/\" class=\"more-link\">Read more<i class=\"icon-arrow-line-right\"><\/i><\/a><\/p>\n","protected":false},"author":1,"featured_media":0,"parent":4001,"menu_order":9,"comment_status":"closed","ping_status":"closed","template":"","meta":{"ngg_post_thumbnail":0,"footnotes":""},"class_list":["post-9631","page","type-page","status-publish","hentry"],"_links":{"self":[{"href":"https:\/\/inserts.org.uk\/index.php\/wp-json\/wp\/v2\/pages\/9631","targetHints":{"allow":["GET"]}}],"collection":[{"href":"https:\/\/inserts.org.uk\/index.php\/wp-json\/wp\/v2\/pages"}],"about":[{"href":"https:\/\/inserts.org.uk\/index.php\/wp-json\/wp\/v2\/types\/page"}],"author":[{"embeddable":true,"href":"https:\/\/inserts.org.uk\/index.php\/wp-json\/wp\/v2\/users\/1"}],"replies":[{"embeddable":true,"href":"https:\/\/inserts.org.uk\/index.php\/wp-json\/wp\/v2\/comments?post=9631"}],"version-history":[{"count":7,"href":"https:\/\/inserts.org.uk\/index.php\/wp-json\/wp\/v2\/pages\/9631\/revisions"}],"predecessor-version":[{"id":29942,"href":"https:\/\/inserts.org.uk\/index.php\/wp-json\/wp\/v2\/pages\/9631\/revisions\/29942"}],"up":[{"embeddable":true,"href":"https:\/\/inserts.org.uk\/index.php\/wp-json\/wp\/v2\/pages\/4001"}],"wp:attachment":[{"href":"https:\/\/inserts.org.uk\/index.php\/wp-json\/wp\/v2\/media?parent=9631"}],"curies":[{"name":"wp","href":"https:\/\/api.w.org\/{rel}","templated":true}]}}