{"id":9667,"date":"2018-01-15T21:34:07","date_gmt":"2018-01-15T21:34:07","guid":{"rendered":"http:\/\/inserts.org.uk\/?page_id=9667"},"modified":"2019-07-15T14:42:09","modified_gmt":"2019-07-15T14:42:09","slug":"serie-10-laminas","status":"publish","type":"page","link":"https:\/\/inserts.org.uk\/index.php\/es\/albumes\/serie-1-a-16-laminas\/serie-10-laminas\/","title":{"rendered":"Serie 10 l\u00e1minas"},"content":{"rendered":"<p>A continuaci\u00f3n aparecen las seis l\u00e1minas de la Serie 10 \u2013 Pol\u00cdticos.&nbsp;<span lang=\"es\">Estas l\u00e1minas miden 290 mm x 234 mm.<\/span><\/p>\n<p><em>Clique&nbsp;<a href=\"http:\/\/inserts.org.uk\/index.php\/es\/las-series\/serie-1-a-17-fototipias\/serie-10-politicos\/\"><strong>aqu\u00ed<\/strong><\/a>&nbsp;para ver todas las Fototipias de la Serie 10.<\/em><\/p>\nngg_shortcode_0_placeholder\n<p>&nbsp;<\/p>\n","protected":false},"excerpt":{"rendered":"<p>A continuaci\u00f3n aparecen las seis l\u00e1minas de la Serie 10 \u2013 Pol\u00cdticos.&nbsp;Estas l\u00e1minas miden 290 mm x 234 mm. Clique&nbsp;aqu\u00ed&nbsp;para ver todas las Fototipias de la Serie 10. &#8221; order_by=&#8221;sortorder&#8221; order_direction=&#8221;ASC&#8221; returns=&#8221;included&#8221; maximum_entity_count=&#8221;10000&#8243;] &nbsp; <a href=\"https:\/\/inserts.org.uk\/index.php\/es\/albumes\/serie-1-a-16-laminas\/serie-10-laminas\/\" class=\"more-link\">Read more<i class=\"icon-arrow-line-right\"><\/i><\/a><\/p>\n","protected":false},"author":1,"featured_media":0,"parent":4001,"menu_order":10,"comment_status":"closed","ping_status":"closed","template":"","meta":{"ngg_post_thumbnail":0,"footnotes":""},"class_list":["post-9667","page","type-page","status-publish","hentry"],"_links":{"self":[{"href":"https:\/\/inserts.org.uk\/index.php\/wp-json\/wp\/v2\/pages\/9667","targetHints":{"allow":["GET"]}}],"collection":[{"href":"https:\/\/inserts.org.uk\/index.php\/wp-json\/wp\/v2\/pages"}],"about":[{"href":"https:\/\/inserts.org.uk\/index.php\/wp-json\/wp\/v2\/types\/page"}],"author":[{"embeddable":true,"href":"https:\/\/inserts.org.uk\/index.php\/wp-json\/wp\/v2\/users\/1"}],"replies":[{"embeddable":true,"href":"https:\/\/inserts.org.uk\/index.php\/wp-json\/wp\/v2\/comments?post=9667"}],"version-history":[{"count":7,"href":"https:\/\/inserts.org.uk\/index.php\/wp-json\/wp\/v2\/pages\/9667\/revisions"}],"predecessor-version":[{"id":29946,"href":"https:\/\/inserts.org.uk\/index.php\/wp-json\/wp\/v2\/pages\/9667\/revisions\/29946"}],"up":[{"embeddable":true,"href":"https:\/\/inserts.org.uk\/index.php\/wp-json\/wp\/v2\/pages\/4001"}],"wp:attachment":[{"href":"https:\/\/inserts.org.uk\/index.php\/wp-json\/wp\/v2\/media?parent=9667"}],"curies":[{"name":"wp","href":"https:\/\/api.w.org\/{rel}","templated":true}]}}