{"id":9763,"date":"2018-01-16T13:50:10","date_gmt":"2018-01-16T13:50:10","guid":{"rendered":"http:\/\/inserts.org.uk\/?page_id=9763"},"modified":"2019-07-15T15:47:23","modified_gmt":"2019-07-15T15:47:23","slug":"serie-12-toreros","status":"publish","type":"page","link":"https:\/\/inserts.org.uk\/index.php\/es\/las-series\/serie-1-a-17-fototipias\/serie-12-toreros\/","title":{"rendered":"Serie 12 &#8211; Toreros"},"content":{"rendered":"<p>A continuaci\u00f3n aparecen las 75 Fototipias de la Serie 12.&nbsp;Esas cartulinas miden 33 mm x 44 mm con esquinas cuadradas y tambi\u00e9n redondas. El dorso est\u00e1 en blanco. Esta Serie tiene una&nbsp;<a href=\"http:\/\/inserts.org.uk\/index.php\/es\/las-series\/las-series-explicadas\/variantes\/serie-12-variantes\/\"><strong>var<\/strong><strong>i<\/strong><strong>ante<\/strong><\/a>&nbsp;mayor, y es la primera Serie impresa en color.<\/p>\n<p><em>Abajo se pueden ver las l\u00e1minas de la Serie 12 o clique <a href=\"http:\/\/inserts.org.uk\/index.php\/es\/albumes\/serie-1-a-16-laminas\/serie-12-laminas\/\"><strong>aqu\u00ed<\/strong><\/a>.<\/em><\/p>\nngg_shortcode_0_placeholder\n<p>A continuaci\u00f3n aparecen las ocho l\u00e1minas de la Serie 12.<\/p>\nngg_shortcode_1_placeholder\n","protected":false},"excerpt":{"rendered":"<p>A continuaci\u00f3n aparecen las 75 Fototipias de la Serie 12.&nbsp;Esas cartulinas miden 33 mm x 44 mm con esquinas cuadradas y tambi\u00e9n redondas. El dorso est\u00e1 en blanco. Esta Serie tiene una&nbsp;variante&nbsp;mayor, y es la primera Serie impresa en color. Abajo se pueden ver las l\u00e1minas de la Serie 12 o clique aqu\u00ed. &#8221; order_by=&#8221;sortorder&#8221; [&hellip;] <a href=\"https:\/\/inserts.org.uk\/index.php\/es\/las-series\/serie-1-a-17-fototipias\/serie-12-toreros\/\" class=\"more-link\">Read more<i class=\"icon-arrow-line-right\"><\/i><\/a><\/p>\n","protected":false},"author":1,"featured_media":0,"parent":4027,"menu_order":12,"comment_status":"closed","ping_status":"closed","template":"","meta":{"ngg_post_thumbnail":0,"footnotes":""},"class_list":["post-9763","page","type-page","status-publish","hentry"],"_links":{"self":[{"href":"https:\/\/inserts.org.uk\/index.php\/wp-json\/wp\/v2\/pages\/9763","targetHints":{"allow":["GET"]}}],"collection":[{"href":"https:\/\/inserts.org.uk\/index.php\/wp-json\/wp\/v2\/pages"}],"about":[{"href":"https:\/\/inserts.org.uk\/index.php\/wp-json\/wp\/v2\/types\/page"}],"author":[{"embeddable":true,"href":"https:\/\/inserts.org.uk\/index.php\/wp-json\/wp\/v2\/users\/1"}],"replies":[{"embeddable":true,"href":"https:\/\/inserts.org.uk\/index.php\/wp-json\/wp\/v2\/comments?post=9763"}],"version-history":[{"count":14,"href":"https:\/\/inserts.org.uk\/index.php\/wp-json\/wp\/v2\/pages\/9763\/revisions"}],"predecessor-version":[{"id":30024,"href":"https:\/\/inserts.org.uk\/index.php\/wp-json\/wp\/v2\/pages\/9763\/revisions\/30024"}],"up":[{"embeddable":true,"href":"https:\/\/inserts.org.uk\/index.php\/wp-json\/wp\/v2\/pages\/4027"}],"wp:attachment":[{"href":"https:\/\/inserts.org.uk\/index.php\/wp-json\/wp\/v2\/media?parent=9763"}],"curies":[{"name":"wp","href":"https:\/\/api.w.org\/{rel}","templated":true}]}}