{"id":9767,"date":"2018-01-16T13:51:50","date_gmt":"2018-01-16T13:51:50","guid":{"rendered":"http:\/\/inserts.org.uk\/?page_id=9767"},"modified":"2019-07-15T14:47:33","modified_gmt":"2019-07-15T14:47:33","slug":"serie-16-toreros","status":"publish","type":"page","link":"https:\/\/inserts.org.uk\/index.php\/es\/las-series\/serie-1-a-17-fototipias\/serie-16-toreros\/","title":{"rendered":"Serie 16 &#8211; Toreros"},"content":{"rendered":"<p>A continuaci\u00f3n aparecen las 75 Fototipias de la Serie 16.&nbsp;Esas cartulinas barnizadas miden 33 mm x 44 mm con esquinas cuadradas y tambi\u00e9n redondas. El dorso est\u00e1 en blanco.&nbsp;<\/p>\n<p><em>Abajo se pueden ver las l\u00e1minas de la Serie 16 o clique <a href=\"http:\/\/inserts.org.uk\/index.php\/es\/albumes\/serie-1-a-16-laminas\/serie-16-laminas\/\"><strong>aqu\u00ed<\/strong><\/a>.<\/em><\/p>\nngg_shortcode_0_placeholder\n<p>A continuaci\u00f3n aparecen las ocho l\u00e1minas de la Serie 16.<\/p>\nngg_shortcode_1_placeholder\n<p>&nbsp;<\/p>\n","protected":false},"excerpt":{"rendered":"<p>A continuaci\u00f3n aparecen las 75 Fototipias de la Serie 16.&nbsp;Esas cartulinas barnizadas miden 33 mm x 44 mm con esquinas cuadradas y tambi\u00e9n redondas. El dorso est\u00e1 en blanco.&nbsp; Abajo se pueden ver las l\u00e1minas de la Serie 16 o clique aqu\u00ed. &#8221; order_by=&#8221;sortorder&#8221; order_direction=&#8221;ASC&#8221; returns=&#8221;included&#8221; maximum_entity_count=&#8221;10000&#8243;] A continuaci\u00f3n aparecen las ocho l\u00e1minas de la [&hellip;] <a href=\"https:\/\/inserts.org.uk\/index.php\/es\/las-series\/serie-1-a-17-fototipias\/serie-16-toreros\/\" class=\"more-link\">Read more<i class=\"icon-arrow-line-right\"><\/i><\/a><\/p>\n","protected":false},"author":1,"featured_media":0,"parent":4027,"menu_order":16,"comment_status":"closed","ping_status":"closed","template":"","meta":{"ngg_post_thumbnail":0,"footnotes":""},"class_list":["post-9767","page","type-page","status-publish","hentry"],"_links":{"self":[{"href":"https:\/\/inserts.org.uk\/index.php\/wp-json\/wp\/v2\/pages\/9767","targetHints":{"allow":["GET"]}}],"collection":[{"href":"https:\/\/inserts.org.uk\/index.php\/wp-json\/wp\/v2\/pages"}],"about":[{"href":"https:\/\/inserts.org.uk\/index.php\/wp-json\/wp\/v2\/types\/page"}],"author":[{"embeddable":true,"href":"https:\/\/inserts.org.uk\/index.php\/wp-json\/wp\/v2\/users\/1"}],"replies":[{"embeddable":true,"href":"https:\/\/inserts.org.uk\/index.php\/wp-json\/wp\/v2\/comments?post=9767"}],"version-history":[{"count":11,"href":"https:\/\/inserts.org.uk\/index.php\/wp-json\/wp\/v2\/pages\/9767\/revisions"}],"predecessor-version":[{"id":29976,"href":"https:\/\/inserts.org.uk\/index.php\/wp-json\/wp\/v2\/pages\/9767\/revisions\/29976"}],"up":[{"embeddable":true,"href":"https:\/\/inserts.org.uk\/index.php\/wp-json\/wp\/v2\/pages\/4027"}],"wp:attachment":[{"href":"https:\/\/inserts.org.uk\/index.php\/wp-json\/wp\/v2\/media?parent=9767"}],"curies":[{"name":"wp","href":"https:\/\/api.w.org\/{rel}","templated":true}]}}