{"id":9857,"date":"2018-01-16T16:42:18","date_gmt":"2018-01-16T16:42:18","guid":{"rendered":"http:\/\/inserts.org.uk\/?page_id=9857"},"modified":"2018-10-25T19:11:44","modified_gmt":"2018-10-25T19:11:44","slug":"albumes-no-oficiales","status":"publish","type":"page","link":"https:\/\/inserts.org.uk\/index.php\/es\/albumes\/los-albumes-explicados\/albumes-no-oficiales\/","title":{"rendered":"\u00c1lbumes no oficiales"},"content":{"rendered":"<p id=\"tw-target-text\" class=\"tw-data-text tw-ta tw-text-small\" dir=\"ltr\" data-placeholder=\"Translation\"><span lang=\"es\">Encima da de las hojas y \u00e1lbumes para coleccionistas que fueron producidos por el <a href=\"http:\/\/inserts.org.uk\/index.php\/es\/gremio-de-fabricantes-de-fosforos-de-espana-2\/\">Gremio<\/a>, tambi\u00e9n estaban disponibles unas cuantas \u00e1lbumes y carpetas &#8216;no oficiales&#8217; para los coleccionistas. Ocho de estos se ilustran a continuaci\u00f3n.<\/span><\/p>\nngg_shortcode_0_placeholder\n","protected":false},"excerpt":{"rendered":"<p>Encima da de las hojas y \u00e1lbumes para coleccionistas que fueron producidos por el Gremio, tambi\u00e9n estaban disponibles unas cuantas \u00e1lbumes y carpetas &#8216;no oficiales&#8217; para los coleccionistas. Ocho de estos se ilustran a continuaci\u00f3n. &#8221; order_by=&#8221;sortorder&#8221; order_direction=&#8221;ASC&#8221; returns=&#8221;included&#8221; maximum_entity_count=&#8221;10000&#8243;] <a href=\"https:\/\/inserts.org.uk\/index.php\/es\/albumes\/los-albumes-explicados\/albumes-no-oficiales\/\" class=\"more-link\">Read more<i class=\"icon-arrow-line-right\"><\/i><\/a><\/p>\n","protected":false},"author":1,"featured_media":0,"parent":10347,"menu_order":4,"comment_status":"closed","ping_status":"closed","template":"","meta":{"ngg_post_thumbnail":0,"footnotes":""},"class_list":["post-9857","page","type-page","status-publish","hentry"],"_links":{"self":[{"href":"https:\/\/inserts.org.uk\/index.php\/wp-json\/wp\/v2\/pages\/9857","targetHints":{"allow":["GET"]}}],"collection":[{"href":"https:\/\/inserts.org.uk\/index.php\/wp-json\/wp\/v2\/pages"}],"about":[{"href":"https:\/\/inserts.org.uk\/index.php\/wp-json\/wp\/v2\/types\/page"}],"author":[{"embeddable":true,"href":"https:\/\/inserts.org.uk\/index.php\/wp-json\/wp\/v2\/users\/1"}],"replies":[{"embeddable":true,"href":"https:\/\/inserts.org.uk\/index.php\/wp-json\/wp\/v2\/comments?post=9857"}],"version-history":[{"count":8,"href":"https:\/\/inserts.org.uk\/index.php\/wp-json\/wp\/v2\/pages\/9857\/revisions"}],"predecessor-version":[{"id":29693,"href":"https:\/\/inserts.org.uk\/index.php\/wp-json\/wp\/v2\/pages\/9857\/revisions\/29693"}],"up":[{"embeddable":true,"href":"https:\/\/inserts.org.uk\/index.php\/wp-json\/wp\/v2\/pages\/10347"}],"wp:attachment":[{"href":"https:\/\/inserts.org.uk\/index.php\/wp-json\/wp\/v2\/media?parent=9857"}],"curies":[{"name":"wp","href":"https:\/\/api.w.org\/{rel}","templated":true}]}}